{"id":1579,"date":"2025-08-16T21:47:48","date_gmt":"2025-08-16T20:47:48","guid":{"rendered":"https:\/\/avs.fr\/contacto\/"},"modified":"2025-10-10T10:05:41","modified_gmt":"2025-10-10T09:05:41","slug":"contacto","status":"publish","type":"page","link":"https:\/\/avs.fr\/es\/contacto\/","title":{"rendered":"Contacto"},"content":{"rendered":"\t\t<div data-elementor-type=\"wp-page\" data-elementor-id=\"1579\" class=\"elementor elementor-1579 elementor-675\" data-elementor-post-type=\"page\">\n\t\t\t\t<div class=\"elementor-element elementor-element-8c214e6 e-flex e-con-boxed e-con e-parent\" data-id=\"8c214e6\" data-element_type=\"container\" data-settings=\"{&quot;background_background&quot;:&quot;gradient&quot;,&quot;shape_divider_bottom&quot;:&quot;opacity-fan&quot;}\">\n\t\t\t\t\t<div class=\"e-con-inner\">\n\t\t\t\t<div class=\"elementor-shape elementor-shape-bottom\" aria-hidden=\"true\" data-negative=\"false\">\n\t\t\t<svg xmlns=\"http:\/\/www.w3.org\/2000\/svg\" viewBox=\"0 0 283.5 19.6\" preserveAspectRatio=\"none\">\n\t<path class=\"elementor-shape-fill\" style=\"opacity:0.33\" d=\"M0 0L0 18.8 141.8 4.1 283.5 18.8 283.5 0z\"\/>\n\t<path class=\"elementor-shape-fill\" style=\"opacity:0.33\" d=\"M0 0L0 12.6 141.8 4 283.5 12.6 283.5 0z\"\/>\n\t<path class=\"elementor-shape-fill\" style=\"opacity:0.33\" d=\"M0 0L0 6.4 141.8 4 283.5 6.4 283.5 0z\"\/>\n\t<path class=\"elementor-shape-fill\" d=\"M0 0L0 1.2 141.8 4 283.5 1.2 283.5 0z\"\/>\n<\/svg>\t\t<\/div>\n\t\t\t\t<div class=\"elementor-element elementor-element-4e6f0b2 elementor-widget elementor-widget-heading\" data-id=\"4e6f0b2\" data-element_type=\"widget\" data-widget_type=\"heading.default\">\n\t\t\t\t\t<h2 class=\"elementor-heading-title elementor-size-default\">Cont\u00e1ctenos<\/h2>\t\t\t\t<\/div>\n\t\t\t\t\t<\/div>\n\t\t\t\t<\/div>\n\t\t<div class=\"elementor-element elementor-element-a20df65 e-flex e-con-boxed e-con e-parent\" data-id=\"a20df65\" data-element_type=\"container\">\n\t\t\t\t\t<div class=\"e-con-inner\">\n\t\t<div class=\"elementor-element elementor-element-a33cefb e-con-full e-flex e-con e-child\" data-id=\"a33cefb\" data-element_type=\"container\">\n\t\t\t\t<div class=\"elementor-element elementor-element-edbf842 elementor-widget__width-initial elementor-widget elementor-widget-image\" data-id=\"edbf842\" data-element_type=\"widget\" data-widget_type=\"image.default\">\n\t\t\t\t\t\t\t\t\t\t\t\t\t\t\t<img fetchpriority=\"high\" decoding=\"async\" width=\"317\" height=\"306\" src=\"https:\/\/avs.fr\/wp-content\/uploads\/2025\/08\/favicon.png\" class=\"attachment-large size-large wp-image-747\" alt=\"\" srcset=\"https:\/\/avs.fr\/wp-content\/uploads\/2025\/08\/favicon.png 317w, https:\/\/avs.fr\/wp-content\/uploads\/2025\/08\/favicon-300x290.png 300w\" sizes=\"(max-width: 317px) 100vw, 317px\" \/>\t\t\t\t\t\t\t\t\t\t\t\t\t\t\t<\/div>\n\t\t\t\t<div class=\"elementor-element elementor-element-c85638e elementor-widget elementor-widget-heading\" data-id=\"c85638e\" data-element_type=\"widget\" data-widget_type=\"heading.default\">\n\t\t\t\t\t<h2 class=\"elementor-heading-title elementor-size-default\">A SU SERVICIO<\/h2>\t\t\t\t<\/div>\n\t\t<div class=\"elementor-element elementor-element-2a89a16 e-con-full e-flex e-con e-child\" data-id=\"2a89a16\" data-element_type=\"container\">\n\t\t\t\t<div class=\"elementor-element elementor-element-1f3a84e elementor-widget elementor-widget-button\" data-id=\"1f3a84e\" data-element_type=\"widget\" data-widget_type=\"button.default\">\n\t\t\t\t\t\t\t\t\t\t<a class=\"elementor-button elementor-button-link elementor-size-sm\" href=\"tel:0033149220970\">\n\t\t\t\t\t\t<span class=\"elementor-button-content-wrapper\">\n\t\t\t\t\t\t<span class=\"elementor-button-icon\">\n\t\t\t\t<svg aria-hidden=\"true\" class=\"e-font-icon-svg e-fas-phone-alt\" viewBox=\"0 0 512 512\" xmlns=\"http:\/\/www.w3.org\/2000\/svg\"><path d=\"M497.39 361.8l-112-48a24 24 0 0 0-28 6.9l-49.6 60.6A370.66 370.66 0 0 1 130.6 204.11l60.6-49.6a23.94 23.94 0 0 0 6.9-28l-48-112A24.16 24.16 0 0 0 122.6.61l-104 24A24 24 0 0 0 0 48c0 256.5 207.9 464 464 464a24 24 0 0 0 23.4-18.6l24-104a24.29 24.29 0 0 0-14.01-27.6z\"><\/path><\/svg>\t\t\t<\/span>\n\t\t\t\t\t\t\t\t\t<span class=\"elementor-button-text\">Llamar<\/span>\n\t\t\t\t\t<\/span>\n\t\t\t\t\t<\/a>\n\t\t\t\t\t\t\t\t<\/div>\n\t\t\t\t<div class=\"elementor-element elementor-element-37b7e62 elementor-widget elementor-widget-button\" data-id=\"37b7e62\" data-element_type=\"widget\" data-widget_type=\"button.default\">\n\t\t\t\t\t\t\t\t\t\t<a class=\"elementor-button elementor-button-link elementor-size-sm\" href=\"https:\/\/www.google.com\/maps\/dir\/?api=1&#038;destination=12+Rue+Jules+Saulnier,+93200+Saint-Denis,+France\">\n\t\t\t\t\t\t<span class=\"elementor-button-content-wrapper\">\n\t\t\t\t\t\t<span class=\"elementor-button-icon\">\n\t\t\t\t<svg aria-hidden=\"true\" class=\"e-font-icon-svg e-fas-location-arrow\" viewBox=\"0 0 512 512\" xmlns=\"http:\/\/www.w3.org\/2000\/svg\"><path d=\"M444.52 3.52L28.74 195.42c-47.97 22.39-31.98 92.75 19.19 92.75h175.91v175.91c0 51.17 70.36 67.17 92.75 19.19l191.9-415.78c15.99-38.39-25.59-79.97-63.97-63.97z\"><\/path><\/svg>\t\t\t<\/span>\n\t\t\t\t\t\t\t\t\t<span class=\"elementor-button-text\">C\u00f3mo llegar<\/span>\n\t\t\t\t\t<\/span>\n\t\t\t\t\t<\/a>\n\t\t\t\t\t\t\t\t<\/div>\n\t\t\t\t<\/div>\n\t\t\t\t<div class=\"elementor-element elementor-element-87b5026 elementor-widget__width-initial elementor-widget elementor-widget-text-editor\" data-id=\"87b5026\" data-element_type=\"widget\" data-widget_type=\"text-editor.default\">\n\t\t\t\t\t\t\t\t\t<p><span style=\"font-size: 1rem;\">AVS es una organizaci\u00f3n de derecho privado regida por la ley 1901 (sin \u00e1nimo de lucro) creada en 1991 cuyo objetivo es el control y la certificaci\u00f3n halal.<\/span><\/p>\t\t\t\t\t\t\t\t<\/div>\n\t\t\t\t<div class=\"elementor-element elementor-element-6c7d3ea elementor-widget__width-initial elementor-widget elementor-widget-text-editor\" data-id=\"6c7d3ea\" data-element_type=\"widget\" data-widget_type=\"text-editor.default\">\n\t\t\t\t\t\t\t\t\t<p><b>Direcci\u00f3n<\/b><\/p><p>18 Rue Jules Saulnier<br>93200 Saint-Denis<\/p><p><b>Tel\u00e9fono<\/b><\/p><p>+33 1 49 22 09 70<\/p>\t\t\t\t\t\t\t\t<\/div>\n\t\t\t\t<\/div>\n\t\t\t\t<div class=\"elementor-element elementor-element-346117f elementor-widget__width-initial elementor-widget elementor-widget-wpforms\" data-id=\"346117f\" data-element_type=\"widget\" data-widget_type=\"wpforms.default\">\n\t\t\t\t<div class=\"elementor-widget-container\">\n\t\t\t\t\t<style id=\"wpforms-css-vars-elementor-widget-346117f\">\n\t\t\t\t.elementor-widget-wpforms.elementor-element-346117f {\n\t\t\t\t--wpforms-field-border-style: none;\n--wpforms-field-border-radius: 9px;\n--wpforms-field-background-color: #EFEBF1;\n--wpforms-button-border-radius: 7px;\n--wpforms-button-background-color: #827ECA;\n--wpforms-field-border-size: 0px;\n\t\t\t}\n\t\t\t<\/style><div class=\"wpforms-container wpforms-container-full wpforms-render-modern\" id=\"wpforms-672\"><form id=\"wpforms-form-672\" class=\"wpforms-validate wpforms-form wpforms-ajax-form\" data-formid=\"672\" method=\"post\" enctype=\"multipart\/form-data\" action=\"\/es\/wp-json\/wp\/v2\/pages\/1579\" data-token=\"dc9b5c529de06f28526e7fc4d2d6980e\" data-token-time=\"1777477483\"><noscript class=\"wpforms-error-noscript\">Por favor, activa JavaScript en tu navegador para completar este formulario.<\/noscript><div id=\"wpforms-error-noscript\" style=\"display: none;\">Por favor, activa JavaScript en tu navegador para completar este formulario.<\/div><div class=\"wpforms-field-container\"><div id=\"wpforms-672-field_1-container\" class=\"wpforms-field wpforms-field-name\" data-field-id=\"1\"><fieldset><legend class=\"wpforms-field-label\">Apellido <span class=\"wpforms-required-label\" aria-hidden=\"true\">*<\/span><\/legend><div class=\"wpforms-field-row wpforms-field-medium\"><div class=\"wpforms-field-row-block wpforms-first wpforms-one-half\"><input type=\"text\" id=\"wpforms-672-field_1\" class=\"wpforms-field-name-first wpforms-field-required\" name=\"wpforms[fields][1][first]\" aria-errormessage=\"wpforms-672-field_1-error\" required><label for=\"wpforms-672-field_1\" class=\"wpforms-field-sublabel after\">Nombre<\/label><\/div><div class=\"wpforms-field-row-block wpforms-one-half\"><input type=\"text\" id=\"wpforms-672-field_1-last\" class=\"wpforms-field-name-last wpforms-field-required\" name=\"wpforms[fields][1][last]\" aria-errormessage=\"wpforms-672-field_1-last-error\" required><label for=\"wpforms-672-field_1-last\" class=\"wpforms-field-sublabel after\">Apellido<\/label><\/div><\/div><\/fieldset><\/div>\t\t<div id=\"wpforms-672-field_5-container\"\n\t\t\tclass=\"wpforms-field wpforms-field-text\"\n\t\t\tdata-field-type=\"text\"\n\t\t\tdata-field-id=\"5\"\n\t\t\t>\n\t\t\t<label class=\"wpforms-field-label\" for=\"wpforms-672-field_5\" >Apellido electr\u00f3nico Su<\/label>\n\t\t\t<input type=\"text\" id=\"wpforms-672-field_5\" class=\"wpforms-field-medium\" name=\"wpforms[fields][5]\" >\n\t\t<\/div>\n\t\t<div id=\"wpforms-672-field_4-container\" class=\"wpforms-field wpforms-field-select wpforms-field-select-style-classic\" data-field-id=\"4\"><label class=\"wpforms-field-label\" for=\"wpforms-672-field_4\">Departamento<\/label><select id=\"wpforms-672-field_4\" class=\"wpforms-field-medium\" name=\"wpforms[fields][4]\"><option value=\"Trazabilidad\"  class=\"choice-1 depth-1\"  >Trazabilidad<\/option><option value=\"Jur\u00eddico\"  class=\"choice-2 depth-1\"  >Jur\u00eddico<\/option><option value=\"Halal\"  class=\"choice-3 depth-1\"  >Halal<\/option><option value=\"Inform\u00e1tica\"  class=\"choice-4 depth-1\"  >Inform\u00e1tica<\/option><\/select><\/div><div id=\"wpforms-672-field_2-container\" class=\"wpforms-field wpforms-field-email\" data-field-id=\"2\"><label class=\"wpforms-field-label\" for=\"wpforms-672-field_2\">Correo electr\u00f3nico <span class=\"wpforms-required-label\" aria-hidden=\"true\">*<\/span><\/label><input type=\"email\" id=\"wpforms-672-field_2\" class=\"wpforms-field-medium wpforms-field-required\" name=\"wpforms[fields][2]\" spellcheck=\"false\" aria-errormessage=\"wpforms-672-field_2-error\" required><\/div><div id=\"wpforms-672-field_3-container\" class=\"wpforms-field wpforms-field-textarea\" data-field-id=\"3\"><label class=\"wpforms-field-label\" for=\"wpforms-672-field_3\">Su mensaje<\/label><textarea id=\"wpforms-672-field_3\" class=\"wpforms-field-medium\" name=\"wpforms[fields][3]\" aria-errormessage=\"wpforms-672-field_3-error\" ><\/textarea><\/div><script>\n\t\t\t\t( function() {\n\t\t\t\t\tconst style = document.createElement( 'style' );\n\t\t\t\t\tstyle.appendChild( document.createTextNode( '#wpforms-672-field_5-container { position: absolute !important; overflow: hidden !important; display: inline !important; height: 1px !important; width: 1px !important; z-index: -1000 !important; padding: 0 !important; } #wpforms-672-field_5-container input { visibility: hidden; } #wpforms-conversational-form-page #wpforms-672-field_5-container label { counter-increment: none; }' ) );\n\t\t\t\t\tdocument.head.appendChild( style );\n\t\t\t\t\tdocument.currentScript?.remove();\n\t\t\t\t} )();\n\t\t\t<\/script><\/div><!-- .wpforms-field-container --><div class=\"wpforms-recaptcha-container wpforms-is-hcaptcha\" ><div class=\"h-captcha\" data-sitekey=\"9098daa4-56ac-40fc-b8a8-ad2851d0733a\"><\/div><input type=\"text\" name=\"g-recaptcha-hidden\" class=\"wpforms-recaptcha-hidden\" style=\"position:absolute!important;clip:rect(0,0,0,0)!important;height:1px!important;width:1px!important;border:0!important;overflow:hidden!important;padding:0!important;margin:0!important;\" data-rule-hcaptcha=\"1\"><\/div><div class=\"wpforms-submit-container\" ><input type=\"hidden\" name=\"wpforms[id]\" value=\"672\"><input type=\"hidden\" name=\"page_title\" value=\"\"><input type=\"hidden\" name=\"page_url\" value=\"https:\/\/avs.fr\/es\/wp-json\/wp\/v2\/pages\/1579\"><input type=\"hidden\" name=\"url_referer\" value=\"\"><button type=\"submit\" name=\"wpforms[submit]\" id=\"wpforms-submit-672\" class=\"wpforms-submit\" data-alt-text=\"Enviando...\" data-submit-text=\"Enviar\" aria-live=\"assertive\" value=\"wpforms-submit\">Enviar<\/button><img decoding=\"async\" src=\"https:\/\/avs.fr\/wp-content\/plugins\/wpforms-lite\/assets\/images\/submit-spin.svg\" class=\"wpforms-submit-spinner\" style=\"display: none;\" width=\"26\" height=\"26\" alt=\"Cargando\"><\/div><\/form><\/div>  <!-- .wpforms-container -->\t\t\t\t<\/div>\n\t\t\t\t<\/div>\n\t\t\t\t\t<\/div>\n\t\t\t\t<\/div>\n\t\t\t\t<\/div>\n\t\t","protected":false},"excerpt":{"rendered":"<p>Cont\u00e1ctenos A SU SERVICIO Llamar C\u00f3mo llegar AVS es una organizaci\u00f3n de derecho privado regida por la ley 1901 (sin \u00e1nimo de lucro) creada en 1991 cuyo objetivo es el control y la certificaci\u00f3n halal. Direcci\u00f3n 18 Rue Jules Saulnier93200 Saint-Denis Tel\u00e9fono +33 1 49 22 09 70 Veuillez activer JavaScript dans votre navigateur pour [&hellip;]<\/p>\n","protected":false},"author":1,"featured_media":0,"parent":0,"menu_order":0,"comment_status":"closed","ping_status":"closed","template":"","meta":{"footnotes":""},"class_list":["post-1579","page","type-page","status-publish","hentry"],"yoast_head":"<!-- This site is optimized with the Yoast SEO plugin v26.5 - https:\/\/yoast.com\/wordpress\/plugins\/seo\/ -->\n<title>Contacto - AVS<\/title>\n<meta name=\"robots\" content=\"index, follow, max-snippet:-1, max-image-preview:large, max-video-preview:-1\" \/>\n<link rel=\"canonical\" href=\"https:\/\/avs.fr\/es\/contacto\/\" \/>\n<meta property=\"og:locale\" content=\"es_ES\" \/>\n<meta property=\"og:type\" content=\"article\" \/>\n<meta property=\"og:title\" content=\"Contacto - AVS\" \/>\n<meta property=\"og:description\" content=\"Cont\u00e1ctenos A SU SERVICIO Llamar C\u00f3mo llegar AVS es una organizaci\u00f3n de derecho privado regida por la ley 1901 (sin \u00e1nimo de lucro) creada en 1991 cuyo objetivo es el control y la certificaci\u00f3n halal. Direcci\u00f3n 18 Rue Jules Saulnier93200 Saint-Denis Tel\u00e9fono +33 1 49 22 09 70 Veuillez activer JavaScript dans votre navigateur pour [&hellip;]\" \/>\n<meta property=\"og:url\" content=\"https:\/\/avs.fr\/es\/contacto\/\" \/>\n<meta property=\"og:site_name\" content=\"AVS\" \/>\n<meta property=\"article:modified_time\" content=\"2025-10-10T09:05:41+00:00\" \/>\n<meta property=\"og:image\" content=\"https:\/\/avs.fr\/wp-content\/uploads\/2025\/08\/favicon.png\" \/>\n\t<meta property=\"og:image:width\" content=\"317\" \/>\n\t<meta property=\"og:image:height\" content=\"306\" \/>\n\t<meta property=\"og:image:type\" content=\"image\/png\" \/>\n<meta name=\"twitter:card\" content=\"summary_large_image\" \/>\n<script type=\"application\/ld+json\" class=\"yoast-schema-graph\">{\"@context\":\"https:\/\/schema.org\",\"@graph\":[{\"@type\":\"WebPage\",\"@id\":\"https:\/\/avs.fr\/es\/contacto\/\",\"url\":\"https:\/\/avs.fr\/es\/contacto\/\",\"name\":\"Contacto - AVS\",\"isPartOf\":{\"@id\":\"https:\/\/avs.fr\/#website\"},\"primaryImageOfPage\":{\"@id\":\"https:\/\/avs.fr\/es\/contacto\/#primaryimage\"},\"image\":{\"@id\":\"https:\/\/avs.fr\/es\/contacto\/#primaryimage\"},\"thumbnailUrl\":\"https:\/\/avs.fr\/wp-content\/uploads\/2025\/08\/favicon.png\",\"datePublished\":\"2025-08-16T20:47:48+00:00\",\"dateModified\":\"2025-10-10T09:05:41+00:00\",\"breadcrumb\":{\"@id\":\"https:\/\/avs.fr\/es\/contacto\/#breadcrumb\"},\"inLanguage\":\"es\",\"potentialAction\":[{\"@type\":\"ReadAction\",\"target\":[\"https:\/\/avs.fr\/es\/contacto\/\"]}]},{\"@type\":\"ImageObject\",\"inLanguage\":\"es\",\"@id\":\"https:\/\/avs.fr\/es\/contacto\/#primaryimage\",\"url\":\"https:\/\/avs.fr\/wp-content\/uploads\/2025\/08\/favicon.png\",\"contentUrl\":\"https:\/\/avs.fr\/wp-content\/uploads\/2025\/08\/favicon.png\"},{\"@type\":\"BreadcrumbList\",\"@id\":\"https:\/\/avs.fr\/es\/contacto\/#breadcrumb\",\"itemListElement\":[{\"@type\":\"ListItem\",\"position\":1,\"name\":\"Accueil\",\"item\":\"https:\/\/avs.fr\/es\/inicio\/\"},{\"@type\":\"ListItem\",\"position\":2,\"name\":\"Contacto\"}]},{\"@type\":\"WebSite\",\"@id\":\"https:\/\/avs.fr\/#website\",\"url\":\"https:\/\/avs.fr\/\",\"name\":\"AVS\",\"description\":\"Le halal en toute confiance\",\"publisher\":{\"@id\":\"https:\/\/avs.fr\/#organization\"},\"potentialAction\":[{\"@type\":\"SearchAction\",\"target\":{\"@type\":\"EntryPoint\",\"urlTemplate\":\"https:\/\/avs.fr\/?s={search_term_string}\"},\"query-input\":{\"@type\":\"PropertyValueSpecification\",\"valueRequired\":true,\"valueName\":\"search_term_string\"}}],\"inLanguage\":\"es\"},{\"@type\":\"Organization\",\"@id\":\"https:\/\/avs.fr\/#organization\",\"name\":\"AVS\",\"url\":\"https:\/\/avs.fr\/\",\"logo\":{\"@type\":\"ImageObject\",\"inLanguage\":\"es\",\"@id\":\"https:\/\/avs.fr\/#\/schema\/logo\/image\/\",\"url\":\"https:\/\/avs.fr\/wp-content\/uploads\/2025\/08\/logo-avs.png\",\"contentUrl\":\"https:\/\/avs.fr\/wp-content\/uploads\/2025\/08\/logo-avs.png\",\"width\":317,\"height\":306,\"caption\":\"AVS\"},\"image\":{\"@id\":\"https:\/\/avs.fr\/#\/schema\/logo\/image\/\"}}]}<\/script>\n<!-- \/ Yoast SEO plugin. -->","yoast_head_json":{"title":"Contacto - AVS","robots":{"index":"index","follow":"follow","max-snippet":"max-snippet:-1","max-image-preview":"max-image-preview:large","max-video-preview":"max-video-preview:-1"},"canonical":"https:\/\/avs.fr\/es\/contacto\/","og_locale":"es_ES","og_type":"article","og_title":"Contacto - AVS","og_description":"Cont\u00e1ctenos A SU SERVICIO Llamar C\u00f3mo llegar AVS es una organizaci\u00f3n de derecho privado regida por la ley 1901 (sin \u00e1nimo de lucro) creada en 1991 cuyo objetivo es el control y la certificaci\u00f3n halal. Direcci\u00f3n 18 Rue Jules Saulnier93200 Saint-Denis Tel\u00e9fono +33 1 49 22 09 70 Veuillez activer JavaScript dans votre navigateur pour [&hellip;]","og_url":"https:\/\/avs.fr\/es\/contacto\/","og_site_name":"AVS","article_modified_time":"2025-10-10T09:05:41+00:00","og_image":[{"width":317,"height":306,"url":"https:\/\/avs.fr\/wp-content\/uploads\/2025\/08\/favicon.png","type":"image\/png"}],"twitter_card":"summary_large_image","schema":{"@context":"https:\/\/schema.org","@graph":[{"@type":"WebPage","@id":"https:\/\/avs.fr\/es\/contacto\/","url":"https:\/\/avs.fr\/es\/contacto\/","name":"Contacto - AVS","isPartOf":{"@id":"https:\/\/avs.fr\/#website"},"primaryImageOfPage":{"@id":"https:\/\/avs.fr\/es\/contacto\/#primaryimage"},"image":{"@id":"https:\/\/avs.fr\/es\/contacto\/#primaryimage"},"thumbnailUrl":"https:\/\/avs.fr\/wp-content\/uploads\/2025\/08\/favicon.png","datePublished":"2025-08-16T20:47:48+00:00","dateModified":"2025-10-10T09:05:41+00:00","breadcrumb":{"@id":"https:\/\/avs.fr\/es\/contacto\/#breadcrumb"},"inLanguage":"es","potentialAction":[{"@type":"ReadAction","target":["https:\/\/avs.fr\/es\/contacto\/"]}]},{"@type":"ImageObject","inLanguage":"es","@id":"https:\/\/avs.fr\/es\/contacto\/#primaryimage","url":"https:\/\/avs.fr\/wp-content\/uploads\/2025\/08\/favicon.png","contentUrl":"https:\/\/avs.fr\/wp-content\/uploads\/2025\/08\/favicon.png"},{"@type":"BreadcrumbList","@id":"https:\/\/avs.fr\/es\/contacto\/#breadcrumb","itemListElement":[{"@type":"ListItem","position":1,"name":"Accueil","item":"https:\/\/avs.fr\/es\/inicio\/"},{"@type":"ListItem","position":2,"name":"Contacto"}]},{"@type":"WebSite","@id":"https:\/\/avs.fr\/#website","url":"https:\/\/avs.fr\/","name":"AVS","description":"Le halal en toute confiance","publisher":{"@id":"https:\/\/avs.fr\/#organization"},"potentialAction":[{"@type":"SearchAction","target":{"@type":"EntryPoint","urlTemplate":"https:\/\/avs.fr\/?s={search_term_string}"},"query-input":{"@type":"PropertyValueSpecification","valueRequired":true,"valueName":"search_term_string"}}],"inLanguage":"es"},{"@type":"Organization","@id":"https:\/\/avs.fr\/#organization","name":"AVS","url":"https:\/\/avs.fr\/","logo":{"@type":"ImageObject","inLanguage":"es","@id":"https:\/\/avs.fr\/#\/schema\/logo\/image\/","url":"https:\/\/avs.fr\/wp-content\/uploads\/2025\/08\/logo-avs.png","contentUrl":"https:\/\/avs.fr\/wp-content\/uploads\/2025\/08\/logo-avs.png","width":317,"height":306,"caption":"AVS"},"image":{"@id":"https:\/\/avs.fr\/#\/schema\/logo\/image\/"}}]}},"_links":{"self":[{"href":"https:\/\/avs.fr\/es\/wp-json\/wp\/v2\/pages\/1579","targetHints":{"allow":["GET"]}}],"collection":[{"href":"https:\/\/avs.fr\/es\/wp-json\/wp\/v2\/pages"}],"about":[{"href":"https:\/\/avs.fr\/es\/wp-json\/wp\/v2\/types\/page"}],"author":[{"embeddable":true,"href":"https:\/\/avs.fr\/es\/wp-json\/wp\/v2\/users\/1"}],"replies":[{"embeddable":true,"href":"https:\/\/avs.fr\/es\/wp-json\/wp\/v2\/comments?post=1579"}],"version-history":[{"count":5,"href":"https:\/\/avs.fr\/es\/wp-json\/wp\/v2\/pages\/1579\/revisions"}],"predecessor-version":[{"id":1599,"href":"https:\/\/avs.fr\/es\/wp-json\/wp\/v2\/pages\/1579\/revisions\/1599"}],"wp:attachment":[{"href":"https:\/\/avs.fr\/es\/wp-json\/wp\/v2\/media?parent=1579"}],"curies":[{"name":"wp","href":"https:\/\/api.w.org\/{rel}","templated":true}]}}