{"id":1598,"date":"2025-08-16T12:44:34","date_gmt":"2025-08-16T11:44:34","guid":{"rendered":"https:\/\/avs.fr\/politica-de-cookies\/"},"modified":"2025-10-10T10:05:41","modified_gmt":"2025-10-10T09:05:41","slug":"politica-de-cookies","status":"publish","type":"page","link":"https:\/\/avs.fr\/es\/politica-de-cookies\/","title":{"rendered":"Pol\u00edtica de cookies"},"content":{"rendered":"<p>Esta p\u00e1gina proporciona informaci\u00f3n detallada sobre c\u00f3mo utilizamos las cookies en nuestro sitio web para mejorar su experiencia de navegaci\u00f3n, optimizar el rendimiento del sitio y ofrecer contenido personalizado. Las cookies son peque\u00f1os archivos de texto que se almacenan en su dispositivo cuando visita nuestro sitio. Nos ayudan a entender c\u00f3mo los visitantes interact\u00faan con nuestro sitio web, permiti\u00e9ndonos ofrecer una experiencia de usuario m\u00e1s fluida y eficiente. En la tabla siguiente, encontrar\u00e1 informaci\u00f3n detallada sobre cada tipo de cookie que utilizamos, su finalidad y cu\u00e1nto tiempo permanecen en su dispositivo. Nos comprometemos a respetar su privacidad y a proporcionar transparencia sobre los datos que recopilamos a trav\u00e9s de las cookies. Para obtener m\u00e1s informaci\u00f3n sobre c\u00f3mo manejamos sus datos personales, consulte nuestra <a href=\"\">Pol\u00edtica de Privacidad.<\/a>     <\/p><div class=\"wpconsent-cookie-policy\"><h2 class=\"wpconsent-cookie-category-name\">Essential<\/h2><p class=\"wpconsent-cookie-category-description\">Essential cookies enable basic functions and are necessary for the proper function of the website.<\/p><table class=\"wpconsent-cookie-policy-table\"><tr><th>Cookie ID<\/th><th>Purpose<\/th><th>Duration<\/th><\/tr><tr><td>wpconsent_preferences<\/td><td>This cookie is used to store the user&#039;s cookie consent preferences.<\/td><td>30 days<\/td><\/tr><\/table><h3 class=\"wpconsent-cookie-service-name\">Comments<\/h3><p class=\"wpconsent-cookie-service-description\">These cookies are needed for adding comments on this website.<\/p><table class=\"wpconsent-cookie-policy-table\"><tr><th>Cookie ID<\/th><th>Purpose<\/th><th>Duration<\/th><\/tr><tr><td>comment_author_email<\/td><td>Used to track the user across multiple sessions.<\/td><td>Session<\/td><\/tr><tr><td>comment_author_url<\/td><td>Used to track the user across multiple sessions.<\/td><td>Session<\/td><\/tr><tr><td>comment_author<\/td><td>Used to track the user across multiple sessions.<\/td><td>Session<\/td><\/tr><\/table><h3 class=\"wpconsent-cookie-service-name\">Login<\/h3><p class=\"wpconsent-cookie-service-description\">These cookies are used for managing login functionality on this website.<\/p><table class=\"wpconsent-cookie-policy-table\"><tr><th>Cookie ID<\/th><th>Purpose<\/th><th>Duration<\/th><\/tr><tr><td>wordpress_logged_in<\/td><td>Used to store logged-in users.<\/td><td>Persistent<\/td><\/tr><tr><td>wordpress_sec<\/td><td>Used to track the user across multiple sessions.<\/td><td>15 days<\/td><\/tr><tr><td>wordpress_test_cookie<\/td><td>Used to determine if cookies are enabled.<\/td><td>Session<\/td><\/tr><\/table><\/div>\n","protected":false},"excerpt":{"rendered":"<p>Esta p\u00e1gina proporciona informaci\u00f3n detallada sobre c\u00f3mo utilizamos las cookies en nuestro sitio web para mejorar su experiencia de navegaci\u00f3n, optimizar el rendimiento del sitio y ofrecer contenido personalizado. Las cookies son peque\u00f1os archivos de texto que se almacenan en su dispositivo cuando visita nuestro sitio. Nos ayudan a entender c\u00f3mo los visitantes interact\u00faan con [&hellip;]<\/p>\n","protected":false},"author":1,"featured_media":0,"parent":0,"menu_order":0,"comment_status":"closed","ping_status":"closed","template":"","meta":{"footnotes":""},"class_list":["post-1598","page","type-page","status-publish","hentry"],"yoast_head":"<!-- This site is optimized with the Yoast SEO plugin v26.5 - https:\/\/yoast.com\/wordpress\/plugins\/seo\/ -->\n<title>Pol\u00edtica de cookies - AVS<\/title>\n<meta name=\"robots\" content=\"index, follow, max-snippet:-1, max-image-preview:large, max-video-preview:-1\" \/>\n<link rel=\"canonical\" href=\"https:\/\/avs.fr\/es\/politica-de-cookies\/\" \/>\n<meta property=\"og:locale\" content=\"es_ES\" \/>\n<meta property=\"og:type\" content=\"article\" \/>\n<meta property=\"og:title\" content=\"Pol\u00edtica de cookies - AVS\" \/>\n<meta property=\"og:description\" content=\"Esta p\u00e1gina proporciona informaci\u00f3n detallada sobre c\u00f3mo utilizamos las cookies en nuestro sitio web para mejorar su experiencia de navegaci\u00f3n, optimizar el rendimiento del sitio y ofrecer contenido personalizado. Las cookies son peque\u00f1os archivos de texto que se almacenan en su dispositivo cuando visita nuestro sitio. Nos ayudan a entender c\u00f3mo los visitantes interact\u00faan con [&hellip;]\" \/>\n<meta property=\"og:url\" content=\"https:\/\/avs.fr\/es\/politica-de-cookies\/\" \/>\n<meta property=\"og:site_name\" content=\"AVS\" \/>\n<meta property=\"article:modified_time\" content=\"2025-10-10T09:05:41+00:00\" \/>\n<meta name=\"twitter:card\" content=\"summary_large_image\" \/>\n<meta name=\"twitter:label1\" content=\"Tiempo de lectura\" \/>\n\t<meta name=\"twitter:data1\" content=\"1 minuto\" \/>\n<script type=\"application\/ld+json\" class=\"yoast-schema-graph\">{\"@context\":\"https:\/\/schema.org\",\"@graph\":[{\"@type\":\"WebPage\",\"@id\":\"https:\/\/avs.fr\/es\/politica-de-cookies\/\",\"url\":\"https:\/\/avs.fr\/es\/politica-de-cookies\/\",\"name\":\"Pol\u00edtica de cookies - AVS\",\"isPartOf\":{\"@id\":\"https:\/\/avs.fr\/#website\"},\"datePublished\":\"2025-08-16T11:44:34+00:00\",\"dateModified\":\"2025-10-10T09:05:41+00:00\",\"breadcrumb\":{\"@id\":\"https:\/\/avs.fr\/es\/politica-de-cookies\/#breadcrumb\"},\"inLanguage\":\"es\",\"potentialAction\":[{\"@type\":\"ReadAction\",\"target\":[\"https:\/\/avs.fr\/es\/politica-de-cookies\/\"]}]},{\"@type\":\"BreadcrumbList\",\"@id\":\"https:\/\/avs.fr\/es\/politica-de-cookies\/#breadcrumb\",\"itemListElement\":[{\"@type\":\"ListItem\",\"position\":1,\"name\":\"Accueil\",\"item\":\"https:\/\/avs.fr\/es\/inicio\/\"},{\"@type\":\"ListItem\",\"position\":2,\"name\":\"Pol\u00edtica de cookies\"}]},{\"@type\":\"WebSite\",\"@id\":\"https:\/\/avs.fr\/#website\",\"url\":\"https:\/\/avs.fr\/\",\"name\":\"AVS\",\"description\":\"Le halal en toute confiance\",\"publisher\":{\"@id\":\"https:\/\/avs.fr\/#organization\"},\"potentialAction\":[{\"@type\":\"SearchAction\",\"target\":{\"@type\":\"EntryPoint\",\"urlTemplate\":\"https:\/\/avs.fr\/?s={search_term_string}\"},\"query-input\":{\"@type\":\"PropertyValueSpecification\",\"valueRequired\":true,\"valueName\":\"search_term_string\"}}],\"inLanguage\":\"es\"},{\"@type\":\"Organization\",\"@id\":\"https:\/\/avs.fr\/#organization\",\"name\":\"AVS\",\"url\":\"https:\/\/avs.fr\/\",\"logo\":{\"@type\":\"ImageObject\",\"inLanguage\":\"es\",\"@id\":\"https:\/\/avs.fr\/#\/schema\/logo\/image\/\",\"url\":\"https:\/\/avs.fr\/wp-content\/uploads\/2025\/08\/logo-avs.png\",\"contentUrl\":\"https:\/\/avs.fr\/wp-content\/uploads\/2025\/08\/logo-avs.png\",\"width\":317,\"height\":306,\"caption\":\"AVS\"},\"image\":{\"@id\":\"https:\/\/avs.fr\/#\/schema\/logo\/image\/\"}}]}<\/script>\n<!-- \/ Yoast SEO plugin. -->","yoast_head_json":{"title":"Pol\u00edtica de cookies - AVS","robots":{"index":"index","follow":"follow","max-snippet":"max-snippet:-1","max-image-preview":"max-image-preview:large","max-video-preview":"max-video-preview:-1"},"canonical":"https:\/\/avs.fr\/es\/politica-de-cookies\/","og_locale":"es_ES","og_type":"article","og_title":"Pol\u00edtica de cookies - AVS","og_description":"Esta p\u00e1gina proporciona informaci\u00f3n detallada sobre c\u00f3mo utilizamos las cookies en nuestro sitio web para mejorar su experiencia de navegaci\u00f3n, optimizar el rendimiento del sitio y ofrecer contenido personalizado. Las cookies son peque\u00f1os archivos de texto que se almacenan en su dispositivo cuando visita nuestro sitio. Nos ayudan a entender c\u00f3mo los visitantes interact\u00faan con [&hellip;]","og_url":"https:\/\/avs.fr\/es\/politica-de-cookies\/","og_site_name":"AVS","article_modified_time":"2025-10-10T09:05:41+00:00","twitter_card":"summary_large_image","twitter_misc":{"Tiempo de lectura":"1 minuto"},"schema":{"@context":"https:\/\/schema.org","@graph":[{"@type":"WebPage","@id":"https:\/\/avs.fr\/es\/politica-de-cookies\/","url":"https:\/\/avs.fr\/es\/politica-de-cookies\/","name":"Pol\u00edtica de cookies - AVS","isPartOf":{"@id":"https:\/\/avs.fr\/#website"},"datePublished":"2025-08-16T11:44:34+00:00","dateModified":"2025-10-10T09:05:41+00:00","breadcrumb":{"@id":"https:\/\/avs.fr\/es\/politica-de-cookies\/#breadcrumb"},"inLanguage":"es","potentialAction":[{"@type":"ReadAction","target":["https:\/\/avs.fr\/es\/politica-de-cookies\/"]}]},{"@type":"BreadcrumbList","@id":"https:\/\/avs.fr\/es\/politica-de-cookies\/#breadcrumb","itemListElement":[{"@type":"ListItem","position":1,"name":"Accueil","item":"https:\/\/avs.fr\/es\/inicio\/"},{"@type":"ListItem","position":2,"name":"Pol\u00edtica de cookies"}]},{"@type":"WebSite","@id":"https:\/\/avs.fr\/#website","url":"https:\/\/avs.fr\/","name":"AVS","description":"Le halal en toute confiance","publisher":{"@id":"https:\/\/avs.fr\/#organization"},"potentialAction":[{"@type":"SearchAction","target":{"@type":"EntryPoint","urlTemplate":"https:\/\/avs.fr\/?s={search_term_string}"},"query-input":{"@type":"PropertyValueSpecification","valueRequired":true,"valueName":"search_term_string"}}],"inLanguage":"es"},{"@type":"Organization","@id":"https:\/\/avs.fr\/#organization","name":"AVS","url":"https:\/\/avs.fr\/","logo":{"@type":"ImageObject","inLanguage":"es","@id":"https:\/\/avs.fr\/#\/schema\/logo\/image\/","url":"https:\/\/avs.fr\/wp-content\/uploads\/2025\/08\/logo-avs.png","contentUrl":"https:\/\/avs.fr\/wp-content\/uploads\/2025\/08\/logo-avs.png","width":317,"height":306,"caption":"AVS"},"image":{"@id":"https:\/\/avs.fr\/#\/schema\/logo\/image\/"}}]}},"_links":{"self":[{"href":"https:\/\/avs.fr\/es\/wp-json\/wp\/v2\/pages\/1598","targetHints":{"allow":["GET"]}}],"collection":[{"href":"https:\/\/avs.fr\/es\/wp-json\/wp\/v2\/pages"}],"about":[{"href":"https:\/\/avs.fr\/es\/wp-json\/wp\/v2\/types\/page"}],"author":[{"embeddable":true,"href":"https:\/\/avs.fr\/es\/wp-json\/wp\/v2\/users\/1"}],"replies":[{"embeddable":true,"href":"https:\/\/avs.fr\/es\/wp-json\/wp\/v2\/comments?post=1598"}],"version-history":[{"count":1,"href":"https:\/\/avs.fr\/es\/wp-json\/wp\/v2\/pages\/1598\/revisions"}],"predecessor-version":[{"id":1602,"href":"https:\/\/avs.fr\/es\/wp-json\/wp\/v2\/pages\/1598\/revisions\/1602"}],"wp:attachment":[{"href":"https:\/\/avs.fr\/es\/wp-json\/wp\/v2\/media?parent=1598"}],"curies":[{"name":"wp","href":"https:\/\/api.w.org\/{rel}","templated":true}]}}