{"id":1708,"date":"2025-10-22T04:49:48","date_gmt":"2025-10-22T03:49:48","guid":{"rendered":"https:\/\/avs.fr\/preguntas-frecuentes\/"},"modified":"2025-12-27T06:35:23","modified_gmt":"2025-12-27T05:35:23","slug":"preguntas-frecuentes","status":"publish","type":"page","link":"https:\/\/avs.fr\/es\/preguntas-frecuentes\/","title":{"rendered":"Preguntas frecuentes"},"content":{"rendered":"\t\t<div data-elementor-type=\"wp-page\" data-elementor-id=\"1708\" class=\"elementor elementor-1708 elementor-1672\" data-elementor-post-type=\"page\">\n\t\t\t\t<div class=\"elementor-element elementor-element-3188cf2 e-flex e-con-boxed e-con e-parent\" data-id=\"3188cf2\" data-element_type=\"container\" data-settings=\"{&quot;background_background&quot;:&quot;gradient&quot;,&quot;shape_divider_bottom&quot;:&quot;opacity-fan&quot;}\">\n\t\t\t\t\t<div class=\"e-con-inner\">\n\t\t\t\t<div class=\"elementor-shape elementor-shape-bottom\" aria-hidden=\"true\" data-negative=\"false\">\n\t\t\t<svg xmlns=\"http:\/\/www.w3.org\/2000\/svg\" viewBox=\"0 0 283.5 19.6\" preserveAspectRatio=\"none\">\n\t<path class=\"elementor-shape-fill\" style=\"opacity:0.33\" d=\"M0 0L0 18.8 141.8 4.1 283.5 18.8 283.5 0z\"\/>\n\t<path class=\"elementor-shape-fill\" style=\"opacity:0.33\" d=\"M0 0L0 12.6 141.8 4 283.5 12.6 283.5 0z\"\/>\n\t<path class=\"elementor-shape-fill\" style=\"opacity:0.33\" d=\"M0 0L0 6.4 141.8 4 283.5 6.4 283.5 0z\"\/>\n\t<path class=\"elementor-shape-fill\" d=\"M0 0L0 1.2 141.8 4 283.5 1.2 283.5 0z\"\/>\n<\/svg>\t\t<\/div>\n\t\t\t\t<div class=\"elementor-element elementor-element-0549bee elementor-widget elementor-widget-heading\" data-id=\"0549bee\" data-element_type=\"widget\" data-widget_type=\"heading.default\">\n\t\t\t\t\t<h2 class=\"elementor-heading-title elementor-size-default\">FAQ<\/h2>\t\t\t\t<\/div>\n\t\t\t\t\t<\/div>\n\t\t\t\t<\/div>\n\t\t<div class=\"elementor-element elementor-element-a7c3313 e-flex e-con-boxed e-con e-parent\" data-id=\"a7c3313\" data-element_type=\"container\" id=\"faq\">\n\t\t\t\t\t<div class=\"e-con-inner\">\n\t\t<div class=\"elementor-element elementor-element-7f59f47 e-con-full e-flex e-con e-child\" data-id=\"7f59f47\" data-element_type=\"container\">\n\t\t\t\t<div class=\"elementor-element elementor-element-3786770 elementor-widget elementor-widget-heading\" data-id=\"3786770\" data-element_type=\"widget\" data-widget_type=\"heading.default\">\n\t\t\t\t\t<h2 class=\"elementor-heading-title elementor-size-default\">Preguntas Frecuentes<\/h2>\t\t\t\t<\/div>\n\t\t\t\t<div class=\"elementor-element elementor-element-7a725de elementor-widget elementor-widget-image\" data-id=\"7a725de\" data-element_type=\"widget\" data-widget_type=\"image.default\">\n\t\t\t\t\t\t\t\t\t\t\t\t\t\t\t<img fetchpriority=\"high\" decoding=\"async\" width=\"500\" height=\"446\" src=\"https:\/\/avs.fr\/wp-content\/uploads\/2025\/08\/quesiton.png\" class=\"attachment-large size-large wp-image-891\" alt=\"\" srcset=\"https:\/\/avs.fr\/wp-content\/uploads\/2025\/08\/quesiton.png 500w, https:\/\/avs.fr\/wp-content\/uploads\/2025\/08\/quesiton-300x268.png 300w\" sizes=\"(max-width: 500px) 100vw, 500px\" \/>\t\t\t\t\t\t\t\t\t\t\t\t\t\t\t<\/div>\n\t\t\t\t<\/div>\n\t\t\t\t<div class=\"elementor-element elementor-element-1cf32bb elementor-widget elementor-widget-n-accordion\" data-id=\"1cf32bb\" data-element_type=\"widget\" data-settings=\"{&quot;default_state&quot;:&quot;expanded&quot;,&quot;max_items_expended&quot;:&quot;one&quot;,&quot;n_accordion_animation_duration&quot;:{&quot;unit&quot;:&quot;ms&quot;,&quot;size&quot;:400,&quot;sizes&quot;:[]}}\" data-widget_type=\"nested-accordion.default\">\n\t\t\t\t\t\t\t<div class=\"e-n-accordion\" aria-label=\"Accordion. Open links with Enter or Space, close with Escape, and navigate with Arrow Keys\">\n\t\t\t\t\t\t<details id=\"e-n-accordion-item-3030\" class=\"e-n-accordion-item\" open>\n\t\t\t\t<summary class=\"e-n-accordion-item-title\" data-accordion-index=\"1\" tabindex=\"0\" aria-expanded=\"true\" aria-controls=\"e-n-accordion-item-3030\" >\n\t\t\t\t\t<span class='e-n-accordion-item-title-header'><div class=\"e-n-accordion-item-title-text\"> \u00bfEs halal esta marca? <\/div><\/span>\n\t\t\t\t\t\t\t<span class='e-n-accordion-item-title-icon'>\n\t\t\t<span class='e-opened' ><svg aria-hidden=\"true\" class=\"e-font-icon-svg e-fas-minus\" viewBox=\"0 0 448 512\" xmlns=\"http:\/\/www.w3.org\/2000\/svg\"><path d=\"M416 208H32c-17.67 0-32 14.33-32 32v32c0 17.67 14.33 32 32 32h384c17.67 0 32-14.33 32-32v-32c0-17.67-14.33-32-32-32z\"><\/path><\/svg><\/span>\n\t\t\t<span class='e-closed'><svg aria-hidden=\"true\" class=\"e-font-icon-svg e-fas-arrow-right\" viewBox=\"0 0 448 512\" xmlns=\"http:\/\/www.w3.org\/2000\/svg\"><path d=\"M190.5 66.9l22.2-22.2c9.4-9.4 24.6-9.4 33.9 0L441 239c9.4 9.4 9.4 24.6 0 33.9L246.6 467.3c-9.4 9.4-24.6 9.4-33.9 0l-22.2-22.2c-9.5-9.5-9.3-25 .4-34.3L311.4 296H24c-13.3 0-24-10.7-24-24v-32c0-13.3 10.7-24 24-24h287.4L190.9 101.2c-9.8-9.3-10-24.8-.4-34.3z\"><\/path><\/svg><\/span>\n\t\t<\/span>\n\n\t\t\t\t\t\t<\/summary>\n\t\t\t\t<div role=\"region\" aria-labelledby=\"e-n-accordion-item-3030\" class=\"elementor-element elementor-element-dec9969 e-con-full e-flex e-con e-child\" data-id=\"dec9969\" data-element_type=\"container\">\n\t\t\t\t<div class=\"elementor-element elementor-element-05a7402 elementor-widget elementor-widget-text-editor\" data-id=\"05a7402\" data-element_type=\"widget\" data-widget_type=\"text-editor.default\">\n\t\t\t\t\t\t\t\t\t<p>AVS solo puede garantizar la calidad halal de los productos certificados por ella misma. Su base se fundamenta en la presencia f\u00edsica de agentes controladores desde el sacrificio hasta el envasado, para cada uno de los productos certificados. Por lo tanto, no emitimos ninguna certificaci\u00f3n sin la presencia de nuestros agentes. Su presencia permanente y continua en el sitio certifica el car\u00e1cter halal de los productos.   <\/p><p>En cuanto a otros organismos, no podemos responder a su pregunta ya que nuestros agentes no est\u00e1n presentes durante sus producciones. Certificar un producto como halal o declararlo haram implica una responsabilidad religiosa, es necesario haber estado presente desde el sacrificio hasta el envasado para poder garantizar la calidad del producto. Por eso nuestra asociaci\u00f3n no puede garantizar otros organismos.   <\/p><p>En cuanto a los productos que no llevan ninguna marca de organismo de certificaci\u00f3n, le aconsejamos encarecidamente que se abstenga de consumirlos ya que, desafortunadamente, en la actualidad en Europa, ninguna ley protege el t\u00e9rmino \u00abhalal\u00bb, por lo que muchas empresas se permiten utilizarlo en productos no certificados y de origen dudoso.<\/p>\t\t\t\t\t\t\t\t<\/div>\n\t\t\t\t<\/div>\n\t\t\t\t\t<\/details>\n\t\t\t\t\t\t<details id=\"e-n-accordion-item-3031\" class=\"e-n-accordion-item\" >\n\t\t\t\t<summary class=\"e-n-accordion-item-title\" data-accordion-index=\"2\" tabindex=\"-1\" aria-expanded=\"false\" aria-controls=\"e-n-accordion-item-3031\" >\n\t\t\t\t\t<span class='e-n-accordion-item-title-header'><div class=\"e-n-accordion-item-title-text\"> \u00bfSe puede comprar a los proveedores referenciados por AVS? <\/div><\/span>\n\t\t\t\t\t\t\t<span class='e-n-accordion-item-title-icon'>\n\t\t\t<span class='e-opened' ><svg aria-hidden=\"true\" class=\"e-font-icon-svg e-fas-minus\" viewBox=\"0 0 448 512\" xmlns=\"http:\/\/www.w3.org\/2000\/svg\"><path d=\"M416 208H32c-17.67 0-32 14.33-32 32v32c0 17.67 14.33 32 32 32h384c17.67 0 32-14.33 32-32v-32c0-17.67-14.33-32-32-32z\"><\/path><\/svg><\/span>\n\t\t\t<span class='e-closed'><svg aria-hidden=\"true\" class=\"e-font-icon-svg e-fas-arrow-right\" viewBox=\"0 0 448 512\" xmlns=\"http:\/\/www.w3.org\/2000\/svg\"><path d=\"M190.5 66.9l22.2-22.2c9.4-9.4 24.6-9.4 33.9 0L441 239c9.4 9.4 9.4 24.6 0 33.9L246.6 467.3c-9.4 9.4-24.6 9.4-33.9 0l-22.2-22.2c-9.5-9.5-9.3-25 .4-34.3L311.4 296H24c-13.3 0-24-10.7-24-24v-32c0-13.3 10.7-24 24-24h287.4L190.9 101.2c-9.8-9.3-10-24.8-.4-34.3z\"><\/path><\/svg><\/span>\n\t\t<\/span>\n\n\t\t\t\t\t\t<\/summary>\n\t\t\t\t<div role=\"region\" aria-labelledby=\"e-n-accordion-item-3031\" class=\"elementor-element elementor-element-2d3b83d e-con-full e-flex e-con e-child\" data-id=\"2d3b83d\" data-element_type=\"container\">\n\t\t\t\t<div class=\"elementor-element elementor-element-f1420e4 elementor-widget elementor-widget-text-editor\" data-id=\"f1420e4\" data-element_type=\"widget\" data-widget_type=\"text-editor.default\">\n\t\t\t\t\t\t\t\t\t<p>El simple hecho de abastecerse en algunos de nuestros socios, como se menciona en su p\u00e1gina web, no es suficiente. En efecto, varios de estos mataderos no realizan \u00fanicamente halal, y por ello hay que saber reconocer, en la entrega a los comercios, si las mercanc\u00edas corresponden realmente a las sacrificadas por nuestros agentes en esos mismos mataderos, verificando previamente la presencia del logo AVS. <\/p>\t\t\t\t\t\t\t\t<\/div>\n\t\t\t\t<\/div>\n\t\t\t\t\t<\/details>\n\t\t\t\t\t\t<details id=\"e-n-accordion-item-3032\" class=\"e-n-accordion-item\" >\n\t\t\t\t<summary class=\"e-n-accordion-item-title\" data-accordion-index=\"3\" tabindex=\"-1\" aria-expanded=\"false\" aria-controls=\"e-n-accordion-item-3032\" >\n\t\t\t\t\t<span class='e-n-accordion-item-title-header'><div class=\"e-n-accordion-item-title-text\"> \u00bfSe puede obtener una autorizaci\u00f3n AVS fuera de Isla de Francia, Lyon o Saint-\u00c9tienne? <\/div><\/span>\n\t\t\t\t\t\t\t<span class='e-n-accordion-item-title-icon'>\n\t\t\t<span class='e-opened' ><svg aria-hidden=\"true\" class=\"e-font-icon-svg e-fas-minus\" viewBox=\"0 0 448 512\" xmlns=\"http:\/\/www.w3.org\/2000\/svg\"><path d=\"M416 208H32c-17.67 0-32 14.33-32 32v32c0 17.67 14.33 32 32 32h384c17.67 0 32-14.33 32-32v-32c0-17.67-14.33-32-32-32z\"><\/path><\/svg><\/span>\n\t\t\t<span class='e-closed'><svg aria-hidden=\"true\" class=\"e-font-icon-svg e-fas-arrow-right\" viewBox=\"0 0 448 512\" xmlns=\"http:\/\/www.w3.org\/2000\/svg\"><path d=\"M190.5 66.9l22.2-22.2c9.4-9.4 24.6-9.4 33.9 0L441 239c9.4 9.4 9.4 24.6 0 33.9L246.6 467.3c-9.4 9.4-24.6 9.4-33.9 0l-22.2-22.2c-9.5-9.5-9.3-25 .4-34.3L311.4 296H24c-13.3 0-24-10.7-24-24v-32c0-13.3 10.7-24 24-24h287.4L190.9 101.2c-9.8-9.3-10-24.8-.4-34.3z\"><\/path><\/svg><\/span>\n\t\t<\/span>\n\n\t\t\t\t\t\t<\/summary>\n\t\t\t\t<div role=\"region\" aria-labelledby=\"e-n-accordion-item-3032\" class=\"elementor-element elementor-element-c4a1126 e-con-full e-flex e-con e-child\" data-id=\"c4a1126\" data-element_type=\"container\">\n\t\t\t\t<div class=\"elementor-element elementor-element-dc4cffe elementor-widget elementor-widget-text-editor\" data-id=\"dc4cffe\" data-element_type=\"widget\" data-widget_type=\"text-editor.default\">\n\t\t\t\t\t\t\t\t\t<p data-start=\"163\" data-end=\"364\">Desafortunadamente, la asociaci\u00f3n actualmente solo controla carnicer\u00edas y restaurantes en Isla de Francia, as\u00ed como en Lyon y Saint-\u00c9tienne, y no puede certificar comercios fuera de estas zonas.<\/p><p data-start=\"366\" data-end=\"787\">El control lo realiza gratuitamente la asociaci\u00f3n, a pesar del importante coste que representa. Adem\u00e1s, el reclutamiento y la formaci\u00f3n de un controlador de carnicer\u00eda\/restaurante son complejos y largos. Para garantizar la calidad y fiabilidad del control, los controladores deben estar estabilizados en puestos a tiempo completo, lo que solo se justifica si hay varios comercios para controlar en una misma regi\u00f3n.  <\/p><p data-start=\"789\" data-end=\"1054\">El seguimiento de los controladores por un responsable regional tambi\u00e9n es indispensable para mantener un control riguroso. Esta supervisi\u00f3n no puede descentralizarse f\u00e1cilmente, lo que limita nuestra capacidad para responder a todas las solicitudes fuera de las zonas cubiertas. <\/p><p data-start=\"1056\" data-end=\"1300\">Sin embargo, trabajamos para hacer que los productos AVS est\u00e9n disponibles en otras regiones, en colaboraci\u00f3n con las asociaciones musulmanas locales y comercios de proximidad serios, para responder progresivamente a la creciente demanda.<\/p>\t\t\t\t\t\t\t\t<\/div>\n\t\t\t\t<\/div>\n\t\t\t\t\t<\/details>\n\t\t\t\t\t<\/div>\n\t\t\t\t\t<script type=\"application\/ld+json\">{\"@context\":\"https:\\\/\\\/schema.org\",\"@type\":\"FAQPage\",\"mainEntity\":[{\"@type\":\"Question\",\"name\":\"\\u00bfEs halal esta marca?\",\"acceptedAnswer\":{\"@type\":\"Answer\",\"text\":\"AVS solo puede garantizar la calidad halal de los productos certificados por ella misma. Su base se fundamenta en la presencia f\\u00edsica de agentes controladores desde el sacrificio hasta el envasado, para cada uno de los productos certificados. Por lo tanto, no emitimos ninguna certificaci\\u00f3n sin la presencia de nuestros agentes. Su presencia permanente y continua en el sitio certifica el car\\u00e1cter halal de los productos.   En cuanto a otros organismos, no podemos responder a su pregunta ya que nuestros agentes no est\\u00e1n presentes durante sus producciones. Certificar un producto como halal o declararlo haram implica una responsabilidad religiosa, es necesario haber estado presente desde el sacrificio hasta el envasado para poder garantizar la calidad del producto. Por eso nuestra asociaci\\u00f3n no puede garantizar otros organismos.   En cuanto a los productos que no llevan ninguna marca de organismo de certificaci\\u00f3n, le aconsejamos encarecidamente que se abstenga de consumirlos ya que, desafortunadamente, en la actualidad en Europa, ninguna ley protege el t\\u00e9rmino \\u00abhalal\\u00bb, por lo que muchas empresas se permiten utilizarlo en productos no certificados y de origen dudoso.\"}},{\"@type\":\"Question\",\"name\":\"\\u00bfSe puede comprar a los proveedores referenciados por AVS?\",\"acceptedAnswer\":{\"@type\":\"Answer\",\"text\":\"El simple hecho de abastecerse en algunos de nuestros socios, como se menciona en su p\\u00e1gina web, no es suficiente. En efecto, varios de estos mataderos no realizan \\u00fanicamente halal, y por ello hay que saber reconocer, en la entrega a los comercios, si las mercanc\\u00edas corresponden realmente a las sacrificadas por nuestros agentes en esos mismos mataderos, verificando previamente la presencia del logo AVS.\"}},{\"@type\":\"Question\",\"name\":\"\\u00bfSe puede obtener una autorizaci\\u00f3n AVS fuera de Isla de Francia, Lyon o Saint-\\u00c9tienne?\",\"acceptedAnswer\":{\"@type\":\"Answer\",\"text\":\"Desafortunadamente, la asociaci\\u00f3n actualmente solo controla carnicer\\u00edas y restaurantes en Isla de Francia, as\\u00ed como en Lyon y Saint-\\u00c9tienne, y no puede certificar comercios fuera de estas zonas.El control lo realiza gratuitamente la asociaci\\u00f3n, a pesar del importante coste que representa. Adem\\u00e1s, el reclutamiento y la formaci\\u00f3n de un controlador de carnicer\\u00eda\\\/restaurante son complejos y largos. Para garantizar la calidad y fiabilidad del control, los controladores deben estar estabilizados en puestos a tiempo completo, lo que solo se justifica si hay varios comercios para controlar en una misma regi\\u00f3n.  El seguimiento de los controladores por un responsable regional tambi\\u00e9n es indispensable para mantener un control riguroso. Esta supervisi\\u00f3n no puede descentralizarse f\\u00e1cilmente, lo que limita nuestra capacidad para responder a todas las solicitudes fuera de las zonas cubiertas. Sin embargo, trabajamos para hacer que los productos AVS est\\u00e9n disponibles en otras regiones, en colaboraci\\u00f3n con las asociaciones musulmanas locales y comercios de proximidad serios, para responder progresivamente a la creciente demanda.\"}}]}<\/script>\n\t\t\t\t\t\t\t<\/div>\n\t\t\t\t\t<\/div>\n\t\t\t\t<\/div>\n\t\t<div class=\"elementor-element elementor-element-1f805e3 e-flex e-con-boxed e-con e-parent\" data-id=\"1f805e3\" data-element_type=\"container\">\n\t\t\t\t\t<div class=\"e-con-inner\">\n\t\t\t\t<div class=\"elementor-element elementor-element-7182049 elementor-widget elementor-widget-html\" data-id=\"7182049\" data-element_type=\"widget\" data-widget_type=\"html.default\">\n\t\t\t\t\t<script>(function (w, d, s, o, f, js, fjs) {\n    w[\"botsonic_widget\"] = o;\n    w[o] =\n      w[o] ||\n      function () {\n        (w[o].q = w[o].q || []).push(arguments);\n      };\n    (js = d.createElement(s)), (fjs = d.getElementsByTagName(s)[0]);\n    js.id = o;\n    js.src = f;\n    js.async = 1;\n    fjs.parentNode.insertBefore(js, fjs);\n  })(window, document, \"script\", \"Botsonic\", \"https:\/\/widget.botsonic.com\/CDN\/botsonic.min.js\");\n  Botsonic(\"init\", {\n    serviceBaseUrl: \"https:\/\/api-bot.writesonic.com\",\n    token: \"0ccf6a55-bb1f-47a1-b9f6-d0f3c2ad836b\",\n  });\n<\/script>\t\t\t\t<\/div>\n\t\t\t\t\t<\/div>\n\t\t\t\t<\/div>\n\t\t\t\t<\/div>\n\t\t","protected":false},"excerpt":{"rendered":"<p>FAQ Preguntas Frecuentes \u00bfEs halal esta marca? AVS solo puede garantizar la calidad halal de los productos certificados por ella misma. Su base se fundamenta en la presencia f\u00edsica de agentes controladores desde el sacrificio hasta el envasado, para cada uno de los productos certificados. Por lo tanto, no emitimos ninguna certificaci\u00f3n sin la presencia [&hellip;]<\/p>\n","protected":false},"author":1,"featured_media":0,"parent":0,"menu_order":0,"comment_status":"closed","ping_status":"closed","template":"","meta":{"footnotes":""},"class_list":["post-1708","page","type-page","status-publish","hentry"],"yoast_head":"<!-- This site is optimized with the Yoast SEO plugin v26.5 - https:\/\/yoast.com\/wordpress\/plugins\/seo\/ -->\n<title>AVS - Le halal en toute confiance<\/title>\n<meta name=\"description\" content=\"Desde 1991, la asociaci\u00f3n AVS est\u00e1 especializada en la certificaci\u00f3n halal en Francia. Control riguroso que respeta el rito musulm\u00e1n.\" \/>\n<meta name=\"robots\" content=\"index, follow, max-snippet:-1, max-image-preview:large, max-video-preview:-1\" \/>\n<link rel=\"canonical\" href=\"https:\/\/avs.fr\/es\/preguntas-frecuentes\/\" \/>\n<meta property=\"og:locale\" content=\"es_ES\" \/>\n<meta property=\"og:type\" content=\"article\" \/>\n<meta property=\"og:title\" content=\"AVS - Le halal en toute confiance\" \/>\n<meta property=\"og:description\" content=\"Desde 1991, la asociaci\u00f3n AVS est\u00e1 especializada en la certificaci\u00f3n halal en Francia. Control riguroso que respeta el rito musulm\u00e1n.\" \/>\n<meta property=\"og:url\" content=\"https:\/\/avs.fr\/es\/preguntas-frecuentes\/\" \/>\n<meta property=\"og:site_name\" content=\"AVS\" \/>\n<meta property=\"article:modified_time\" content=\"2025-12-27T05:35:23+00:00\" \/>\n<meta property=\"og:image\" content=\"https:\/\/avs.fr\/wp-content\/uploads\/2025\/08\/quesiton.png\" \/>\n\t<meta property=\"og:image:width\" content=\"500\" \/>\n\t<meta property=\"og:image:height\" content=\"446\" \/>\n\t<meta property=\"og:image:type\" content=\"image\/png\" \/>\n<meta name=\"twitter:card\" content=\"summary_large_image\" \/>\n<meta name=\"twitter:label1\" content=\"Tiempo de lectura\" \/>\n\t<meta name=\"twitter:data1\" content=\"4 minutos\" \/>\n<script type=\"application\/ld+json\" class=\"yoast-schema-graph\">{\"@context\":\"https:\/\/schema.org\",\"@graph\":[{\"@type\":\"WebPage\",\"@id\":\"https:\/\/avs.fr\/es\/preguntas-frecuentes\/\",\"url\":\"https:\/\/avs.fr\/es\/preguntas-frecuentes\/\",\"name\":\"AVS - Le halal en toute confiance\",\"isPartOf\":{\"@id\":\"https:\/\/avs.fr\/#website\"},\"primaryImageOfPage\":{\"@id\":\"https:\/\/avs.fr\/es\/preguntas-frecuentes\/#primaryimage\"},\"image\":{\"@id\":\"https:\/\/avs.fr\/es\/preguntas-frecuentes\/#primaryimage\"},\"thumbnailUrl\":\"https:\/\/avs.fr\/wp-content\/uploads\/2025\/08\/quesiton.png\",\"datePublished\":\"2025-10-22T03:49:48+00:00\",\"dateModified\":\"2025-12-27T05:35:23+00:00\",\"description\":\"Desde 1991, la asociaci\u00f3n AVS est\u00e1 especializada en la certificaci\u00f3n halal en Francia. Control riguroso que respeta el rito musulm\u00e1n.\",\"breadcrumb\":{\"@id\":\"https:\/\/avs.fr\/es\/preguntas-frecuentes\/#breadcrumb\"},\"inLanguage\":\"es\",\"potentialAction\":[{\"@type\":\"ReadAction\",\"target\":[\"https:\/\/avs.fr\/es\/preguntas-frecuentes\/\"]}]},{\"@type\":\"ImageObject\",\"inLanguage\":\"es\",\"@id\":\"https:\/\/avs.fr\/es\/preguntas-frecuentes\/#primaryimage\",\"url\":\"https:\/\/avs.fr\/wp-content\/uploads\/2025\/08\/quesiton.png\",\"contentUrl\":\"https:\/\/avs.fr\/wp-content\/uploads\/2025\/08\/quesiton.png\"},{\"@type\":\"BreadcrumbList\",\"@id\":\"https:\/\/avs.fr\/es\/preguntas-frecuentes\/#breadcrumb\",\"itemListElement\":[{\"@type\":\"ListItem\",\"position\":1,\"name\":\"Accueil\",\"item\":\"https:\/\/avs.fr\/es\/inicio\/\"},{\"@type\":\"ListItem\",\"position\":2,\"name\":\"Preguntas frecuentes\"}]},{\"@type\":\"WebSite\",\"@id\":\"https:\/\/avs.fr\/#website\",\"url\":\"https:\/\/avs.fr\/\",\"name\":\"AVS\",\"description\":\"Le halal en toute confiance\",\"publisher\":{\"@id\":\"https:\/\/avs.fr\/#organization\"},\"potentialAction\":[{\"@type\":\"SearchAction\",\"target\":{\"@type\":\"EntryPoint\",\"urlTemplate\":\"https:\/\/avs.fr\/?s={search_term_string}\"},\"query-input\":{\"@type\":\"PropertyValueSpecification\",\"valueRequired\":true,\"valueName\":\"search_term_string\"}}],\"inLanguage\":\"es\"},{\"@type\":\"Organization\",\"@id\":\"https:\/\/avs.fr\/#organization\",\"name\":\"AVS\",\"url\":\"https:\/\/avs.fr\/\",\"logo\":{\"@type\":\"ImageObject\",\"inLanguage\":\"es\",\"@id\":\"https:\/\/avs.fr\/#\/schema\/logo\/image\/\",\"url\":\"https:\/\/avs.fr\/wp-content\/uploads\/2025\/08\/logo-avs.png\",\"contentUrl\":\"https:\/\/avs.fr\/wp-content\/uploads\/2025\/08\/logo-avs.png\",\"width\":317,\"height\":306,\"caption\":\"AVS\"},\"image\":{\"@id\":\"https:\/\/avs.fr\/#\/schema\/logo\/image\/\"}}]}<\/script>\n<!-- \/ Yoast SEO plugin. -->","yoast_head_json":{"title":"AVS - Le halal en toute confiance","description":"Desde 1991, la asociaci\u00f3n AVS est\u00e1 especializada en la certificaci\u00f3n halal en Francia. Control riguroso que respeta el rito musulm\u00e1n.","robots":{"index":"index","follow":"follow","max-snippet":"max-snippet:-1","max-image-preview":"max-image-preview:large","max-video-preview":"max-video-preview:-1"},"canonical":"https:\/\/avs.fr\/es\/preguntas-frecuentes\/","og_locale":"es_ES","og_type":"article","og_title":"AVS - Le halal en toute confiance","og_description":"Desde 1991, la asociaci\u00f3n AVS est\u00e1 especializada en la certificaci\u00f3n halal en Francia. Control riguroso que respeta el rito musulm\u00e1n.","og_url":"https:\/\/avs.fr\/es\/preguntas-frecuentes\/","og_site_name":"AVS","article_modified_time":"2025-12-27T05:35:23+00:00","og_image":[{"width":500,"height":446,"url":"https:\/\/avs.fr\/wp-content\/uploads\/2025\/08\/quesiton.png","type":"image\/png"}],"twitter_card":"summary_large_image","twitter_misc":{"Tiempo de lectura":"4 minutos"},"schema":{"@context":"https:\/\/schema.org","@graph":[{"@type":"WebPage","@id":"https:\/\/avs.fr\/es\/preguntas-frecuentes\/","url":"https:\/\/avs.fr\/es\/preguntas-frecuentes\/","name":"AVS - Le halal en toute confiance","isPartOf":{"@id":"https:\/\/avs.fr\/#website"},"primaryImageOfPage":{"@id":"https:\/\/avs.fr\/es\/preguntas-frecuentes\/#primaryimage"},"image":{"@id":"https:\/\/avs.fr\/es\/preguntas-frecuentes\/#primaryimage"},"thumbnailUrl":"https:\/\/avs.fr\/wp-content\/uploads\/2025\/08\/quesiton.png","datePublished":"2025-10-22T03:49:48+00:00","dateModified":"2025-12-27T05:35:23+00:00","description":"Desde 1991, la asociaci\u00f3n AVS est\u00e1 especializada en la certificaci\u00f3n halal en Francia. Control riguroso que respeta el rito musulm\u00e1n.","breadcrumb":{"@id":"https:\/\/avs.fr\/es\/preguntas-frecuentes\/#breadcrumb"},"inLanguage":"es","potentialAction":[{"@type":"ReadAction","target":["https:\/\/avs.fr\/es\/preguntas-frecuentes\/"]}]},{"@type":"ImageObject","inLanguage":"es","@id":"https:\/\/avs.fr\/es\/preguntas-frecuentes\/#primaryimage","url":"https:\/\/avs.fr\/wp-content\/uploads\/2025\/08\/quesiton.png","contentUrl":"https:\/\/avs.fr\/wp-content\/uploads\/2025\/08\/quesiton.png"},{"@type":"BreadcrumbList","@id":"https:\/\/avs.fr\/es\/preguntas-frecuentes\/#breadcrumb","itemListElement":[{"@type":"ListItem","position":1,"name":"Accueil","item":"https:\/\/avs.fr\/es\/inicio\/"},{"@type":"ListItem","position":2,"name":"Preguntas frecuentes"}]},{"@type":"WebSite","@id":"https:\/\/avs.fr\/#website","url":"https:\/\/avs.fr\/","name":"AVS","description":"Le halal en toute confiance","publisher":{"@id":"https:\/\/avs.fr\/#organization"},"potentialAction":[{"@type":"SearchAction","target":{"@type":"EntryPoint","urlTemplate":"https:\/\/avs.fr\/?s={search_term_string}"},"query-input":{"@type":"PropertyValueSpecification","valueRequired":true,"valueName":"search_term_string"}}],"inLanguage":"es"},{"@type":"Organization","@id":"https:\/\/avs.fr\/#organization","name":"AVS","url":"https:\/\/avs.fr\/","logo":{"@type":"ImageObject","inLanguage":"es","@id":"https:\/\/avs.fr\/#\/schema\/logo\/image\/","url":"https:\/\/avs.fr\/wp-content\/uploads\/2025\/08\/logo-avs.png","contentUrl":"https:\/\/avs.fr\/wp-content\/uploads\/2025\/08\/logo-avs.png","width":317,"height":306,"caption":"AVS"},"image":{"@id":"https:\/\/avs.fr\/#\/schema\/logo\/image\/"}}]}},"_links":{"self":[{"href":"https:\/\/avs.fr\/es\/wp-json\/wp\/v2\/pages\/1708","targetHints":{"allow":["GET"]}}],"collection":[{"href":"https:\/\/avs.fr\/es\/wp-json\/wp\/v2\/pages"}],"about":[{"href":"https:\/\/avs.fr\/es\/wp-json\/wp\/v2\/types\/page"}],"author":[{"embeddable":true,"href":"https:\/\/avs.fr\/es\/wp-json\/wp\/v2\/users\/1"}],"replies":[{"embeddable":true,"href":"https:\/\/avs.fr\/es\/wp-json\/wp\/v2\/comments?post=1708"}],"version-history":[{"count":3,"href":"https:\/\/avs.fr\/es\/wp-json\/wp\/v2\/pages\/1708\/revisions"}],"predecessor-version":[{"id":1722,"href":"https:\/\/avs.fr\/es\/wp-json\/wp\/v2\/pages\/1708\/revisions\/1722"}],"wp:attachment":[{"href":"https:\/\/avs.fr\/es\/wp-json\/wp\/v2\/media?parent=1708"}],"curies":[{"name":"wp","href":"https:\/\/api.w.org\/{rel}","templated":true}]}}