{"id":1580,"date":"2025-08-16T12:44:34","date_gmt":"2025-08-16T11:44:34","guid":{"rendered":"https:\/\/avs.fr\/polityka-plikow-cookie\/"},"modified":"2025-10-10T10:05:41","modified_gmt":"2025-10-10T09:05:41","slug":"polityka-plikow-cookie","status":"publish","type":"page","link":"https:\/\/avs.fr\/pl\/polityka-plikow-cookie\/","title":{"rendered":"Polityka plik\u00f3w cookie"},"content":{"rendered":"<p>Ta strona zawiera wyczerpuj\u0105ce informacje o tym, jak u\u017cywamy plik\u00f3w cookie na naszej stronie internetowej, aby poprawi\u0107 twoje do\u015bwiadczenia podczas przegl\u0105dania, zwi\u0119kszy\u0107 wydajno\u015b\u0107 strony i dostarczy\u0107 spersonalizowane tre\u015bci. Pliki cookie to ma\u0142e pliki tekstowe, kt\u00f3re s\u0105 przechowywane na twoim urz\u0105dzeniu, gdy odwiedzasz nasz\u0105 stron\u0119. Pomagaj\u0105 nam zrozumie\u0107, jak odwiedzaj\u0105cy korzystaj\u0105 z naszej strony internetowej, co pozwala nam oferowa\u0107 p\u0142ynniejsze i bardziej efektywne do\u015bwiadczenia u\u017cytkownika. W tabeli poni\u017cej znajdziesz szczeg\u00f3\u0142owe informacje o ka\u017cdym typie plik\u00f3w cookie, kt\u00f3rych u\u017cywamy, ich przeznaczeniu i czasie, przez jaki pozostaj\u0105 na twoim urz\u0105dzeniu. Zobowi\u0105zujemy si\u0119 do szanowania twojej prywatno\u015bci i zapewnienia przejrzysto\u015bci dotycz\u0105cej danych, kt\u00f3re zbieramy za pomoc\u0105 plik\u00f3w cookie. Aby uzyska\u0107 wi\u0119cej informacji o tym, jak obs\u0142ugujemy twoje dane osobowe, zobacz nasz\u0105 <a href=\"\">Polityk\u0119 prywatno\u015bci.<\/a>     <\/p><div class=\"wpconsent-cookie-policy\"><h2 class=\"wpconsent-cookie-category-name\">Essential<\/h2><p class=\"wpconsent-cookie-category-description\">Essential cookies enable basic functions and are necessary for the proper function of the website.<\/p><table class=\"wpconsent-cookie-policy-table\"><tr><th>Cookie ID<\/th><th>Purpose<\/th><th>Duration<\/th><\/tr><tr><td>wpconsent_preferences<\/td><td>This cookie is used to store the user&#039;s cookie consent preferences.<\/td><td>30 days<\/td><\/tr><\/table><h3 class=\"wpconsent-cookie-service-name\">Comments<\/h3><p class=\"wpconsent-cookie-service-description\">These cookies are needed for adding comments on this website.<\/p><table class=\"wpconsent-cookie-policy-table\"><tr><th>Cookie ID<\/th><th>Purpose<\/th><th>Duration<\/th><\/tr><tr><td>comment_author_email<\/td><td>Used to track the user across multiple sessions.<\/td><td>Session<\/td><\/tr><tr><td>comment_author_url<\/td><td>Used to track the user across multiple sessions.<\/td><td>Session<\/td><\/tr><tr><td>comment_author<\/td><td>Used to track the user across multiple sessions.<\/td><td>Session<\/td><\/tr><\/table><h3 class=\"wpconsent-cookie-service-name\">Login<\/h3><p class=\"wpconsent-cookie-service-description\">These cookies are used for managing login functionality on this website.<\/p><table class=\"wpconsent-cookie-policy-table\"><tr><th>Cookie ID<\/th><th>Purpose<\/th><th>Duration<\/th><\/tr><tr><td>wordpress_logged_in<\/td><td>Used to store logged-in users.<\/td><td>Persistent<\/td><\/tr><tr><td>wordpress_sec<\/td><td>Used to track the user across multiple sessions.<\/td><td>15 days<\/td><\/tr><tr><td>wordpress_test_cookie<\/td><td>Used to determine if cookies are enabled.<\/td><td>Session<\/td><\/tr><\/table><\/div>\n","protected":false},"excerpt":{"rendered":"<p>Ta strona zawiera wyczerpuj\u0105ce informacje o tym, jak u\u017cywamy plik\u00f3w cookie na naszej stronie internetowej, aby poprawi\u0107 twoje do\u015bwiadczenia podczas przegl\u0105dania, zwi\u0119kszy\u0107 wydajno\u015b\u0107 strony i dostarczy\u0107 spersonalizowane tre\u015bci. Pliki cookie to ma\u0142e pliki tekstowe, kt\u00f3re s\u0105 przechowywane na twoim urz\u0105dzeniu, gdy odwiedzasz nasz\u0105 stron\u0119. Pomagaj\u0105 nam zrozumie\u0107, jak odwiedzaj\u0105cy korzystaj\u0105 z naszej strony internetowej, co [&hellip;]<\/p>\n","protected":false},"author":1,"featured_media":0,"parent":0,"menu_order":0,"comment_status":"closed","ping_status":"closed","template":"","meta":{"footnotes":""},"class_list":["post-1580","page","type-page","status-publish","hentry"],"yoast_head":"<!-- This site is optimized with the Yoast SEO plugin v26.5 - https:\/\/yoast.com\/wordpress\/plugins\/seo\/ -->\n<title>Polityka plik\u00f3w cookie - AVS<\/title>\n<meta name=\"robots\" content=\"index, follow, max-snippet:-1, max-image-preview:large, max-video-preview:-1\" \/>\n<link rel=\"canonical\" href=\"https:\/\/avs.fr\/pl\/polityka-plikow-cookie\/\" \/>\n<meta property=\"og:locale\" content=\"pl_PL\" \/>\n<meta property=\"og:type\" content=\"article\" \/>\n<meta property=\"og:title\" content=\"Polityka plik\u00f3w cookie - AVS\" \/>\n<meta property=\"og:description\" content=\"Ta strona zawiera wyczerpuj\u0105ce informacje o tym, jak u\u017cywamy plik\u00f3w cookie na naszej stronie internetowej, aby poprawi\u0107 twoje do\u015bwiadczenia podczas przegl\u0105dania, zwi\u0119kszy\u0107 wydajno\u015b\u0107 strony i dostarczy\u0107 spersonalizowane tre\u015bci. Pliki cookie to ma\u0142e pliki tekstowe, kt\u00f3re s\u0105 przechowywane na twoim urz\u0105dzeniu, gdy odwiedzasz nasz\u0105 stron\u0119. Pomagaj\u0105 nam zrozumie\u0107, jak odwiedzaj\u0105cy korzystaj\u0105 z naszej strony internetowej, co [&hellip;]\" \/>\n<meta property=\"og:url\" content=\"https:\/\/avs.fr\/pl\/polityka-plikow-cookie\/\" \/>\n<meta property=\"og:site_name\" content=\"AVS\" \/>\n<meta property=\"article:modified_time\" content=\"2025-10-10T09:05:41+00:00\" \/>\n<meta name=\"twitter:card\" content=\"summary_large_image\" \/>\n<meta name=\"twitter:label1\" content=\"Szacowany czas czytania\" \/>\n\t<meta name=\"twitter:data1\" content=\"1 minuta\" \/>\n<script type=\"application\/ld+json\" class=\"yoast-schema-graph\">{\"@context\":\"https:\/\/schema.org\",\"@graph\":[{\"@type\":\"WebPage\",\"@id\":\"https:\/\/avs.fr\/pl\/polityka-plikow-cookie\/\",\"url\":\"https:\/\/avs.fr\/pl\/polityka-plikow-cookie\/\",\"name\":\"Polityka plik\u00f3w cookie - AVS\",\"isPartOf\":{\"@id\":\"https:\/\/avs.fr\/#website\"},\"datePublished\":\"2025-08-16T11:44:34+00:00\",\"dateModified\":\"2025-10-10T09:05:41+00:00\",\"breadcrumb\":{\"@id\":\"https:\/\/avs.fr\/pl\/polityka-plikow-cookie\/#breadcrumb\"},\"inLanguage\":\"pl-PL\",\"potentialAction\":[{\"@type\":\"ReadAction\",\"target\":[\"https:\/\/avs.fr\/pl\/polityka-plikow-cookie\/\"]}]},{\"@type\":\"BreadcrumbList\",\"@id\":\"https:\/\/avs.fr\/pl\/polityka-plikow-cookie\/#breadcrumb\",\"itemListElement\":[{\"@type\":\"ListItem\",\"position\":1,\"name\":\"Accueil\",\"item\":\"https:\/\/avs.fr\/pl\/strona-glowna\/\"},{\"@type\":\"ListItem\",\"position\":2,\"name\":\"Polityka plik\u00f3w cookie\"}]},{\"@type\":\"WebSite\",\"@id\":\"https:\/\/avs.fr\/#website\",\"url\":\"https:\/\/avs.fr\/\",\"name\":\"AVS\",\"description\":\"Le halal en toute confiance\",\"publisher\":{\"@id\":\"https:\/\/avs.fr\/#organization\"},\"potentialAction\":[{\"@type\":\"SearchAction\",\"target\":{\"@type\":\"EntryPoint\",\"urlTemplate\":\"https:\/\/avs.fr\/?s={search_term_string}\"},\"query-input\":{\"@type\":\"PropertyValueSpecification\",\"valueRequired\":true,\"valueName\":\"search_term_string\"}}],\"inLanguage\":\"pl-PL\"},{\"@type\":\"Organization\",\"@id\":\"https:\/\/avs.fr\/#organization\",\"name\":\"AVS\",\"url\":\"https:\/\/avs.fr\/\",\"logo\":{\"@type\":\"ImageObject\",\"inLanguage\":\"pl-PL\",\"@id\":\"https:\/\/avs.fr\/#\/schema\/logo\/image\/\",\"url\":\"https:\/\/avs.fr\/wp-content\/uploads\/2025\/08\/logo-avs.png\",\"contentUrl\":\"https:\/\/avs.fr\/wp-content\/uploads\/2025\/08\/logo-avs.png\",\"width\":317,\"height\":306,\"caption\":\"AVS\"},\"image\":{\"@id\":\"https:\/\/avs.fr\/#\/schema\/logo\/image\/\"}}]}<\/script>\n<!-- \/ Yoast SEO plugin. -->","yoast_head_json":{"title":"Polityka plik\u00f3w cookie - AVS","robots":{"index":"index","follow":"follow","max-snippet":"max-snippet:-1","max-image-preview":"max-image-preview:large","max-video-preview":"max-video-preview:-1"},"canonical":"https:\/\/avs.fr\/pl\/polityka-plikow-cookie\/","og_locale":"pl_PL","og_type":"article","og_title":"Polityka plik\u00f3w cookie - AVS","og_description":"Ta strona zawiera wyczerpuj\u0105ce informacje o tym, jak u\u017cywamy plik\u00f3w cookie na naszej stronie internetowej, aby poprawi\u0107 twoje do\u015bwiadczenia podczas przegl\u0105dania, zwi\u0119kszy\u0107 wydajno\u015b\u0107 strony i dostarczy\u0107 spersonalizowane tre\u015bci. Pliki cookie to ma\u0142e pliki tekstowe, kt\u00f3re s\u0105 przechowywane na twoim urz\u0105dzeniu, gdy odwiedzasz nasz\u0105 stron\u0119. Pomagaj\u0105 nam zrozumie\u0107, jak odwiedzaj\u0105cy korzystaj\u0105 z naszej strony internetowej, co [&hellip;]","og_url":"https:\/\/avs.fr\/pl\/polityka-plikow-cookie\/","og_site_name":"AVS","article_modified_time":"2025-10-10T09:05:41+00:00","twitter_card":"summary_large_image","twitter_misc":{"Szacowany czas czytania":"1 minuta"},"schema":{"@context":"https:\/\/schema.org","@graph":[{"@type":"WebPage","@id":"https:\/\/avs.fr\/pl\/polityka-plikow-cookie\/","url":"https:\/\/avs.fr\/pl\/polityka-plikow-cookie\/","name":"Polityka plik\u00f3w cookie - AVS","isPartOf":{"@id":"https:\/\/avs.fr\/#website"},"datePublished":"2025-08-16T11:44:34+00:00","dateModified":"2025-10-10T09:05:41+00:00","breadcrumb":{"@id":"https:\/\/avs.fr\/pl\/polityka-plikow-cookie\/#breadcrumb"},"inLanguage":"pl-PL","potentialAction":[{"@type":"ReadAction","target":["https:\/\/avs.fr\/pl\/polityka-plikow-cookie\/"]}]},{"@type":"BreadcrumbList","@id":"https:\/\/avs.fr\/pl\/polityka-plikow-cookie\/#breadcrumb","itemListElement":[{"@type":"ListItem","position":1,"name":"Accueil","item":"https:\/\/avs.fr\/pl\/strona-glowna\/"},{"@type":"ListItem","position":2,"name":"Polityka plik\u00f3w cookie"}]},{"@type":"WebSite","@id":"https:\/\/avs.fr\/#website","url":"https:\/\/avs.fr\/","name":"AVS","description":"Le halal en toute confiance","publisher":{"@id":"https:\/\/avs.fr\/#organization"},"potentialAction":[{"@type":"SearchAction","target":{"@type":"EntryPoint","urlTemplate":"https:\/\/avs.fr\/?s={search_term_string}"},"query-input":{"@type":"PropertyValueSpecification","valueRequired":true,"valueName":"search_term_string"}}],"inLanguage":"pl-PL"},{"@type":"Organization","@id":"https:\/\/avs.fr\/#organization","name":"AVS","url":"https:\/\/avs.fr\/","logo":{"@type":"ImageObject","inLanguage":"pl-PL","@id":"https:\/\/avs.fr\/#\/schema\/logo\/image\/","url":"https:\/\/avs.fr\/wp-content\/uploads\/2025\/08\/logo-avs.png","contentUrl":"https:\/\/avs.fr\/wp-content\/uploads\/2025\/08\/logo-avs.png","width":317,"height":306,"caption":"AVS"},"image":{"@id":"https:\/\/avs.fr\/#\/schema\/logo\/image\/"}}]}},"_links":{"self":[{"href":"https:\/\/avs.fr\/pl\/wp-json\/wp\/v2\/pages\/1580","targetHints":{"allow":["GET"]}}],"collection":[{"href":"https:\/\/avs.fr\/pl\/wp-json\/wp\/v2\/pages"}],"about":[{"href":"https:\/\/avs.fr\/pl\/wp-json\/wp\/v2\/types\/page"}],"author":[{"embeddable":true,"href":"https:\/\/avs.fr\/pl\/wp-json\/wp\/v2\/users\/1"}],"replies":[{"embeddable":true,"href":"https:\/\/avs.fr\/pl\/wp-json\/wp\/v2\/comments?post=1580"}],"version-history":[{"count":1,"href":"https:\/\/avs.fr\/pl\/wp-json\/wp\/v2\/pages\/1580\/revisions"}],"predecessor-version":[{"id":1581,"href":"https:\/\/avs.fr\/pl\/wp-json\/wp\/v2\/pages\/1580\/revisions\/1581"}],"wp:attachment":[{"href":"https:\/\/avs.fr\/pl\/wp-json\/wp\/v2\/media?parent=1580"}],"curies":[{"name":"wp","href":"https:\/\/api.w.org\/{rel}","templated":true}]}}