{"id":1619,"date":"2025-10-04T19:16:44","date_gmt":"2025-10-04T18:16:44","guid":{"rendered":"https:\/\/avs.fr\/o-nas\/"},"modified":"2025-10-10T10:06:14","modified_gmt":"2025-10-10T09:06:14","slug":"o-nas","status":"publish","type":"page","link":"https:\/\/avs.fr\/pl\/o-nas\/","title":{"rendered":"O nas"},"content":{"rendered":"\t\t<div data-elementor-type=\"wp-page\" data-elementor-id=\"1619\" class=\"elementor elementor-1619 elementor-1551\" data-elementor-post-type=\"page\">\n\t\t\t\t<div class=\"elementor-element elementor-element-8c214e6 e-flex e-con-boxed e-con e-parent\" data-id=\"8c214e6\" data-element_type=\"container\" data-settings=\"{&quot;background_background&quot;:&quot;gradient&quot;,&quot;shape_divider_bottom&quot;:&quot;opacity-fan&quot;}\">\n\t\t\t\t\t<div class=\"e-con-inner\">\n\t\t\t\t<div class=\"elementor-shape elementor-shape-bottom\" aria-hidden=\"true\" data-negative=\"false\">\n\t\t\t<svg xmlns=\"http:\/\/www.w3.org\/2000\/svg\" viewBox=\"0 0 283.5 19.6\" preserveAspectRatio=\"none\">\n\t<path class=\"elementor-shape-fill\" style=\"opacity:0.33\" d=\"M0 0L0 18.8 141.8 4.1 283.5 18.8 283.5 0z\"\/>\n\t<path class=\"elementor-shape-fill\" style=\"opacity:0.33\" d=\"M0 0L0 12.6 141.8 4 283.5 12.6 283.5 0z\"\/>\n\t<path class=\"elementor-shape-fill\" style=\"opacity:0.33\" d=\"M0 0L0 6.4 141.8 4 283.5 6.4 283.5 0z\"\/>\n\t<path class=\"elementor-shape-fill\" d=\"M0 0L0 1.2 141.8 4 283.5 1.2 283.5 0z\"\/>\n<\/svg>\t\t<\/div>\n\t\t\t\t<div class=\"elementor-element elementor-element-4e6f0b2 elementor-widget elementor-widget-heading\" data-id=\"4e6f0b2\" data-element_type=\"widget\" data-widget_type=\"heading.default\">\n\t\t\t\t\t<h2 class=\"elementor-heading-title elementor-size-default\">O nas<\/h2>\t\t\t\t<\/div>\n\t\t\t\t\t<\/div>\n\t\t\t\t<\/div>\n\t\t<div class=\"elementor-element elementor-element-8e0e72a e-flex e-con-boxed e-con e-parent\" data-id=\"8e0e72a\" data-element_type=\"container\">\n\t\t\t\t\t<div class=\"e-con-inner\">\n\t\t\t\t<div class=\"elementor-element elementor-element-03a4b06 elementor-widget elementor-widget-spacer\" data-id=\"03a4b06\" data-element_type=\"widget\" data-widget_type=\"spacer.default\">\n\t\t\t\t\t\t\t<div class=\"elementor-spacer\">\n\t\t\t<div class=\"elementor-spacer-inner\"><\/div>\n\t\t<\/div>\n\t\t\t\t\t\t<\/div>\n\t\t\t\t\t<\/div>\n\t\t\t\t<\/div>\n\t\t<div class=\"elementor-element elementor-element-cc468b9 e-flex e-con-boxed e-con e-parent\" data-id=\"cc468b9\" data-element_type=\"container\">\n\t\t\t\t\t<div class=\"e-con-inner\">\n\t\t\t\t<div class=\"elementor-element elementor-element-a699e4e elementor-widget elementor-widget-text-editor\" data-id=\"a699e4e\" data-element_type=\"widget\" data-widget_type=\"text-editor.default\">\n\t\t\t\t\t\t\t\t\t<p><\/p><p>AVS jest prywatn\u0105 organizacj\u0105 non-profit dzia\u0142aj\u0105c\u0105 na podstawie ustawy z 1901 roku, za\u0142o\u017con\u0105 w 1991 roku, kt\u00f3rej celem jest kontrola i certyfikacja Halal. Dzia\u0142alno\u015b\u0107 certyfikacyjna i kontrolna jest wymagaj\u0105ca, gdy wykonuje si\u0119 j\u0105 powa\u017cnie i sumiennie. AVS zatrudnia obecnie ponad stu pracownik\u00f3w, z czego 80% zajmuje si\u0119 wy\u0142\u0105cznie zadaniami kontrolnymi. Oko\u0142o trzydziestu os\u00f3b w naszej siedzibie w Saint-Denis (region paryski) zajmuje si\u0119 obs\u0142ug\u0105 administracyjn\u0105, techniczn\u0105 i ksi\u0119gow\u0105.   <\/p><p> <\/p><figure class=\"wp-block-image size-large\"><img fetchpriority=\"high\" decoding=\"async\" width=\"1024\" height=\"576\" class=\"wp-image-392\" src=\"https:\/\/new.avs.fr\/wp-content\/uploads\/2025\/06\/controle-1024x576.jpg\" alt=\"\" srcset=\"https:\/\/avs.fr\/wp-content\/uploads\/2025\/06\/controle-1024x576.jpg 1024w, https:\/\/avs.fr\/wp-content\/uploads\/2025\/06\/controle-300x169.jpg 300w, https:\/\/avs.fr\/wp-content\/uploads\/2025\/06\/controle-768x432.jpg 768w, https:\/\/avs.fr\/wp-content\/uploads\/2025\/06\/controle-1536x864.jpg 1536w, https:\/\/avs.fr\/wp-content\/uploads\/2025\/06\/controle-2048x1152.jpg 2048w\" sizes=\"(max-width: 1024px) 100vw, 1024px\" \/><\/figure><p> <\/p><p>Opieraj\u0105c si\u0119 na zasadach uczciwo\u015bci, doskona\u0142o\u015bci i innowacji, AVS sta\u0142o si\u0119 zaufanym partnerem dla firm na ca\u0142ym \u015bwiecie. Nasza droga charakteryzuje si\u0119 ci\u0105g\u0142ym d\u0105\u017ceniem do jako\u015bci i zaanga\u017cowaniem w bycie przy naszych klientach w ka\u017cdej chwili. <\/p><p> <\/p><h4 class=\"wp-block-heading has-large-font-size\">Certyfikacja halal<\/h4><p> <\/p><h3 class=\"wp-block-heading\"><strong>Kontrola plac\u00f3wek <\/strong><\/h3><p> <\/p><p>Plac\u00f3wki (rze\u017anie i restauracje), kt\u00f3re zdecydowa\u0142y si\u0119 na umow\u0119 z AVS, oferuj\u0105 swoim klientom wy\u0142\u0105cznie produkty mi\u0119sne certyfikowane przez AVS. Jest to us\u0142uga (bezp\u0142atna dla rze\u017ani), kt\u00f3r\u0105 oferujemy konsumentom, aby mogli spokojnie robi\u0107 zakupy w tych zatwierdzonych plac\u00f3wkach.  <\/p><p> <\/p><h3 class=\"wp-block-heading\"><strong>Certyfikacja marek<\/strong><\/h3><p> <\/p><p>Aby pom\u00f3c konsumentom odnale\u017a\u0107 si\u0119 w\u015br\u00f3d rosn\u0105cej liczby marek okre\u015blanych jako halal, AVS wprowadzi\u0142o umowy na wy\u0142\u0105czno\u015b\u0107 z markami, kt\u00f3re chc\u0105 uzyska\u0107 certyfikat AVS. Zgodnie z umow\u0105, producent jest zobowi\u0105zany do posiadania certyfikacji AVS dla wszystkich produkt\u00f3w sprzedawanych pod nazw\u0105 marki obj\u0119tej umow\u0105.  <\/p><p> <\/p><h3 class=\"wp-block-heading\"><strong>Certyfikacja produkt\u00f3w wysokiej jako\u015bci <\/strong><\/h3><p> <\/p><p>AVS promuje zdrow\u0105 \u017cywno\u015b\u0107 halal (bez dodanych azotyn\u00f3w, bez MOM, z hodowli ekologicznych, certyfikowan\u0105), a tak\u017ce procesy produkcyjne (od hodowli po ub\u00f3j), kt\u00f3re szanuj\u0105 prawa pracownik\u00f3w (muzu\u0142man\u00f3w i nie-muzu\u0142man\u00f3w) oraz traktuj\u0105 zwierz\u0119ta jako istoty czuj\u0105ce. Dlatego AVS zwraca szczeg\u00f3ln\u0105 uwag\u0119 na wszystkie alternatywne lub etyczne projekty, kt\u00f3re \u0142\u0105cz\u0105 autentyczne halal z jako\u015bci\u0105. <\/p><p> <\/p><h4 class=\"wp-block-heading has-large-font-size\">Nasza misja<\/h4><p> <\/p><h3 class=\"wp-block-heading\">W s\u0142u\u017cbie konsumentom<\/h3><p> <\/p><p>Aby zagwarantowa\u0107 konsumentom halal charakter produkt\u00f3w, pracownicy AVS s\u0105 obecni w ca\u0142ym \u0142a\u0144cuchu, od uboju zwierz\u0119cia po pakowanie i plombowanie produkt\u00f3w.<\/p><p> <\/p><h3 class=\"wp-block-heading\">Zachowanie halal w \u015brodowisku przemys\u0142owym<\/h3><p> <\/p><p>Rze\u017anie przemys\u0142owe s\u0105 obecnie zamkni\u0119tymi przestrzeniami niedost\u0119pnymi dla og\u00f3\u0142u spo\u0142ecze\u0144stwa. Konsumenci nie maj\u0105 wi\u0119c wgl\u0105du w spos\u00f3b traktowania i uboju zwierz\u0105t. <\/p><p><\/p>\t\t\t\t\t\t\t\t<\/div>\n\t\t\t\t\t<\/div>\n\t\t\t\t<\/div>\n\t\t\t\t<\/div>\n\t\t","protected":false},"excerpt":{"rendered":"<p>O nas AVS jest prywatn\u0105 organizacj\u0105 non-profit dzia\u0142aj\u0105c\u0105 na podstawie ustawy z 1901 roku, za\u0142o\u017con\u0105 w 1991 roku, kt\u00f3rej celem jest kontrola i certyfikacja Halal. Dzia\u0142alno\u015b\u0107 certyfikacyjna i kontrolna jest wymagaj\u0105ca, gdy wykonuje si\u0119 j\u0105 powa\u017cnie i sumiennie. AVS zatrudnia obecnie ponad stu pracownik\u00f3w, z czego 80% zajmuje si\u0119 wy\u0142\u0105cznie zadaniami kontrolnymi. Oko\u0142o trzydziestu os\u00f3b [&hellip;]<\/p>\n","protected":false},"author":1,"featured_media":0,"parent":0,"menu_order":0,"comment_status":"closed","ping_status":"closed","template":"","meta":{"footnotes":""},"class_list":["post-1619","page","type-page","status-publish","hentry"],"yoast_head":"<!-- This site is optimized with the Yoast SEO plugin v26.5 - https:\/\/yoast.com\/wordpress\/plugins\/seo\/ -->\n<title>O nas - AVS<\/title>\n<meta name=\"robots\" content=\"index, follow, max-snippet:-1, max-image-preview:large, max-video-preview:-1\" \/>\n<link rel=\"canonical\" href=\"https:\/\/avs.fr\/pl\/o-nas\/\" \/>\n<meta property=\"og:locale\" content=\"pl_PL\" \/>\n<meta property=\"og:type\" content=\"article\" \/>\n<meta property=\"og:title\" content=\"O nas - AVS\" \/>\n<meta property=\"og:description\" content=\"O nas AVS jest prywatn\u0105 organizacj\u0105 non-profit dzia\u0142aj\u0105c\u0105 na podstawie ustawy z 1901 roku, za\u0142o\u017con\u0105 w 1991 roku, kt\u00f3rej celem jest kontrola i certyfikacja Halal. Dzia\u0142alno\u015b\u0107 certyfikacyjna i kontrolna jest wymagaj\u0105ca, gdy wykonuje si\u0119 j\u0105 powa\u017cnie i sumiennie. AVS zatrudnia obecnie ponad stu pracownik\u00f3w, z czego 80% zajmuje si\u0119 wy\u0142\u0105cznie zadaniami kontrolnymi. Oko\u0142o trzydziestu os\u00f3b [&hellip;]\" \/>\n<meta property=\"og:url\" content=\"https:\/\/avs.fr\/pl\/o-nas\/\" \/>\n<meta property=\"og:site_name\" content=\"AVS\" \/>\n<meta property=\"article:modified_time\" content=\"2025-10-10T09:06:14+00:00\" \/>\n<meta property=\"og:image\" content=\"https:\/\/avs.fr\/wp-content\/uploads\/2025\/06\/controle.jpg\" \/>\n\t<meta property=\"og:image:width\" content=\"2560\" \/>\n\t<meta property=\"og:image:height\" content=\"1440\" \/>\n\t<meta property=\"og:image:type\" content=\"image\/jpeg\" \/>\n<meta name=\"twitter:card\" content=\"summary_large_image\" \/>\n<meta name=\"twitter:label1\" content=\"Szacowany czas czytania\" \/>\n\t<meta name=\"twitter:data1\" content=\"2 minuty\" \/>\n<script type=\"application\/ld+json\" class=\"yoast-schema-graph\">{\"@context\":\"https:\/\/schema.org\",\"@graph\":[{\"@type\":\"WebPage\",\"@id\":\"https:\/\/avs.fr\/pl\/o-nas\/\",\"url\":\"https:\/\/avs.fr\/pl\/o-nas\/\",\"name\":\"O nas - AVS\",\"isPartOf\":{\"@id\":\"https:\/\/avs.fr\/#website\"},\"primaryImageOfPage\":{\"@id\":\"https:\/\/avs.fr\/pl\/o-nas\/#primaryimage\"},\"image\":{\"@id\":\"https:\/\/avs.fr\/pl\/o-nas\/#primaryimage\"},\"thumbnailUrl\":\"https:\/\/new.avs.fr\/wp-content\/uploads\/2025\/06\/controle-1024x576.jpg\",\"datePublished\":\"2025-10-04T18:16:44+00:00\",\"dateModified\":\"2025-10-10T09:06:14+00:00\",\"breadcrumb\":{\"@id\":\"https:\/\/avs.fr\/pl\/o-nas\/#breadcrumb\"},\"inLanguage\":\"pl-PL\",\"potentialAction\":[{\"@type\":\"ReadAction\",\"target\":[\"https:\/\/avs.fr\/pl\/o-nas\/\"]}]},{\"@type\":\"ImageObject\",\"inLanguage\":\"pl-PL\",\"@id\":\"https:\/\/avs.fr\/pl\/o-nas\/#primaryimage\",\"url\":\"https:\/\/new.avs.fr\/wp-content\/uploads\/2025\/06\/controle-1024x576.jpg\",\"contentUrl\":\"https:\/\/new.avs.fr\/wp-content\/uploads\/2025\/06\/controle-1024x576.jpg\"},{\"@type\":\"BreadcrumbList\",\"@id\":\"https:\/\/avs.fr\/pl\/o-nas\/#breadcrumb\",\"itemListElement\":[{\"@type\":\"ListItem\",\"position\":1,\"name\":\"Accueil\",\"item\":\"https:\/\/avs.fr\/pl\/strona-glowna\/\"},{\"@type\":\"ListItem\",\"position\":2,\"name\":\"O nas\"}]},{\"@type\":\"WebSite\",\"@id\":\"https:\/\/avs.fr\/#website\",\"url\":\"https:\/\/avs.fr\/\",\"name\":\"AVS\",\"description\":\"Le halal en toute confiance\",\"publisher\":{\"@id\":\"https:\/\/avs.fr\/#organization\"},\"potentialAction\":[{\"@type\":\"SearchAction\",\"target\":{\"@type\":\"EntryPoint\",\"urlTemplate\":\"https:\/\/avs.fr\/?s={search_term_string}\"},\"query-input\":{\"@type\":\"PropertyValueSpecification\",\"valueRequired\":true,\"valueName\":\"search_term_string\"}}],\"inLanguage\":\"pl-PL\"},{\"@type\":\"Organization\",\"@id\":\"https:\/\/avs.fr\/#organization\",\"name\":\"AVS\",\"url\":\"https:\/\/avs.fr\/\",\"logo\":{\"@type\":\"ImageObject\",\"inLanguage\":\"pl-PL\",\"@id\":\"https:\/\/avs.fr\/#\/schema\/logo\/image\/\",\"url\":\"https:\/\/avs.fr\/wp-content\/uploads\/2025\/08\/logo-avs.png\",\"contentUrl\":\"https:\/\/avs.fr\/wp-content\/uploads\/2025\/08\/logo-avs.png\",\"width\":317,\"height\":306,\"caption\":\"AVS\"},\"image\":{\"@id\":\"https:\/\/avs.fr\/#\/schema\/logo\/image\/\"}}]}<\/script>\n<!-- \/ Yoast SEO plugin. -->","yoast_head_json":{"title":"O nas - AVS","robots":{"index":"index","follow":"follow","max-snippet":"max-snippet:-1","max-image-preview":"max-image-preview:large","max-video-preview":"max-video-preview:-1"},"canonical":"https:\/\/avs.fr\/pl\/o-nas\/","og_locale":"pl_PL","og_type":"article","og_title":"O nas - AVS","og_description":"O nas AVS jest prywatn\u0105 organizacj\u0105 non-profit dzia\u0142aj\u0105c\u0105 na podstawie ustawy z 1901 roku, za\u0142o\u017con\u0105 w 1991 roku, kt\u00f3rej celem jest kontrola i certyfikacja Halal. Dzia\u0142alno\u015b\u0107 certyfikacyjna i kontrolna jest wymagaj\u0105ca, gdy wykonuje si\u0119 j\u0105 powa\u017cnie i sumiennie. AVS zatrudnia obecnie ponad stu pracownik\u00f3w, z czego 80% zajmuje si\u0119 wy\u0142\u0105cznie zadaniami kontrolnymi. Oko\u0142o trzydziestu os\u00f3b [&hellip;]","og_url":"https:\/\/avs.fr\/pl\/o-nas\/","og_site_name":"AVS","article_modified_time":"2025-10-10T09:06:14+00:00","og_image":[{"width":2560,"height":1440,"url":"https:\/\/avs.fr\/wp-content\/uploads\/2025\/06\/controle.jpg","type":"image\/jpeg"}],"twitter_card":"summary_large_image","twitter_misc":{"Szacowany czas czytania":"2 minuty"},"schema":{"@context":"https:\/\/schema.org","@graph":[{"@type":"WebPage","@id":"https:\/\/avs.fr\/pl\/o-nas\/","url":"https:\/\/avs.fr\/pl\/o-nas\/","name":"O nas - AVS","isPartOf":{"@id":"https:\/\/avs.fr\/#website"},"primaryImageOfPage":{"@id":"https:\/\/avs.fr\/pl\/o-nas\/#primaryimage"},"image":{"@id":"https:\/\/avs.fr\/pl\/o-nas\/#primaryimage"},"thumbnailUrl":"https:\/\/new.avs.fr\/wp-content\/uploads\/2025\/06\/controle-1024x576.jpg","datePublished":"2025-10-04T18:16:44+00:00","dateModified":"2025-10-10T09:06:14+00:00","breadcrumb":{"@id":"https:\/\/avs.fr\/pl\/o-nas\/#breadcrumb"},"inLanguage":"pl-PL","potentialAction":[{"@type":"ReadAction","target":["https:\/\/avs.fr\/pl\/o-nas\/"]}]},{"@type":"ImageObject","inLanguage":"pl-PL","@id":"https:\/\/avs.fr\/pl\/o-nas\/#primaryimage","url":"https:\/\/new.avs.fr\/wp-content\/uploads\/2025\/06\/controle-1024x576.jpg","contentUrl":"https:\/\/new.avs.fr\/wp-content\/uploads\/2025\/06\/controle-1024x576.jpg"},{"@type":"BreadcrumbList","@id":"https:\/\/avs.fr\/pl\/o-nas\/#breadcrumb","itemListElement":[{"@type":"ListItem","position":1,"name":"Accueil","item":"https:\/\/avs.fr\/pl\/strona-glowna\/"},{"@type":"ListItem","position":2,"name":"O nas"}]},{"@type":"WebSite","@id":"https:\/\/avs.fr\/#website","url":"https:\/\/avs.fr\/","name":"AVS","description":"Le halal en toute confiance","publisher":{"@id":"https:\/\/avs.fr\/#organization"},"potentialAction":[{"@type":"SearchAction","target":{"@type":"EntryPoint","urlTemplate":"https:\/\/avs.fr\/?s={search_term_string}"},"query-input":{"@type":"PropertyValueSpecification","valueRequired":true,"valueName":"search_term_string"}}],"inLanguage":"pl-PL"},{"@type":"Organization","@id":"https:\/\/avs.fr\/#organization","name":"AVS","url":"https:\/\/avs.fr\/","logo":{"@type":"ImageObject","inLanguage":"pl-PL","@id":"https:\/\/avs.fr\/#\/schema\/logo\/image\/","url":"https:\/\/avs.fr\/wp-content\/uploads\/2025\/08\/logo-avs.png","contentUrl":"https:\/\/avs.fr\/wp-content\/uploads\/2025\/08\/logo-avs.png","width":317,"height":306,"caption":"AVS"},"image":{"@id":"https:\/\/avs.fr\/#\/schema\/logo\/image\/"}}]}},"_links":{"self":[{"href":"https:\/\/avs.fr\/pl\/wp-json\/wp\/v2\/pages\/1619","targetHints":{"allow":["GET"]}}],"collection":[{"href":"https:\/\/avs.fr\/pl\/wp-json\/wp\/v2\/pages"}],"about":[{"href":"https:\/\/avs.fr\/pl\/wp-json\/wp\/v2\/types\/page"}],"author":[{"embeddable":true,"href":"https:\/\/avs.fr\/pl\/wp-json\/wp\/v2\/users\/1"}],"replies":[{"embeddable":true,"href":"https:\/\/avs.fr\/pl\/wp-json\/wp\/v2\/comments?post=1619"}],"version-history":[{"count":1,"href":"https:\/\/avs.fr\/pl\/wp-json\/wp\/v2\/pages\/1619\/revisions"}],"predecessor-version":[{"id":1620,"href":"https:\/\/avs.fr\/pl\/wp-json\/wp\/v2\/pages\/1619\/revisions\/1620"}],"wp:attachment":[{"href":"https:\/\/avs.fr\/pl\/wp-json\/wp\/v2\/media?parent=1619"}],"curies":[{"name":"wp","href":"https:\/\/api.w.org\/{rel}","templated":true}]}}