{"id":1723,"date":"2025-10-22T05:02:40","date_gmt":"2025-10-22T04:02:40","guid":{"rendered":"https:\/\/avs.fr\/dostawcy\/"},"modified":"2025-12-27T06:35:25","modified_gmt":"2025-12-27T05:35:25","slug":"dostawcy","status":"publish","type":"page","link":"https:\/\/avs.fr\/pl\/dostawcy\/","title":{"rendered":"Dostawcy"},"content":{"rendered":"\t\t<div data-elementor-type=\"wp-page\" data-elementor-id=\"1723\" class=\"elementor elementor-1723 elementor-1679\" data-elementor-post-type=\"page\">\n\t\t\t\t<div class=\"elementor-element elementor-element-1a17e0f e-con-full e-flex e-con e-parent\" data-id=\"1a17e0f\" data-element_type=\"container\">\n\t\t\t\t<div class=\"elementor-element elementor-element-cd942e6 elementor-widget elementor-widget-heading\" data-id=\"cd942e6\" data-element_type=\"widget\" data-widget_type=\"heading.default\">\n\t\t\t\t\t<h2 class=\"elementor-heading-title elementor-size-default\">Nale\u017cy pami\u0119ta\u0107, \u017ce nie wszyscy nasi partnerzy oferuj\u0105 wy\u0142\u0105cznie mi\u0119so z certyfikatem AVS. Dlatego zalecamy wyra\u017ane okre\u015blanie certyfikacji AVS podczas sk\u0142adania zam\u00f3wie\u0144 i systematyczne sprawdzanie obecno\u015bci oznaczenia AVS na wszystkich opakowaniach i\/lub tuszach przy odbiorze. <\/h2>\t\t\t\t<\/div>\n\t\t\t\t<\/div>\n\t\t<div class=\"elementor-element elementor-element-37d96ad e-con-full e-flex e-con e-parent\" data-id=\"37d96ad\" data-element_type=\"container\">\n\t\t\t\t<div class=\"elementor-element elementor-element-f5a2962 elementor-widget elementor-widget-html\" data-id=\"f5a2962\" data-element_type=\"widget\" data-widget_type=\"html.default\">\n\t\t\t\t\t<iframe src=\"https:\/\/avs.fr\/etablissements\/index.html?category=fournisseurs\" width=\"100%\" height=\"800\" style=\"border:none;\"><\/iframe>\t\t\t\t<\/div>\n\t\t\t\t<\/div>\n\t\t\t\t<\/div>\n\t\t","protected":false},"excerpt":{"rendered":"<p>Nale\u017cy pami\u0119ta\u0107, \u017ce nie wszyscy nasi partnerzy oferuj\u0105 wy\u0142\u0105cznie mi\u0119so z certyfikatem AVS. Dlatego zalecamy wyra\u017ane okre\u015blanie certyfikacji AVS podczas sk\u0142adania zam\u00f3wie\u0144 i systematyczne sprawdzanie obecno\u015bci oznaczenia AVS na wszystkich opakowaniach i\/lub tuszach przy odbiorze.<\/p>\n","protected":false},"author":1,"featured_media":0,"parent":0,"menu_order":0,"comment_status":"closed","ping_status":"closed","template":"elementor_canvas","meta":{"footnotes":""},"class_list":["post-1723","page","type-page","status-publish","hentry"],"yoast_head":"<!-- This site is optimized with the Yoast SEO plugin v26.5 - https:\/\/yoast.com\/wordpress\/plugins\/seo\/ -->\n<title>Dostawcy - AVS<\/title>\n<meta name=\"robots\" content=\"index, follow, max-snippet:-1, max-image-preview:large, max-video-preview:-1\" \/>\n<link rel=\"canonical\" href=\"https:\/\/avs.fr\/pl\/dostawcy\/\" \/>\n<meta property=\"og:locale\" content=\"pl_PL\" \/>\n<meta property=\"og:type\" content=\"article\" \/>\n<meta property=\"og:title\" content=\"Dostawcy - AVS\" \/>\n<meta property=\"og:description\" content=\"Nale\u017cy pami\u0119ta\u0107, \u017ce nie wszyscy nasi partnerzy oferuj\u0105 wy\u0142\u0105cznie mi\u0119so z certyfikatem AVS. Dlatego zalecamy wyra\u017ane okre\u015blanie certyfikacji AVS podczas sk\u0142adania zam\u00f3wie\u0144 i systematyczne sprawdzanie obecno\u015bci oznaczenia AVS na wszystkich opakowaniach i\/lub tuszach przy odbiorze.\" \/>\n<meta property=\"og:url\" content=\"https:\/\/avs.fr\/pl\/dostawcy\/\" \/>\n<meta property=\"og:site_name\" content=\"AVS\" \/>\n<meta property=\"article:modified_time\" content=\"2025-12-27T05:35:25+00:00\" \/>\n<meta name=\"twitter:card\" content=\"summary_large_image\" \/>\n<script type=\"application\/ld+json\" class=\"yoast-schema-graph\">{\"@context\":\"https:\/\/schema.org\",\"@graph\":[{\"@type\":\"WebPage\",\"@id\":\"https:\/\/avs.fr\/pl\/dostawcy\/\",\"url\":\"https:\/\/avs.fr\/pl\/dostawcy\/\",\"name\":\"Dostawcy - AVS\",\"isPartOf\":{\"@id\":\"https:\/\/avs.fr\/#website\"},\"datePublished\":\"2025-10-22T04:02:40+00:00\",\"dateModified\":\"2025-12-27T05:35:25+00:00\",\"breadcrumb\":{\"@id\":\"https:\/\/avs.fr\/pl\/dostawcy\/#breadcrumb\"},\"inLanguage\":\"pl-PL\",\"potentialAction\":[{\"@type\":\"ReadAction\",\"target\":[\"https:\/\/avs.fr\/pl\/dostawcy\/\"]}]},{\"@type\":\"BreadcrumbList\",\"@id\":\"https:\/\/avs.fr\/pl\/dostawcy\/#breadcrumb\",\"itemListElement\":[{\"@type\":\"ListItem\",\"position\":1,\"name\":\"Accueil\",\"item\":\"https:\/\/avs.fr\/pl\/strona-glowna\/\"},{\"@type\":\"ListItem\",\"position\":2,\"name\":\"Dostawcy\"}]},{\"@type\":\"WebSite\",\"@id\":\"https:\/\/avs.fr\/#website\",\"url\":\"https:\/\/avs.fr\/\",\"name\":\"AVS\",\"description\":\"Le halal en toute confiance\",\"publisher\":{\"@id\":\"https:\/\/avs.fr\/#organization\"},\"potentialAction\":[{\"@type\":\"SearchAction\",\"target\":{\"@type\":\"EntryPoint\",\"urlTemplate\":\"https:\/\/avs.fr\/?s={search_term_string}\"},\"query-input\":{\"@type\":\"PropertyValueSpecification\",\"valueRequired\":true,\"valueName\":\"search_term_string\"}}],\"inLanguage\":\"pl-PL\"},{\"@type\":\"Organization\",\"@id\":\"https:\/\/avs.fr\/#organization\",\"name\":\"AVS\",\"url\":\"https:\/\/avs.fr\/\",\"logo\":{\"@type\":\"ImageObject\",\"inLanguage\":\"pl-PL\",\"@id\":\"https:\/\/avs.fr\/#\/schema\/logo\/image\/\",\"url\":\"https:\/\/avs.fr\/wp-content\/uploads\/2025\/08\/logo-avs.png\",\"contentUrl\":\"https:\/\/avs.fr\/wp-content\/uploads\/2025\/08\/logo-avs.png\",\"width\":317,\"height\":306,\"caption\":\"AVS\"},\"image\":{\"@id\":\"https:\/\/avs.fr\/#\/schema\/logo\/image\/\"}}]}<\/script>\n<!-- \/ Yoast SEO plugin. -->","yoast_head_json":{"title":"Dostawcy - AVS","robots":{"index":"index","follow":"follow","max-snippet":"max-snippet:-1","max-image-preview":"max-image-preview:large","max-video-preview":"max-video-preview:-1"},"canonical":"https:\/\/avs.fr\/pl\/dostawcy\/","og_locale":"pl_PL","og_type":"article","og_title":"Dostawcy - AVS","og_description":"Nale\u017cy pami\u0119ta\u0107, \u017ce nie wszyscy nasi partnerzy oferuj\u0105 wy\u0142\u0105cznie mi\u0119so z certyfikatem AVS. Dlatego zalecamy wyra\u017ane okre\u015blanie certyfikacji AVS podczas sk\u0142adania zam\u00f3wie\u0144 i systematyczne sprawdzanie obecno\u015bci oznaczenia AVS na wszystkich opakowaniach i\/lub tuszach przy odbiorze.","og_url":"https:\/\/avs.fr\/pl\/dostawcy\/","og_site_name":"AVS","article_modified_time":"2025-12-27T05:35:25+00:00","twitter_card":"summary_large_image","schema":{"@context":"https:\/\/schema.org","@graph":[{"@type":"WebPage","@id":"https:\/\/avs.fr\/pl\/dostawcy\/","url":"https:\/\/avs.fr\/pl\/dostawcy\/","name":"Dostawcy - AVS","isPartOf":{"@id":"https:\/\/avs.fr\/#website"},"datePublished":"2025-10-22T04:02:40+00:00","dateModified":"2025-12-27T05:35:25+00:00","breadcrumb":{"@id":"https:\/\/avs.fr\/pl\/dostawcy\/#breadcrumb"},"inLanguage":"pl-PL","potentialAction":[{"@type":"ReadAction","target":["https:\/\/avs.fr\/pl\/dostawcy\/"]}]},{"@type":"BreadcrumbList","@id":"https:\/\/avs.fr\/pl\/dostawcy\/#breadcrumb","itemListElement":[{"@type":"ListItem","position":1,"name":"Accueil","item":"https:\/\/avs.fr\/pl\/strona-glowna\/"},{"@type":"ListItem","position":2,"name":"Dostawcy"}]},{"@type":"WebSite","@id":"https:\/\/avs.fr\/#website","url":"https:\/\/avs.fr\/","name":"AVS","description":"Le halal en toute confiance","publisher":{"@id":"https:\/\/avs.fr\/#organization"},"potentialAction":[{"@type":"SearchAction","target":{"@type":"EntryPoint","urlTemplate":"https:\/\/avs.fr\/?s={search_term_string}"},"query-input":{"@type":"PropertyValueSpecification","valueRequired":true,"valueName":"search_term_string"}}],"inLanguage":"pl-PL"},{"@type":"Organization","@id":"https:\/\/avs.fr\/#organization","name":"AVS","url":"https:\/\/avs.fr\/","logo":{"@type":"ImageObject","inLanguage":"pl-PL","@id":"https:\/\/avs.fr\/#\/schema\/logo\/image\/","url":"https:\/\/avs.fr\/wp-content\/uploads\/2025\/08\/logo-avs.png","contentUrl":"https:\/\/avs.fr\/wp-content\/uploads\/2025\/08\/logo-avs.png","width":317,"height":306,"caption":"AVS"},"image":{"@id":"https:\/\/avs.fr\/#\/schema\/logo\/image\/"}}]}},"_links":{"self":[{"href":"https:\/\/avs.fr\/pl\/wp-json\/wp\/v2\/pages\/1723","targetHints":{"allow":["GET"]}}],"collection":[{"href":"https:\/\/avs.fr\/pl\/wp-json\/wp\/v2\/pages"}],"about":[{"href":"https:\/\/avs.fr\/pl\/wp-json\/wp\/v2\/types\/page"}],"author":[{"embeddable":true,"href":"https:\/\/avs.fr\/pl\/wp-json\/wp\/v2\/users\/1"}],"replies":[{"embeddable":true,"href":"https:\/\/avs.fr\/pl\/wp-json\/wp\/v2\/comments?post=1723"}],"version-history":[{"count":1,"href":"https:\/\/avs.fr\/pl\/wp-json\/wp\/v2\/pages\/1723\/revisions"}],"predecessor-version":[{"id":1724,"href":"https:\/\/avs.fr\/pl\/wp-json\/wp\/v2\/pages\/1723\/revisions\/1724"}],"wp:attachment":[{"href":"https:\/\/avs.fr\/pl\/wp-json\/wp\/v2\/media?parent=1723"}],"curies":[{"name":"wp","href":"https:\/\/api.w.org\/{rel}","templated":true}]}}