{"id":1727,"date":"2025-10-22T04:49:48","date_gmt":"2025-10-22T03:49:48","guid":{"rendered":"https:\/\/avs.fr\/faq\/"},"modified":"2025-12-27T06:35:28","modified_gmt":"2025-12-27T05:35:28","slug":"faq","status":"publish","type":"page","link":"https:\/\/avs.fr\/pl\/faq\/","title":{"rendered":"FAQ"},"content":{"rendered":"\t\t<div data-elementor-type=\"wp-page\" data-elementor-id=\"1727\" class=\"elementor elementor-1727 elementor-1672\" data-elementor-post-type=\"page\">\n\t\t\t\t<div class=\"elementor-element elementor-element-3188cf2 e-flex e-con-boxed e-con e-parent\" data-id=\"3188cf2\" data-element_type=\"container\" data-settings=\"{&quot;background_background&quot;:&quot;gradient&quot;,&quot;shape_divider_bottom&quot;:&quot;opacity-fan&quot;}\">\n\t\t\t\t\t<div class=\"e-con-inner\">\n\t\t\t\t<div class=\"elementor-shape elementor-shape-bottom\" aria-hidden=\"true\" data-negative=\"false\">\n\t\t\t<svg xmlns=\"http:\/\/www.w3.org\/2000\/svg\" viewBox=\"0 0 283.5 19.6\" preserveAspectRatio=\"none\">\n\t<path class=\"elementor-shape-fill\" style=\"opacity:0.33\" d=\"M0 0L0 18.8 141.8 4.1 283.5 18.8 283.5 0z\"\/>\n\t<path class=\"elementor-shape-fill\" style=\"opacity:0.33\" d=\"M0 0L0 12.6 141.8 4 283.5 12.6 283.5 0z\"\/>\n\t<path class=\"elementor-shape-fill\" style=\"opacity:0.33\" d=\"M0 0L0 6.4 141.8 4 283.5 6.4 283.5 0z\"\/>\n\t<path class=\"elementor-shape-fill\" d=\"M0 0L0 1.2 141.8 4 283.5 1.2 283.5 0z\"\/>\n<\/svg>\t\t<\/div>\n\t\t\t\t<div class=\"elementor-element elementor-element-0549bee elementor-widget elementor-widget-heading\" data-id=\"0549bee\" data-element_type=\"widget\" data-widget_type=\"heading.default\">\n\t\t\t\t\t<h2 class=\"elementor-heading-title elementor-size-default\">FAQ<\/h2>\t\t\t\t<\/div>\n\t\t\t\t\t<\/div>\n\t\t\t\t<\/div>\n\t\t<div class=\"elementor-element elementor-element-a7c3313 e-flex e-con-boxed e-con e-parent\" data-id=\"a7c3313\" data-element_type=\"container\" id=\"faq\">\n\t\t\t\t\t<div class=\"e-con-inner\">\n\t\t<div class=\"elementor-element elementor-element-7f59f47 e-con-full e-flex e-con e-child\" data-id=\"7f59f47\" data-element_type=\"container\">\n\t\t\t\t<div class=\"elementor-element elementor-element-3786770 elementor-widget elementor-widget-heading\" data-id=\"3786770\" data-element_type=\"widget\" data-widget_type=\"heading.default\">\n\t\t\t\t\t<h2 class=\"elementor-heading-title elementor-size-default\">Cz\u0119sto zadawane pytania<\/h2>\t\t\t\t<\/div>\n\t\t\t\t<div class=\"elementor-element elementor-element-7a725de elementor-widget elementor-widget-image\" data-id=\"7a725de\" data-element_type=\"widget\" data-widget_type=\"image.default\">\n\t\t\t\t\t\t\t\t\t\t\t\t\t\t\t<img fetchpriority=\"high\" decoding=\"async\" width=\"500\" height=\"446\" src=\"https:\/\/avs.fr\/wp-content\/uploads\/2025\/08\/quesiton.png\" class=\"attachment-large size-large wp-image-890\" alt=\"\" srcset=\"https:\/\/avs.fr\/wp-content\/uploads\/2025\/08\/quesiton.png 500w, https:\/\/avs.fr\/wp-content\/uploads\/2025\/08\/quesiton-300x268.png 300w\" sizes=\"(max-width: 500px) 100vw, 500px\" \/>\t\t\t\t\t\t\t\t\t\t\t\t\t\t\t<\/div>\n\t\t\t\t<\/div>\n\t\t\t\t<div class=\"elementor-element elementor-element-1cf32bb elementor-widget elementor-widget-n-accordion\" data-id=\"1cf32bb\" data-element_type=\"widget\" data-settings=\"{&quot;default_state&quot;:&quot;expanded&quot;,&quot;max_items_expended&quot;:&quot;one&quot;,&quot;n_accordion_animation_duration&quot;:{&quot;unit&quot;:&quot;ms&quot;,&quot;size&quot;:400,&quot;sizes&quot;:[]}}\" data-widget_type=\"nested-accordion.default\">\n\t\t\t\t\t\t\t<div class=\"e-n-accordion\" aria-label=\"Accordion. Open links with Enter or Space, close with Escape, and navigate with Arrow Keys\">\n\t\t\t\t\t\t<details id=\"e-n-accordion-item-3030\" class=\"e-n-accordion-item\" open>\n\t\t\t\t<summary class=\"e-n-accordion-item-title\" data-accordion-index=\"1\" tabindex=\"0\" aria-expanded=\"true\" aria-controls=\"e-n-accordion-item-3030\" >\n\t\t\t\t\t<span class='e-n-accordion-item-title-header'><div class=\"e-n-accordion-item-title-text\"> Czy dana marka jest halal? <\/div><\/span>\n\t\t\t\t\t\t\t<span class='e-n-accordion-item-title-icon'>\n\t\t\t<span class='e-opened' ><svg aria-hidden=\"true\" class=\"e-font-icon-svg e-fas-minus\" viewBox=\"0 0 448 512\" xmlns=\"http:\/\/www.w3.org\/2000\/svg\"><path d=\"M416 208H32c-17.67 0-32 14.33-32 32v32c0 17.67 14.33 32 32 32h384c17.67 0 32-14.33 32-32v-32c0-17.67-14.33-32-32-32z\"><\/path><\/svg><\/span>\n\t\t\t<span class='e-closed'><svg aria-hidden=\"true\" class=\"e-font-icon-svg e-fas-arrow-right\" viewBox=\"0 0 448 512\" xmlns=\"http:\/\/www.w3.org\/2000\/svg\"><path d=\"M190.5 66.9l22.2-22.2c9.4-9.4 24.6-9.4 33.9 0L441 239c9.4 9.4 9.4 24.6 0 33.9L246.6 467.3c-9.4 9.4-24.6 9.4-33.9 0l-22.2-22.2c-9.5-9.5-9.3-25 .4-34.3L311.4 296H24c-13.3 0-24-10.7-24-24v-32c0-13.3 10.7-24 24-24h287.4L190.9 101.2c-9.8-9.3-10-24.8-.4-34.3z\"><\/path><\/svg><\/span>\n\t\t<\/span>\n\n\t\t\t\t\t\t<\/summary>\n\t\t\t\t<div role=\"region\" aria-labelledby=\"e-n-accordion-item-3030\" class=\"elementor-element elementor-element-dec9969 e-con-full e-flex e-con e-child\" data-id=\"dec9969\" data-element_type=\"container\">\n\t\t\t\t<div class=\"elementor-element elementor-element-05a7402 elementor-widget elementor-widget-text-editor\" data-id=\"05a7402\" data-element_type=\"widget\" data-widget_type=\"text-editor.default\">\n\t\t\t\t\t\t\t\t\t<p>AVS mo\u017ce zagwarantowa\u0107 jako\u015b\u0107 halal tylko produkt\u00f3w certyfikowanych przez siebie. Jego podstaw\u0105 jest fizyczna obecno\u015b\u0107 agent\u00f3w kontroluj\u0105cych ub\u00f3j a\u017c do pakowania, dla ka\u017cdego z certyfikowanych produkt\u00f3w. W zwi\u0105zku z tym nie wydajemy \u017cadnych certyfikat\u00f3w bez obecno\u015bci naszych agent\u00f3w. Ich sta\u0142a i ci\u0105g\u0142a obecno\u015b\u0107 na miejscu potwierdza charakter halal produkt\u00f3w.   <\/p><p>Je\u015bli chodzi o inne organizacje, nie mo\u017cemy odpowiedzie\u0107 na Twoje pytanie, poniewa\u017c nasi agenci nie s\u0105 obecni podczas ich produkcji. Certyfikacja produktu halal lub stwierdzenie, \u017ce jest on haram, wi\u0105\u017ce si\u0119 z odpowiedzialno\u015bci\u0105 religijn\u0105, trzeba by\u0107 obecnym od uboju do pakowania, aby m\u00f3c zagwarantowa\u0107 jako\u015b\u0107 produktu. Dlatego nasze stowarzyszenie nie mo\u017ce por\u0119czy\u0107 za inne organizacje.   <\/p><p>Je\u015bli chodzi o produkty, kt\u00f3re nie zawieraj\u0105 \u017cadnych \u015blad\u00f3w organizacji certyfikuj\u0105cej, zdecydowanie radzimy si\u0119 od nich powstrzyma\u0107, poniewa\u017c niestety obecnie w Europie \u017cadne prawo nie chroni terminu &#8222;halal&#8221;, dlatego wiele firm pozwala sobie na u\u017cywanie go na produktach niecertyfikowanych i o w\u0105tpliwym pochodzeniu.<\/p>\t\t\t\t\t\t\t\t<\/div>\n\t\t\t\t<\/div>\n\t\t\t\t\t<\/details>\n\t\t\t\t\t\t<details id=\"e-n-accordion-item-3031\" class=\"e-n-accordion-item\" >\n\t\t\t\t<summary class=\"e-n-accordion-item-title\" data-accordion-index=\"2\" tabindex=\"-1\" aria-expanded=\"false\" aria-controls=\"e-n-accordion-item-3031\" >\n\t\t\t\t\t<span class='e-n-accordion-item-title-header'><div class=\"e-n-accordion-item-title-text\"> Czy mo\u017cna kupowa\u0107 u dostawc\u00f3w rekomendowanych przez AVS? <\/div><\/span>\n\t\t\t\t\t\t\t<span class='e-n-accordion-item-title-icon'>\n\t\t\t<span class='e-opened' ><svg aria-hidden=\"true\" class=\"e-font-icon-svg e-fas-minus\" viewBox=\"0 0 448 512\" xmlns=\"http:\/\/www.w3.org\/2000\/svg\"><path d=\"M416 208H32c-17.67 0-32 14.33-32 32v32c0 17.67 14.33 32 32 32h384c17.67 0 32-14.33 32-32v-32c0-17.67-14.33-32-32-32z\"><\/path><\/svg><\/span>\n\t\t\t<span class='e-closed'><svg aria-hidden=\"true\" class=\"e-font-icon-svg e-fas-arrow-right\" viewBox=\"0 0 448 512\" xmlns=\"http:\/\/www.w3.org\/2000\/svg\"><path d=\"M190.5 66.9l22.2-22.2c9.4-9.4 24.6-9.4 33.9 0L441 239c9.4 9.4 9.4 24.6 0 33.9L246.6 467.3c-9.4 9.4-24.6 9.4-33.9 0l-22.2-22.2c-9.5-9.5-9.3-25 .4-34.3L311.4 296H24c-13.3 0-24-10.7-24-24v-32c0-13.3 10.7-24 24-24h287.4L190.9 101.2c-9.8-9.3-10-24.8-.4-34.3z\"><\/path><\/svg><\/span>\n\t\t<\/span>\n\n\t\t\t\t\t\t<\/summary>\n\t\t\t\t<div role=\"region\" aria-labelledby=\"e-n-accordion-item-3031\" class=\"elementor-element elementor-element-2d3b83d e-con-full e-flex e-con e-child\" data-id=\"2d3b83d\" data-element_type=\"container\">\n\t\t\t\t<div class=\"elementor-element elementor-element-f1420e4 elementor-widget elementor-widget-text-editor\" data-id=\"f1420e4\" data-element_type=\"widget\" data-widget_type=\"text-editor.default\">\n\t\t\t\t\t\t\t\t\t<p>Sam fakt zaopatrywania si\u0119 u niekt\u00f3rych naszych partner\u00f3w, jak to jest wspomniane na ich stronie internetowej, nie jest wystarczaj\u0105cy. W rzeczywisto\u015bci, wiele z tych rze\u017ani nie zajmuje si\u0119 wy\u0142\u0105cznie produkcj\u0105 halal, dlatego nale\u017cy umie\u0107 rozpozna\u0107 podczas dostawy do sklep\u00f3w, czy dostarczone towary odpowiadaj\u0105 tym, kt\u00f3re nasi agenci kontroluj\u0105cy wcze\u015bniej po\u015bwi\u0119cili w tych samych rze\u017aniach, sprawdzaj\u0105c obecno\u015b\u0107 logo AVS. <\/p>\t\t\t\t\t\t\t\t<\/div>\n\t\t\t\t<\/div>\n\t\t\t\t\t<\/details>\n\t\t\t\t\t\t<details id=\"e-n-accordion-item-3032\" class=\"e-n-accordion-item\" >\n\t\t\t\t<summary class=\"e-n-accordion-item-title\" data-accordion-index=\"3\" tabindex=\"-1\" aria-expanded=\"false\" aria-controls=\"e-n-accordion-item-3032\" >\n\t\t\t\t\t<span class='e-n-accordion-item-title-header'><div class=\"e-n-accordion-item-title-text\"> Czy mo\u017cna uzyska\u0107 zgod\u0119 AVS poza Ile-de-France, Lyonem lub Saint-\u00c9tienne? <\/div><\/span>\n\t\t\t\t\t\t\t<span class='e-n-accordion-item-title-icon'>\n\t\t\t<span class='e-opened' ><svg aria-hidden=\"true\" class=\"e-font-icon-svg e-fas-minus\" viewBox=\"0 0 448 512\" xmlns=\"http:\/\/www.w3.org\/2000\/svg\"><path d=\"M416 208H32c-17.67 0-32 14.33-32 32v32c0 17.67 14.33 32 32 32h384c17.67 0 32-14.33 32-32v-32c0-17.67-14.33-32-32-32z\"><\/path><\/svg><\/span>\n\t\t\t<span class='e-closed'><svg aria-hidden=\"true\" class=\"e-font-icon-svg e-fas-arrow-right\" viewBox=\"0 0 448 512\" xmlns=\"http:\/\/www.w3.org\/2000\/svg\"><path d=\"M190.5 66.9l22.2-22.2c9.4-9.4 24.6-9.4 33.9 0L441 239c9.4 9.4 9.4 24.6 0 33.9L246.6 467.3c-9.4 9.4-24.6 9.4-33.9 0l-22.2-22.2c-9.5-9.5-9.3-25 .4-34.3L311.4 296H24c-13.3 0-24-10.7-24-24v-32c0-13.3 10.7-24 24-24h287.4L190.9 101.2c-9.8-9.3-10-24.8-.4-34.3z\"><\/path><\/svg><\/span>\n\t\t<\/span>\n\n\t\t\t\t\t\t<\/summary>\n\t\t\t\t<div role=\"region\" aria-labelledby=\"e-n-accordion-item-3032\" class=\"elementor-element elementor-element-c4a1126 e-con-full e-flex e-con e-child\" data-id=\"c4a1126\" data-element_type=\"container\">\n\t\t\t\t<div class=\"elementor-element elementor-element-dc4cffe elementor-widget elementor-widget-text-editor\" data-id=\"dc4cffe\" data-element_type=\"widget\" data-widget_type=\"text-editor.default\">\n\t\t\t\t\t\t\t\t\t<p data-start=\"163\" data-end=\"364\">Niestety, stowarzyszenie kontroluje obecnie tylko sklepy mi\u0119sne i restauracje w Ile-de-France, a tak\u017ce w Lyonie i Saint-\u00c9tienne, i nie mo\u017ce certyfikowa\u0107 sklep\u00f3w poza tymi obszarami.<\/p><p data-start=\"366\" data-end=\"787\">Kontrola jest przeprowadzana bezp\u0142atnie przez stowarzyszenie, pomimo znacznych koszt\u00f3w, jakie to generuje. Ponadto rekrutacja i szkolenie kontrolera sklepu mi\u0119snego\/restauracji jest z\u0142o\u017cone i d\u0142ugotrwa\u0142e. Aby zagwarantowa\u0107 jako\u015b\u0107 i niezawodno\u015b\u0107 kontroli, kontrolerzy musz\u0105 by\u0107 ustabilizowani na stanowiskach pe\u0142noetatowych, co jest uzasadnione tylko wtedy, gdy w tym samym regionie nale\u017cy kontrolowa\u0107 kilka sklep\u00f3w.  <\/p><p data-start=\"789\" data-end=\"1054\">Nadz\u00f3r nad kontrolerami przez kierownika regionalnego jest r\u00f3wnie\u017c niezb\u0119dny do utrzymania rygorystycznej kontroli. Tego nadzoru nie mo\u017cna \u0142atwo zdecentralizowa\u0107, co ogranicza nasz\u0105 zdolno\u015b\u0107 do odpowiadania na wszystkie zapytania spoza obszar\u00f3w obj\u0119tych kontrol\u0105. <\/p><p data-start=\"1056\" data-end=\"1300\">Niemniej jednak pracujemy nad udost\u0119pnieniem produkt\u00f3w AVS w innych regionach, we wsp\u00f3\u0142pracy z lokalnymi stowarzyszeniami muzu\u0142ma\u0144skimi i powa\u017cnymi sklepami osiedlowymi, aby stopniowo odpowiada\u0107 na rosn\u0105cy popyt.<\/p>\t\t\t\t\t\t\t\t<\/div>\n\t\t\t\t<\/div>\n\t\t\t\t\t<\/details>\n\t\t\t\t\t<\/div>\n\t\t\t\t\t<script type=\"application\/ld+json\">{\"@context\":\"https:\\\/\\\/schema.org\",\"@type\":\"FAQPage\",\"mainEntity\":[{\"@type\":\"Question\",\"name\":\"Czy dana marka jest halal?\",\"acceptedAnswer\":{\"@type\":\"Answer\",\"text\":\"AVS mo\\u017ce zagwarantowa\\u0107 jako\\u015b\\u0107 halal tylko produkt\\u00f3w certyfikowanych przez siebie. Jego podstaw\\u0105 jest fizyczna obecno\\u015b\\u0107 agent\\u00f3w kontroluj\\u0105cych ub\\u00f3j a\\u017c do pakowania, dla ka\\u017cdego z certyfikowanych produkt\\u00f3w. W zwi\\u0105zku z tym nie wydajemy \\u017cadnych certyfikat\\u00f3w bez obecno\\u015bci naszych agent\\u00f3w. Ich sta\\u0142a i ci\\u0105g\\u0142a obecno\\u015b\\u0107 na miejscu potwierdza charakter halal produkt\\u00f3w.   Je\\u015bli chodzi o inne organizacje, nie mo\\u017cemy odpowiedzie\\u0107 na Twoje pytanie, poniewa\\u017c nasi agenci nie s\\u0105 obecni podczas ich produkcji. Certyfikacja produktu halal lub stwierdzenie, \\u017ce jest on haram, wi\\u0105\\u017ce si\\u0119 z odpowiedzialno\\u015bci\\u0105 religijn\\u0105, trzeba by\\u0107 obecnym od uboju do pakowania, aby m\\u00f3c zagwarantowa\\u0107 jako\\u015b\\u0107 produktu. Dlatego nasze stowarzyszenie nie mo\\u017ce por\\u0119czy\\u0107 za inne organizacje.   Je\\u015bli chodzi o produkty, kt\\u00f3re nie zawieraj\\u0105 \\u017cadnych \\u015blad\\u00f3w organizacji certyfikuj\\u0105cej, zdecydowanie radzimy si\\u0119 od nich powstrzyma\\u0107, poniewa\\u017c niestety obecnie w Europie \\u017cadne prawo nie chroni terminu &#8222;halal&#8221;, dlatego wiele firm pozwala sobie na u\\u017cywanie go na produktach niecertyfikowanych i o w\\u0105tpliwym pochodzeniu.\"}},{\"@type\":\"Question\",\"name\":\"Czy mo\\u017cna kupowa\\u0107 u dostawc\\u00f3w rekomendowanych przez AVS?\",\"acceptedAnswer\":{\"@type\":\"Answer\",\"text\":\"Sam fakt zaopatrywania si\\u0119 u niekt\\u00f3rych naszych partner\\u00f3w, jak to jest wspomniane na ich stronie internetowej, nie jest wystarczaj\\u0105cy. W rzeczywisto\\u015bci, wiele z tych rze\\u017ani nie zajmuje si\\u0119 wy\\u0142\\u0105cznie produkcj\\u0105 halal, dlatego nale\\u017cy umie\\u0107 rozpozna\\u0107 podczas dostawy do sklep\\u00f3w, czy dostarczone towary odpowiadaj\\u0105 tym, kt\\u00f3re nasi agenci kontroluj\\u0105cy wcze\\u015bniej po\\u015bwi\\u0119cili w tych samych rze\\u017aniach, sprawdzaj\\u0105c obecno\\u015b\\u0107 logo AVS.\"}},{\"@type\":\"Question\",\"name\":\"Czy mo\\u017cna uzyska\\u0107 zgod\\u0119 AVS poza Ile-de-France, Lyonem lub Saint-\\u00c9tienne?\",\"acceptedAnswer\":{\"@type\":\"Answer\",\"text\":\"Niestety, stowarzyszenie kontroluje obecnie tylko sklepy mi\\u0119sne i restauracje w Ile-de-France, a tak\\u017ce w Lyonie i Saint-\\u00c9tienne, i nie mo\\u017ce certyfikowa\\u0107 sklep\\u00f3w poza tymi obszarami.Kontrola jest przeprowadzana bezp\\u0142atnie przez stowarzyszenie, pomimo znacznych koszt\\u00f3w, jakie to generuje. Ponadto rekrutacja i szkolenie kontrolera sklepu mi\\u0119snego\\\/restauracji jest z\\u0142o\\u017cone i d\\u0142ugotrwa\\u0142e. Aby zagwarantowa\\u0107 jako\\u015b\\u0107 i niezawodno\\u015b\\u0107 kontroli, kontrolerzy musz\\u0105 by\\u0107 ustabilizowani na stanowiskach pe\\u0142noetatowych, co jest uzasadnione tylko wtedy, gdy w tym samym regionie nale\\u017cy kontrolowa\\u0107 kilka sklep\\u00f3w.  Nadz\\u00f3r nad kontrolerami przez kierownika regionalnego jest r\\u00f3wnie\\u017c niezb\\u0119dny do utrzymania rygorystycznej kontroli. Tego nadzoru nie mo\\u017cna \\u0142atwo zdecentralizowa\\u0107, co ogranicza nasz\\u0105 zdolno\\u015b\\u0107 do odpowiadania na wszystkie zapytania spoza obszar\\u00f3w obj\\u0119tych kontrol\\u0105. Niemniej jednak pracujemy nad udost\\u0119pnieniem produkt\\u00f3w AVS w innych regionach, we wsp\\u00f3\\u0142pracy z lokalnymi stowarzyszeniami muzu\\u0142ma\\u0144skimi i powa\\u017cnymi sklepami osiedlowymi, aby stopniowo odpowiada\\u0107 na rosn\\u0105cy popyt.\"}}]}<\/script>\n\t\t\t\t\t\t\t<\/div>\n\t\t\t\t\t<\/div>\n\t\t\t\t<\/div>\n\t\t<div class=\"elementor-element elementor-element-1f805e3 e-flex e-con-boxed e-con e-parent\" data-id=\"1f805e3\" data-element_type=\"container\">\n\t\t\t\t\t<div class=\"e-con-inner\">\n\t\t\t\t<div class=\"elementor-element elementor-element-7182049 elementor-widget elementor-widget-html\" data-id=\"7182049\" data-element_type=\"widget\" data-widget_type=\"html.default\">\n\t\t\t\t\t<script>(function (w, d, s, o, f, js, fjs) {\n    w[\"botsonic_widget\"] = o;\n    w[o] =\n      w[o] ||\n      function () {\n        (w[o].q = w[o].q || []).push(arguments);\n      };\n    (js = d.createElement(s)), (fjs = d.getElementsByTagName(s)[0]);\n    js.id = o;\n    js.src = f;\n    js.async = 1;\n    fjs.parentNode.insertBefore(js, fjs);\n  })(window, document, \"script\", \"Botsonic\", \"https:\/\/widget.botsonic.com\/CDN\/botsonic.min.js\");\n  Botsonic(\"init\", {\n    serviceBaseUrl: \"https:\/\/api-bot.writesonic.com\",\n    token: \"0ccf6a55-bb1f-47a1-b9f6-d0f3c2ad836b\",\n  });\n<\/script>\t\t\t\t<\/div>\n\t\t\t\t\t<\/div>\n\t\t\t\t<\/div>\n\t\t\t\t<\/div>\n\t\t","protected":false},"excerpt":{"rendered":"<p>FAQ Cz\u0119sto zadawane pytania Czy dana marka jest halal? AVS mo\u017ce zagwarantowa\u0107 jako\u015b\u0107 halal tylko produkt\u00f3w certyfikowanych przez siebie. Jego podstaw\u0105 jest fizyczna obecno\u015b\u0107 agent\u00f3w kontroluj\u0105cych ub\u00f3j a\u017c do pakowania, dla ka\u017cdego z certyfikowanych produkt\u00f3w. W zwi\u0105zku z tym nie wydajemy \u017cadnych certyfikat\u00f3w bez obecno\u015bci naszych agent\u00f3w. Ich sta\u0142a i ci\u0105g\u0142a obecno\u015b\u0107 na miejscu potwierdza [&hellip;]<\/p>\n","protected":false},"author":1,"featured_media":0,"parent":0,"menu_order":0,"comment_status":"closed","ping_status":"closed","template":"","meta":{"footnotes":""},"class_list":["post-1727","page","type-page","status-publish","hentry"],"yoast_head":"<!-- This site is optimized with the Yoast SEO plugin v26.5 - https:\/\/yoast.com\/wordpress\/plugins\/seo\/ -->\n<title>AVS - Le halal en toute confiance<\/title>\n<meta name=\"description\" content=\"Od 1991 roku stowarzyszenie AVS specjalizuje si\u0119 w certyfikacji halal we Francji. Rygorystyczna kontrola, kt\u00f3ra szanuje rytua\u0142 muzu\u0142ma\u0144ski.\" \/>\n<meta name=\"robots\" content=\"index, follow, max-snippet:-1, max-image-preview:large, max-video-preview:-1\" \/>\n<link rel=\"canonical\" href=\"https:\/\/avs.fr\/pl\/faq\/\" \/>\n<meta property=\"og:locale\" content=\"pl_PL\" \/>\n<meta property=\"og:type\" content=\"article\" \/>\n<meta property=\"og:title\" content=\"AVS - Le halal en toute confiance\" \/>\n<meta property=\"og:description\" content=\"Od 1991 roku stowarzyszenie AVS specjalizuje si\u0119 w certyfikacji halal we Francji. Rygorystyczna kontrola, kt\u00f3ra szanuje rytua\u0142 muzu\u0142ma\u0144ski.\" \/>\n<meta property=\"og:url\" content=\"https:\/\/avs.fr\/pl\/faq\/\" \/>\n<meta property=\"og:site_name\" content=\"AVS\" \/>\n<meta property=\"article:modified_time\" content=\"2025-12-27T05:35:28+00:00\" \/>\n<meta property=\"og:image\" content=\"https:\/\/avs.fr\/wp-content\/uploads\/2025\/08\/quesiton.png\" \/>\n\t<meta property=\"og:image:width\" content=\"500\" \/>\n\t<meta property=\"og:image:height\" content=\"446\" \/>\n\t<meta property=\"og:image:type\" content=\"image\/png\" \/>\n<meta name=\"twitter:card\" content=\"summary_large_image\" \/>\n<meta name=\"twitter:label1\" content=\"Szacowany czas czytania\" \/>\n\t<meta name=\"twitter:data1\" content=\"4 minuty\" \/>\n<script type=\"application\/ld+json\" class=\"yoast-schema-graph\">{\"@context\":\"https:\/\/schema.org\",\"@graph\":[{\"@type\":\"WebPage\",\"@id\":\"https:\/\/avs.fr\/pl\/faq\/\",\"url\":\"https:\/\/avs.fr\/pl\/faq\/\",\"name\":\"AVS - Le halal en toute confiance\",\"isPartOf\":{\"@id\":\"https:\/\/avs.fr\/#website\"},\"primaryImageOfPage\":{\"@id\":\"https:\/\/avs.fr\/pl\/faq\/#primaryimage\"},\"image\":{\"@id\":\"https:\/\/avs.fr\/pl\/faq\/#primaryimage\"},\"thumbnailUrl\":\"https:\/\/avs.fr\/wp-content\/uploads\/2025\/08\/quesiton.png\",\"datePublished\":\"2025-10-22T03:49:48+00:00\",\"dateModified\":\"2025-12-27T05:35:28+00:00\",\"description\":\"Od 1991 roku stowarzyszenie AVS specjalizuje si\u0119 w certyfikacji halal we Francji. Rygorystyczna kontrola, kt\u00f3ra szanuje rytua\u0142 muzu\u0142ma\u0144ski.\",\"breadcrumb\":{\"@id\":\"https:\/\/avs.fr\/pl\/faq\/#breadcrumb\"},\"inLanguage\":\"pl-PL\",\"potentialAction\":[{\"@type\":\"ReadAction\",\"target\":[\"https:\/\/avs.fr\/pl\/faq\/\"]}]},{\"@type\":\"ImageObject\",\"inLanguage\":\"pl-PL\",\"@id\":\"https:\/\/avs.fr\/pl\/faq\/#primaryimage\",\"url\":\"https:\/\/avs.fr\/wp-content\/uploads\/2025\/08\/quesiton.png\",\"contentUrl\":\"https:\/\/avs.fr\/wp-content\/uploads\/2025\/08\/quesiton.png\"},{\"@type\":\"BreadcrumbList\",\"@id\":\"https:\/\/avs.fr\/pl\/faq\/#breadcrumb\",\"itemListElement\":[{\"@type\":\"ListItem\",\"position\":1,\"name\":\"Accueil\",\"item\":\"https:\/\/avs.fr\/pl\/strona-glowna\/\"},{\"@type\":\"ListItem\",\"position\":2,\"name\":\"FAQ\"}]},{\"@type\":\"WebSite\",\"@id\":\"https:\/\/avs.fr\/#website\",\"url\":\"https:\/\/avs.fr\/\",\"name\":\"AVS\",\"description\":\"Le halal en toute confiance\",\"publisher\":{\"@id\":\"https:\/\/avs.fr\/#organization\"},\"potentialAction\":[{\"@type\":\"SearchAction\",\"target\":{\"@type\":\"EntryPoint\",\"urlTemplate\":\"https:\/\/avs.fr\/?s={search_term_string}\"},\"query-input\":{\"@type\":\"PropertyValueSpecification\",\"valueRequired\":true,\"valueName\":\"search_term_string\"}}],\"inLanguage\":\"pl-PL\"},{\"@type\":\"Organization\",\"@id\":\"https:\/\/avs.fr\/#organization\",\"name\":\"AVS\",\"url\":\"https:\/\/avs.fr\/\",\"logo\":{\"@type\":\"ImageObject\",\"inLanguage\":\"pl-PL\",\"@id\":\"https:\/\/avs.fr\/#\/schema\/logo\/image\/\",\"url\":\"https:\/\/avs.fr\/wp-content\/uploads\/2025\/08\/logo-avs.png\",\"contentUrl\":\"https:\/\/avs.fr\/wp-content\/uploads\/2025\/08\/logo-avs.png\",\"width\":317,\"height\":306,\"caption\":\"AVS\"},\"image\":{\"@id\":\"https:\/\/avs.fr\/#\/schema\/logo\/image\/\"}}]}<\/script>\n<!-- \/ Yoast SEO plugin. -->","yoast_head_json":{"title":"AVS - Le halal en toute confiance","description":"Od 1991 roku stowarzyszenie AVS specjalizuje si\u0119 w certyfikacji halal we Francji. Rygorystyczna kontrola, kt\u00f3ra szanuje rytua\u0142 muzu\u0142ma\u0144ski.","robots":{"index":"index","follow":"follow","max-snippet":"max-snippet:-1","max-image-preview":"max-image-preview:large","max-video-preview":"max-video-preview:-1"},"canonical":"https:\/\/avs.fr\/pl\/faq\/","og_locale":"pl_PL","og_type":"article","og_title":"AVS - Le halal en toute confiance","og_description":"Od 1991 roku stowarzyszenie AVS specjalizuje si\u0119 w certyfikacji halal we Francji. Rygorystyczna kontrola, kt\u00f3ra szanuje rytua\u0142 muzu\u0142ma\u0144ski.","og_url":"https:\/\/avs.fr\/pl\/faq\/","og_site_name":"AVS","article_modified_time":"2025-12-27T05:35:28+00:00","og_image":[{"width":500,"height":446,"url":"https:\/\/avs.fr\/wp-content\/uploads\/2025\/08\/quesiton.png","type":"image\/png"}],"twitter_card":"summary_large_image","twitter_misc":{"Szacowany czas czytania":"4 minuty"},"schema":{"@context":"https:\/\/schema.org","@graph":[{"@type":"WebPage","@id":"https:\/\/avs.fr\/pl\/faq\/","url":"https:\/\/avs.fr\/pl\/faq\/","name":"AVS - Le halal en toute confiance","isPartOf":{"@id":"https:\/\/avs.fr\/#website"},"primaryImageOfPage":{"@id":"https:\/\/avs.fr\/pl\/faq\/#primaryimage"},"image":{"@id":"https:\/\/avs.fr\/pl\/faq\/#primaryimage"},"thumbnailUrl":"https:\/\/avs.fr\/wp-content\/uploads\/2025\/08\/quesiton.png","datePublished":"2025-10-22T03:49:48+00:00","dateModified":"2025-12-27T05:35:28+00:00","description":"Od 1991 roku stowarzyszenie AVS specjalizuje si\u0119 w certyfikacji halal we Francji. Rygorystyczna kontrola, kt\u00f3ra szanuje rytua\u0142 muzu\u0142ma\u0144ski.","breadcrumb":{"@id":"https:\/\/avs.fr\/pl\/faq\/#breadcrumb"},"inLanguage":"pl-PL","potentialAction":[{"@type":"ReadAction","target":["https:\/\/avs.fr\/pl\/faq\/"]}]},{"@type":"ImageObject","inLanguage":"pl-PL","@id":"https:\/\/avs.fr\/pl\/faq\/#primaryimage","url":"https:\/\/avs.fr\/wp-content\/uploads\/2025\/08\/quesiton.png","contentUrl":"https:\/\/avs.fr\/wp-content\/uploads\/2025\/08\/quesiton.png"},{"@type":"BreadcrumbList","@id":"https:\/\/avs.fr\/pl\/faq\/#breadcrumb","itemListElement":[{"@type":"ListItem","position":1,"name":"Accueil","item":"https:\/\/avs.fr\/pl\/strona-glowna\/"},{"@type":"ListItem","position":2,"name":"FAQ"}]},{"@type":"WebSite","@id":"https:\/\/avs.fr\/#website","url":"https:\/\/avs.fr\/","name":"AVS","description":"Le halal en toute confiance","publisher":{"@id":"https:\/\/avs.fr\/#organization"},"potentialAction":[{"@type":"SearchAction","target":{"@type":"EntryPoint","urlTemplate":"https:\/\/avs.fr\/?s={search_term_string}"},"query-input":{"@type":"PropertyValueSpecification","valueRequired":true,"valueName":"search_term_string"}}],"inLanguage":"pl-PL"},{"@type":"Organization","@id":"https:\/\/avs.fr\/#organization","name":"AVS","url":"https:\/\/avs.fr\/","logo":{"@type":"ImageObject","inLanguage":"pl-PL","@id":"https:\/\/avs.fr\/#\/schema\/logo\/image\/","url":"https:\/\/avs.fr\/wp-content\/uploads\/2025\/08\/logo-avs.png","contentUrl":"https:\/\/avs.fr\/wp-content\/uploads\/2025\/08\/logo-avs.png","width":317,"height":306,"caption":"AVS"},"image":{"@id":"https:\/\/avs.fr\/#\/schema\/logo\/image\/"}}]}},"_links":{"self":[{"href":"https:\/\/avs.fr\/pl\/wp-json\/wp\/v2\/pages\/1727","targetHints":{"allow":["GET"]}}],"collection":[{"href":"https:\/\/avs.fr\/pl\/wp-json\/wp\/v2\/pages"}],"about":[{"href":"https:\/\/avs.fr\/pl\/wp-json\/wp\/v2\/types\/page"}],"author":[{"embeddable":true,"href":"https:\/\/avs.fr\/pl\/wp-json\/wp\/v2\/users\/1"}],"replies":[{"embeddable":true,"href":"https:\/\/avs.fr\/pl\/wp-json\/wp\/v2\/comments?post=1727"}],"version-history":[{"count":1,"href":"https:\/\/avs.fr\/pl\/wp-json\/wp\/v2\/pages\/1727\/revisions"}],"predecessor-version":[{"id":1728,"href":"https:\/\/avs.fr\/pl\/wp-json\/wp\/v2\/pages\/1727\/revisions\/1728"}],"wp:attachment":[{"href":"https:\/\/avs.fr\/pl\/wp-json\/wp\/v2\/media?parent=1727"}],"curies":[{"name":"wp","href":"https:\/\/api.w.org\/{rel}","templated":true}]}}