{"id":1592,"date":"2025-08-16T12:44:34","date_gmt":"2025-08-16T11:44:34","guid":{"rendered":"https:\/\/avs.fr\/cerez-politikasi\/"},"modified":"2025-10-10T10:05:41","modified_gmt":"2025-10-10T09:05:41","slug":"cerez-politikasi","status":"publish","type":"page","link":"https:\/\/avs.fr\/tr\/cerez-politikasi\/","title":{"rendered":"\u00c7erez Politikas\u0131"},"content":{"rendered":"<p>Bu sayfa, web sitemizde gezinme deneyiminizi geli\u015ftirmek, web sitesi performans\u0131n\u0131 iyile\u015ftirmek ve ki\u015fiselle\u015ftirilmi\u015f i\u00e7erik sunmak i\u00e7in \u00e7erezleri nas\u0131l kulland\u0131\u011f\u0131m\u0131z hakk\u0131nda kapsaml\u0131 bilgi sa\u011flar. \u00c7erezler, sitemizi ziyaret etti\u011finizde cihaz\u0131n\u0131za kaydedilen k\u00fc\u00e7\u00fck metin dosyalar\u0131d\u0131r. Ziyaret\u00e7ilerin web sitemizle nas\u0131l etkile\u015fimde bulundu\u011funu anlamam\u0131za yard\u0131mc\u0131 olarak, daha sorunsuz ve verimli bir kullan\u0131c\u0131 deneyimi sunmam\u0131z\u0131 sa\u011flarlar. A\u015fa\u011f\u0131daki tabloda, kulland\u0131\u011f\u0131m\u0131z her \u00e7erez t\u00fcr\u00fc, amac\u0131 ve cihaz\u0131n\u0131zda ne kadar s\u00fcre kald\u0131\u011f\u0131 hakk\u0131nda ayr\u0131nt\u0131l\u0131 bilgi bulabilirsin. Gizlili\u011fine sayg\u0131 duymaya ve \u00e7erezler arac\u0131l\u0131\u011f\u0131yla toplad\u0131\u011f\u0131m\u0131z veriler hakk\u0131nda \u015feffaf olmaya \u00f6nem veriyoruz. Ki\u015fisel verilerini nas\u0131l i\u015fledi\u011fimiz hakk\u0131nda daha fazla bilgi i\u00e7in l\u00fctfen <a href=\"\">Gizlilik Politikam\u0131za<\/a> bak.     <\/p><div class=\"wpconsent-cookie-policy\"><h2 class=\"wpconsent-cookie-category-name\">Essential<\/h2><p class=\"wpconsent-cookie-category-description\">Essential cookies enable basic functions and are necessary for the proper function of the website.<\/p><table class=\"wpconsent-cookie-policy-table\"><tr><th>Cookie ID<\/th><th>Purpose<\/th><th>Duration<\/th><\/tr><tr><td>wpconsent_preferences<\/td><td>This cookie is used to store the user&#039;s cookie consent preferences.<\/td><td>30 days<\/td><\/tr><\/table><h3 class=\"wpconsent-cookie-service-name\">Comments<\/h3><p class=\"wpconsent-cookie-service-description\">These cookies are needed for adding comments on this website.<\/p><table class=\"wpconsent-cookie-policy-table\"><tr><th>Cookie ID<\/th><th>Purpose<\/th><th>Duration<\/th><\/tr><tr><td>comment_author_email<\/td><td>Used to track the user across multiple sessions.<\/td><td>Session<\/td><\/tr><tr><td>comment_author_url<\/td><td>Used to track the user across multiple sessions.<\/td><td>Session<\/td><\/tr><tr><td>comment_author<\/td><td>Used to track the user across multiple sessions.<\/td><td>Session<\/td><\/tr><\/table><h3 class=\"wpconsent-cookie-service-name\">Login<\/h3><p class=\"wpconsent-cookie-service-description\">These cookies are used for managing login functionality on this website.<\/p><table class=\"wpconsent-cookie-policy-table\"><tr><th>Cookie ID<\/th><th>Purpose<\/th><th>Duration<\/th><\/tr><tr><td>wordpress_logged_in<\/td><td>Used to store logged-in users.<\/td><td>Persistent<\/td><\/tr><tr><td>wordpress_sec<\/td><td>Used to track the user across multiple sessions.<\/td><td>15 days<\/td><\/tr><tr><td>wordpress_test_cookie<\/td><td>Used to determine if cookies are enabled.<\/td><td>Session<\/td><\/tr><\/table><\/div>\n","protected":false},"excerpt":{"rendered":"<p>Bu sayfa, web sitemizde gezinme deneyiminizi geli\u015ftirmek, web sitesi performans\u0131n\u0131 iyile\u015ftirmek ve ki\u015fiselle\u015ftirilmi\u015f i\u00e7erik sunmak i\u00e7in \u00e7erezleri nas\u0131l kulland\u0131\u011f\u0131m\u0131z hakk\u0131nda kapsaml\u0131 bilgi sa\u011flar. \u00c7erezler, sitemizi ziyaret etti\u011finizde cihaz\u0131n\u0131za kaydedilen k\u00fc\u00e7\u00fck metin dosyalar\u0131d\u0131r. Ziyaret\u00e7ilerin web sitemizle nas\u0131l etkile\u015fimde bulundu\u011funu anlamam\u0131za yard\u0131mc\u0131 olarak, daha sorunsuz ve verimli bir kullan\u0131c\u0131 deneyimi sunmam\u0131z\u0131 sa\u011flarlar. A\u015fa\u011f\u0131daki tabloda, kulland\u0131\u011f\u0131m\u0131z her \u00e7erez [&hellip;]<\/p>\n","protected":false},"author":1,"featured_media":0,"parent":0,"menu_order":0,"comment_status":"closed","ping_status":"closed","template":"","meta":{"footnotes":""},"class_list":["post-1592","page","type-page","status-publish","hentry"],"yoast_head":"<!-- This site is optimized with the Yoast SEO plugin v26.5 - https:\/\/yoast.com\/wordpress\/plugins\/seo\/ -->\n<title>\u00c7erez Politikas\u0131 - AVS<\/title>\n<meta name=\"robots\" content=\"index, follow, max-snippet:-1, max-image-preview:large, max-video-preview:-1\" \/>\n<link rel=\"canonical\" href=\"https:\/\/avs.fr\/tr\/cerez-politikasi\/\" \/>\n<meta property=\"og:locale\" content=\"tr_TR\" \/>\n<meta property=\"og:type\" content=\"article\" \/>\n<meta property=\"og:title\" content=\"\u00c7erez Politikas\u0131 - AVS\" \/>\n<meta property=\"og:description\" content=\"Bu sayfa, web sitemizde gezinme deneyiminizi geli\u015ftirmek, web sitesi performans\u0131n\u0131 iyile\u015ftirmek ve ki\u015fiselle\u015ftirilmi\u015f i\u00e7erik sunmak i\u00e7in \u00e7erezleri nas\u0131l kulland\u0131\u011f\u0131m\u0131z hakk\u0131nda kapsaml\u0131 bilgi sa\u011flar. \u00c7erezler, sitemizi ziyaret etti\u011finizde cihaz\u0131n\u0131za kaydedilen k\u00fc\u00e7\u00fck metin dosyalar\u0131d\u0131r. Ziyaret\u00e7ilerin web sitemizle nas\u0131l etkile\u015fimde bulundu\u011funu anlamam\u0131za yard\u0131mc\u0131 olarak, daha sorunsuz ve verimli bir kullan\u0131c\u0131 deneyimi sunmam\u0131z\u0131 sa\u011flarlar. A\u015fa\u011f\u0131daki tabloda, kulland\u0131\u011f\u0131m\u0131z her \u00e7erez [&hellip;]\" \/>\n<meta property=\"og:url\" content=\"https:\/\/avs.fr\/tr\/cerez-politikasi\/\" \/>\n<meta property=\"og:site_name\" content=\"AVS\" \/>\n<meta property=\"article:modified_time\" content=\"2025-10-10T09:05:41+00:00\" \/>\n<meta name=\"twitter:card\" content=\"summary_large_image\" \/>\n<meta name=\"twitter:label1\" content=\"Tahmini okuma s\u00fcresi\" \/>\n\t<meta name=\"twitter:data1\" content=\"1 dakika\" \/>\n<script type=\"application\/ld+json\" class=\"yoast-schema-graph\">{\"@context\":\"https:\/\/schema.org\",\"@graph\":[{\"@type\":\"WebPage\",\"@id\":\"https:\/\/avs.fr\/tr\/cerez-politikasi\/\",\"url\":\"https:\/\/avs.fr\/tr\/cerez-politikasi\/\",\"name\":\"\u00c7erez Politikas\u0131 - AVS\",\"isPartOf\":{\"@id\":\"https:\/\/avs.fr\/#website\"},\"datePublished\":\"2025-08-16T11:44:34+00:00\",\"dateModified\":\"2025-10-10T09:05:41+00:00\",\"breadcrumb\":{\"@id\":\"https:\/\/avs.fr\/tr\/cerez-politikasi\/#breadcrumb\"},\"inLanguage\":\"tr\",\"potentialAction\":[{\"@type\":\"ReadAction\",\"target\":[\"https:\/\/avs.fr\/tr\/cerez-politikasi\/\"]}]},{\"@type\":\"BreadcrumbList\",\"@id\":\"https:\/\/avs.fr\/tr\/cerez-politikasi\/#breadcrumb\",\"itemListElement\":[{\"@type\":\"ListItem\",\"position\":1,\"name\":\"Accueil\",\"item\":\"https:\/\/avs.fr\/tr\/ana-sayfa\/\"},{\"@type\":\"ListItem\",\"position\":2,\"name\":\"\u00c7erez Politikas\u0131\"}]},{\"@type\":\"WebSite\",\"@id\":\"https:\/\/avs.fr\/#website\",\"url\":\"https:\/\/avs.fr\/\",\"name\":\"AVS\",\"description\":\"Le halal en toute confiance\",\"publisher\":{\"@id\":\"https:\/\/avs.fr\/#organization\"},\"potentialAction\":[{\"@type\":\"SearchAction\",\"target\":{\"@type\":\"EntryPoint\",\"urlTemplate\":\"https:\/\/avs.fr\/?s={search_term_string}\"},\"query-input\":{\"@type\":\"PropertyValueSpecification\",\"valueRequired\":true,\"valueName\":\"search_term_string\"}}],\"inLanguage\":\"tr\"},{\"@type\":\"Organization\",\"@id\":\"https:\/\/avs.fr\/#organization\",\"name\":\"AVS\",\"url\":\"https:\/\/avs.fr\/\",\"logo\":{\"@type\":\"ImageObject\",\"inLanguage\":\"tr\",\"@id\":\"https:\/\/avs.fr\/#\/schema\/logo\/image\/\",\"url\":\"https:\/\/avs.fr\/wp-content\/uploads\/2025\/08\/logo-avs.png\",\"contentUrl\":\"https:\/\/avs.fr\/wp-content\/uploads\/2025\/08\/logo-avs.png\",\"width\":317,\"height\":306,\"caption\":\"AVS\"},\"image\":{\"@id\":\"https:\/\/avs.fr\/#\/schema\/logo\/image\/\"}}]}<\/script>\n<!-- \/ Yoast SEO plugin. -->","yoast_head_json":{"title":"\u00c7erez Politikas\u0131 - AVS","robots":{"index":"index","follow":"follow","max-snippet":"max-snippet:-1","max-image-preview":"max-image-preview:large","max-video-preview":"max-video-preview:-1"},"canonical":"https:\/\/avs.fr\/tr\/cerez-politikasi\/","og_locale":"tr_TR","og_type":"article","og_title":"\u00c7erez Politikas\u0131 - AVS","og_description":"Bu sayfa, web sitemizde gezinme deneyiminizi geli\u015ftirmek, web sitesi performans\u0131n\u0131 iyile\u015ftirmek ve ki\u015fiselle\u015ftirilmi\u015f i\u00e7erik sunmak i\u00e7in \u00e7erezleri nas\u0131l kulland\u0131\u011f\u0131m\u0131z hakk\u0131nda kapsaml\u0131 bilgi sa\u011flar. \u00c7erezler, sitemizi ziyaret etti\u011finizde cihaz\u0131n\u0131za kaydedilen k\u00fc\u00e7\u00fck metin dosyalar\u0131d\u0131r. Ziyaret\u00e7ilerin web sitemizle nas\u0131l etkile\u015fimde bulundu\u011funu anlamam\u0131za yard\u0131mc\u0131 olarak, daha sorunsuz ve verimli bir kullan\u0131c\u0131 deneyimi sunmam\u0131z\u0131 sa\u011flarlar. A\u015fa\u011f\u0131daki tabloda, kulland\u0131\u011f\u0131m\u0131z her \u00e7erez [&hellip;]","og_url":"https:\/\/avs.fr\/tr\/cerez-politikasi\/","og_site_name":"AVS","article_modified_time":"2025-10-10T09:05:41+00:00","twitter_card":"summary_large_image","twitter_misc":{"Tahmini okuma s\u00fcresi":"1 dakika"},"schema":{"@context":"https:\/\/schema.org","@graph":[{"@type":"WebPage","@id":"https:\/\/avs.fr\/tr\/cerez-politikasi\/","url":"https:\/\/avs.fr\/tr\/cerez-politikasi\/","name":"\u00c7erez Politikas\u0131 - AVS","isPartOf":{"@id":"https:\/\/avs.fr\/#website"},"datePublished":"2025-08-16T11:44:34+00:00","dateModified":"2025-10-10T09:05:41+00:00","breadcrumb":{"@id":"https:\/\/avs.fr\/tr\/cerez-politikasi\/#breadcrumb"},"inLanguage":"tr","potentialAction":[{"@type":"ReadAction","target":["https:\/\/avs.fr\/tr\/cerez-politikasi\/"]}]},{"@type":"BreadcrumbList","@id":"https:\/\/avs.fr\/tr\/cerez-politikasi\/#breadcrumb","itemListElement":[{"@type":"ListItem","position":1,"name":"Accueil","item":"https:\/\/avs.fr\/tr\/ana-sayfa\/"},{"@type":"ListItem","position":2,"name":"\u00c7erez Politikas\u0131"}]},{"@type":"WebSite","@id":"https:\/\/avs.fr\/#website","url":"https:\/\/avs.fr\/","name":"AVS","description":"Le halal en toute confiance","publisher":{"@id":"https:\/\/avs.fr\/#organization"},"potentialAction":[{"@type":"SearchAction","target":{"@type":"EntryPoint","urlTemplate":"https:\/\/avs.fr\/?s={search_term_string}"},"query-input":{"@type":"PropertyValueSpecification","valueRequired":true,"valueName":"search_term_string"}}],"inLanguage":"tr"},{"@type":"Organization","@id":"https:\/\/avs.fr\/#organization","name":"AVS","url":"https:\/\/avs.fr\/","logo":{"@type":"ImageObject","inLanguage":"tr","@id":"https:\/\/avs.fr\/#\/schema\/logo\/image\/","url":"https:\/\/avs.fr\/wp-content\/uploads\/2025\/08\/logo-avs.png","contentUrl":"https:\/\/avs.fr\/wp-content\/uploads\/2025\/08\/logo-avs.png","width":317,"height":306,"caption":"AVS"},"image":{"@id":"https:\/\/avs.fr\/#\/schema\/logo\/image\/"}}]}},"_links":{"self":[{"href":"https:\/\/avs.fr\/tr\/wp-json\/wp\/v2\/pages\/1592","targetHints":{"allow":["GET"]}}],"collection":[{"href":"https:\/\/avs.fr\/tr\/wp-json\/wp\/v2\/pages"}],"about":[{"href":"https:\/\/avs.fr\/tr\/wp-json\/wp\/v2\/types\/page"}],"author":[{"embeddable":true,"href":"https:\/\/avs.fr\/tr\/wp-json\/wp\/v2\/users\/1"}],"replies":[{"embeddable":true,"href":"https:\/\/avs.fr\/tr\/wp-json\/wp\/v2\/comments?post=1592"}],"version-history":[{"count":1,"href":"https:\/\/avs.fr\/tr\/wp-json\/wp\/v2\/pages\/1592\/revisions"}],"predecessor-version":[{"id":1597,"href":"https:\/\/avs.fr\/tr\/wp-json\/wp\/v2\/pages\/1592\/revisions\/1597"}],"wp:attachment":[{"href":"https:\/\/avs.fr\/tr\/wp-json\/wp\/v2\/media?parent=1592"}],"curies":[{"name":"wp","href":"https:\/\/api.w.org\/{rel}","templated":true}]}}