{"id":1623,"date":"2025-10-04T19:16:44","date_gmt":"2025-10-04T18:16:44","guid":{"rendered":"https:\/\/avs.fr\/hakkinda\/"},"modified":"2025-10-10T10:06:25","modified_gmt":"2025-10-10T09:06:25","slug":"hakkinda","status":"publish","type":"page","link":"https:\/\/avs.fr\/tr\/hakkinda\/","title":{"rendered":"Hakk\u0131nda"},"content":{"rendered":"\t\t<div data-elementor-type=\"wp-page\" data-elementor-id=\"1623\" class=\"elementor elementor-1623 elementor-1551\" data-elementor-post-type=\"page\">\n\t\t\t\t<div class=\"elementor-element elementor-element-8c214e6 e-flex e-con-boxed e-con e-parent\" data-id=\"8c214e6\" data-element_type=\"container\" data-settings=\"{&quot;background_background&quot;:&quot;gradient&quot;,&quot;shape_divider_bottom&quot;:&quot;opacity-fan&quot;}\">\n\t\t\t\t\t<div class=\"e-con-inner\">\n\t\t\t\t<div class=\"elementor-shape elementor-shape-bottom\" aria-hidden=\"true\" data-negative=\"false\">\n\t\t\t<svg xmlns=\"http:\/\/www.w3.org\/2000\/svg\" viewBox=\"0 0 283.5 19.6\" preserveAspectRatio=\"none\">\n\t<path class=\"elementor-shape-fill\" style=\"opacity:0.33\" d=\"M0 0L0 18.8 141.8 4.1 283.5 18.8 283.5 0z\"\/>\n\t<path class=\"elementor-shape-fill\" style=\"opacity:0.33\" d=\"M0 0L0 12.6 141.8 4 283.5 12.6 283.5 0z\"\/>\n\t<path class=\"elementor-shape-fill\" style=\"opacity:0.33\" d=\"M0 0L0 6.4 141.8 4 283.5 6.4 283.5 0z\"\/>\n\t<path class=\"elementor-shape-fill\" d=\"M0 0L0 1.2 141.8 4 283.5 1.2 283.5 0z\"\/>\n<\/svg>\t\t<\/div>\n\t\t\t\t<div class=\"elementor-element elementor-element-4e6f0b2 elementor-widget elementor-widget-heading\" data-id=\"4e6f0b2\" data-element_type=\"widget\" data-widget_type=\"heading.default\">\n\t\t\t\t\t<h2 class=\"elementor-heading-title elementor-size-default\">Hakk\u0131nda<\/h2>\t\t\t\t<\/div>\n\t\t\t\t\t<\/div>\n\t\t\t\t<\/div>\n\t\t<div class=\"elementor-element elementor-element-8e0e72a e-flex e-con-boxed e-con e-parent\" data-id=\"8e0e72a\" data-element_type=\"container\">\n\t\t\t\t\t<div class=\"e-con-inner\">\n\t\t\t\t<div class=\"elementor-element elementor-element-03a4b06 elementor-widget elementor-widget-spacer\" data-id=\"03a4b06\" data-element_type=\"widget\" data-widget_type=\"spacer.default\">\n\t\t\t\t\t\t\t<div class=\"elementor-spacer\">\n\t\t\t<div class=\"elementor-spacer-inner\"><\/div>\n\t\t<\/div>\n\t\t\t\t\t\t<\/div>\n\t\t\t\t\t<\/div>\n\t\t\t\t<\/div>\n\t\t<div class=\"elementor-element elementor-element-cc468b9 e-flex e-con-boxed e-con e-parent\" data-id=\"cc468b9\" data-element_type=\"container\">\n\t\t\t\t\t<div class=\"e-con-inner\">\n\t\t\t\t<div class=\"elementor-element elementor-element-a699e4e elementor-widget elementor-widget-text-editor\" data-id=\"a699e4e\" data-element_type=\"widget\" data-widget_type=\"text-editor.default\">\n\t\t\t\t\t\t\t\t\t<p><\/p><p>AVS, 1991 y\u0131l\u0131nda kurulmu\u015f, helal kontrol ve sertifikasyonu amac\u0131yla faaliyet g\u00f6steren 1901 yasas\u0131na tabi (k\u00e2r amac\u0131 g\u00fctmeyen) \u00f6zel bir kurulu\u015ftur. Sertifikasyon ve kontrol faaliyeti, ciddi ve \u00f6zenli bir \u015fekilde yap\u0131ld\u0131\u011f\u0131nda zorlu bir i\u015ftir. AVS bug\u00fcn, %80&#8217;i sadece kontrol g\u00f6revlerinde \u00e7al\u0131\u015fan y\u00fczden fazla \u00e7al\u0131\u015fana sahiptir. Ayr\u0131ca Saint-Denis&#8217;teki (Paris b\u00f6lgesi) genel merkezimizden idari, teknik ve muhasebe takibini yapan otuz ki\u015filik bir ekibimiz bulunmaktad\u0131r.   <\/p><p> <\/p><figure class=\"wp-block-image size-large\"><img fetchpriority=\"high\" decoding=\"async\" width=\"1024\" height=\"576\" class=\"wp-image-392\" src=\"https:\/\/new.avs.fr\/wp-content\/uploads\/2025\/06\/controle-1024x576.jpg\" alt=\"\" srcset=\"https:\/\/avs.fr\/wp-content\/uploads\/2025\/06\/controle-1024x576.jpg 1024w, https:\/\/avs.fr\/wp-content\/uploads\/2025\/06\/controle-300x169.jpg 300w, https:\/\/avs.fr\/wp-content\/uploads\/2025\/06\/controle-768x432.jpg 768w, https:\/\/avs.fr\/wp-content\/uploads\/2025\/06\/controle-1536x864.jpg 1536w, https:\/\/avs.fr\/wp-content\/uploads\/2025\/06\/controle-2048x1152.jpg 2048w\" sizes=\"(max-width: 1024px) 100vw, 1024px\" \/><\/figure><p> <\/p><p>D\u00fcr\u00fcstl\u00fck, m\u00fckemmellik ve yenilik\u00e7ilik ilkeleri \u00fczerine kurulu olan AVS, d\u00fcnya \u00e7ap\u0131nda \u015firketler i\u00e7in g\u00fcvenilir bir ortak haline gelmi\u015ftir. Yolculu\u011fumuz, s\u00fcrekli kalite aray\u0131\u015f\u0131 ve m\u00fc\u015fterilerimizin her an\u0131nda yanlar\u0131nda olma taahh\u00fcd\u00fc ile \u015fekillenmektedir. <\/p><p> <\/p><h4 class=\"wp-block-heading has-large-font-size\">Helal sertifikasyonu<\/h4><p> <\/p><h3 class=\"wp-block-heading\"><strong>\u0130\u015fletmelerin Denetimi <\/strong><\/h3><p> <\/p><p>AVS ile s\u00f6zle\u015fme yapmay\u0131 tercih eden i\u015fletmeler (kasaplar ve restoranlar) m\u00fc\u015fterilerine yaln\u0131zca AVS sertifikal\u0131 et \u00fcr\u00fcnleri sunarlar. Bu, t\u00fcketicilerin onayl\u0131 i\u015fletmelerden g\u00fcvenle al\u0131\u015fveri\u015f yapabilmeleri i\u00e7in sundu\u011fumuz (kasaplar i\u00e7in \u00fccretsiz) bir hizmettir.  <\/p><p> <\/p><h3 class=\"wp-block-heading\"><strong>Markalar\u0131n Sertifikaland\u0131r\u0131lmas\u0131<\/strong><\/h3><p> <\/p><p>T\u00fcketicilerin artan say\u0131daki helal markalar\u0131 aras\u0131nda se\u00e7im yapabilmeleri i\u00e7in AVS, sertifika almak isteyen markalarla \u00f6zel s\u00f6zle\u015fmeler yapmaktad\u0131r. S\u00f6zle\u015fmede belirtildi\u011fi gibi, \u00fcretici firma s\u00f6zle\u015fmeli marka ad\u0131na sat\u0131lan t\u00fcm \u00fcr\u00fcnler i\u00e7in AVS sertifikasyonu almak zorundad\u0131r.  <\/p><p> <\/p><h3 class=\"wp-block-heading\"><strong>Kaliteli \u00dcr\u00fcnlerin Sertifikaland\u0131r\u0131lmas\u0131 <\/strong><\/h3><p> <\/p><p>AVS, sa\u011fl\u0131kl\u0131 helal beslenmeyi (nitrit katk\u0131s\u0131z, MSM&#8217;siz, \u00e7iftlik \u00fcr\u00fcn\u00fc, etiketli) ve ayn\u0131 zamanda \u00e7al\u0131\u015fanlar\u0131n haklar\u0131na (M\u00fcsl\u00fcman olsun olmas\u0131n) sayg\u0131 g\u00f6steren ve hayvanlar\u0131 duyarl\u0131 varl\u0131klar olarak g\u00f6ren \u00fcretim s\u00fcre\u00e7lerini (yeti\u015ftirmeden kesime) te\u015fvik eder. Bu nedenle AVS, hem otantik helal hem de kaliteyi hedefleyen t\u00fcm alternatif veya etik projelere \u00f6zel \u00f6nem vermektedir. <\/p><p> <\/p><h4 class=\"wp-block-heading has-large-font-size\">Misyonumuz<\/h4><p> <\/p><h3 class=\"wp-block-heading\">T\u00fcketicilerin Hizmetinde<\/h3><p> <\/p><p>\u00dcr\u00fcnlerin helal \u00f6zelli\u011fini t\u00fcketicilere garanti etmek i\u00e7in AVS \u00e7al\u0131\u015fanlar\u0131, hayvan\u0131n kesiminden \u00fcr\u00fcnlerin paketlenmesi ve m\u00fch\u00fcrlenmesine kadar t\u00fcm s\u00fcre\u00e7te haz\u0131r bulunmaktad\u0131r.<\/p><p> <\/p><h3 class=\"wp-block-heading\">End\u00fcstriyel Ortamda Helali Korumak<\/h3><p> <\/p><p>End\u00fcstriyel mezbahalar g\u00fcn\u00fcm\u00fczde halka kapal\u0131, s\u0131n\u0131rl\u0131 alanlard\u0131r. Bu nedenle t\u00fcketiciler hayvanlar\u0131n nas\u0131l muamele g\u00f6rd\u00fc\u011f\u00fc ve kesildi\u011fi konusunda hi\u00e7bir bilgiye sahip de\u011fildir. <\/p><p><\/p>\t\t\t\t\t\t\t\t<\/div>\n\t\t\t\t\t<\/div>\n\t\t\t\t<\/div>\n\t\t\t\t<\/div>\n\t\t","protected":false},"excerpt":{"rendered":"<p>Hakk\u0131nda AVS, 1991 y\u0131l\u0131nda kurulmu\u015f, helal kontrol ve sertifikasyonu amac\u0131yla faaliyet g\u00f6steren 1901 yasas\u0131na tabi (k\u00e2r amac\u0131 g\u00fctmeyen) \u00f6zel bir kurulu\u015ftur. Sertifikasyon ve kontrol faaliyeti, ciddi ve \u00f6zenli bir \u015fekilde yap\u0131ld\u0131\u011f\u0131nda zorlu bir i\u015ftir. AVS bug\u00fcn, %80&#8217;i sadece kontrol g\u00f6revlerinde \u00e7al\u0131\u015fan y\u00fczden fazla \u00e7al\u0131\u015fana sahiptir. Ayr\u0131ca Saint-Denis&#8217;teki (Paris b\u00f6lgesi) genel merkezimizden idari, teknik ve muhasebe [&hellip;]<\/p>\n","protected":false},"author":1,"featured_media":0,"parent":0,"menu_order":0,"comment_status":"closed","ping_status":"closed","template":"","meta":{"footnotes":""},"class_list":["post-1623","page","type-page","status-publish","hentry"],"yoast_head":"<!-- This site is optimized with the Yoast SEO plugin v26.5 - https:\/\/yoast.com\/wordpress\/plugins\/seo\/ -->\n<title>Hakk\u0131nda - AVS<\/title>\n<meta name=\"robots\" content=\"index, follow, max-snippet:-1, max-image-preview:large, max-video-preview:-1\" \/>\n<link rel=\"canonical\" href=\"https:\/\/avs.fr\/tr\/hakkinda\/\" \/>\n<meta property=\"og:locale\" content=\"tr_TR\" \/>\n<meta property=\"og:type\" content=\"article\" \/>\n<meta property=\"og:title\" content=\"Hakk\u0131nda - AVS\" \/>\n<meta property=\"og:description\" content=\"Hakk\u0131nda AVS, 1991 y\u0131l\u0131nda kurulmu\u015f, helal kontrol ve sertifikasyonu amac\u0131yla faaliyet g\u00f6steren 1901 yasas\u0131na tabi (k\u00e2r amac\u0131 g\u00fctmeyen) \u00f6zel bir kurulu\u015ftur. Sertifikasyon ve kontrol faaliyeti, ciddi ve \u00f6zenli bir \u015fekilde yap\u0131ld\u0131\u011f\u0131nda zorlu bir i\u015ftir. AVS bug\u00fcn, %80&#8217;i sadece kontrol g\u00f6revlerinde \u00e7al\u0131\u015fan y\u00fczden fazla \u00e7al\u0131\u015fana sahiptir. Ayr\u0131ca Saint-Denis&#8217;teki (Paris b\u00f6lgesi) genel merkezimizden idari, teknik ve muhasebe [&hellip;]\" \/>\n<meta property=\"og:url\" content=\"https:\/\/avs.fr\/tr\/hakkinda\/\" \/>\n<meta property=\"og:site_name\" content=\"AVS\" \/>\n<meta property=\"article:modified_time\" content=\"2025-10-10T09:06:25+00:00\" \/>\n<meta property=\"og:image\" content=\"https:\/\/avs.fr\/wp-content\/uploads\/2025\/06\/controle.jpg\" \/>\n\t<meta property=\"og:image:width\" content=\"2560\" \/>\n\t<meta property=\"og:image:height\" content=\"1440\" \/>\n\t<meta property=\"og:image:type\" content=\"image\/jpeg\" \/>\n<meta name=\"twitter:card\" content=\"summary_large_image\" \/>\n<meta name=\"twitter:label1\" content=\"Tahmini okuma s\u00fcresi\" \/>\n\t<meta name=\"twitter:data1\" content=\"2 dakika\" \/>\n<script type=\"application\/ld+json\" class=\"yoast-schema-graph\">{\"@context\":\"https:\/\/schema.org\",\"@graph\":[{\"@type\":\"WebPage\",\"@id\":\"https:\/\/avs.fr\/tr\/hakkinda\/\",\"url\":\"https:\/\/avs.fr\/tr\/hakkinda\/\",\"name\":\"Hakk\u0131nda - AVS\",\"isPartOf\":{\"@id\":\"https:\/\/avs.fr\/#website\"},\"primaryImageOfPage\":{\"@id\":\"https:\/\/avs.fr\/tr\/hakkinda\/#primaryimage\"},\"image\":{\"@id\":\"https:\/\/avs.fr\/tr\/hakkinda\/#primaryimage\"},\"thumbnailUrl\":\"https:\/\/new.avs.fr\/wp-content\/uploads\/2025\/06\/controle-1024x576.jpg\",\"datePublished\":\"2025-10-04T18:16:44+00:00\",\"dateModified\":\"2025-10-10T09:06:25+00:00\",\"breadcrumb\":{\"@id\":\"https:\/\/avs.fr\/tr\/hakkinda\/#breadcrumb\"},\"inLanguage\":\"tr\",\"potentialAction\":[{\"@type\":\"ReadAction\",\"target\":[\"https:\/\/avs.fr\/tr\/hakkinda\/\"]}]},{\"@type\":\"ImageObject\",\"inLanguage\":\"tr\",\"@id\":\"https:\/\/avs.fr\/tr\/hakkinda\/#primaryimage\",\"url\":\"https:\/\/new.avs.fr\/wp-content\/uploads\/2025\/06\/controle-1024x576.jpg\",\"contentUrl\":\"https:\/\/new.avs.fr\/wp-content\/uploads\/2025\/06\/controle-1024x576.jpg\"},{\"@type\":\"BreadcrumbList\",\"@id\":\"https:\/\/avs.fr\/tr\/hakkinda\/#breadcrumb\",\"itemListElement\":[{\"@type\":\"ListItem\",\"position\":1,\"name\":\"Accueil\",\"item\":\"https:\/\/avs.fr\/tr\/ana-sayfa\/\"},{\"@type\":\"ListItem\",\"position\":2,\"name\":\"Hakk\u0131nda\"}]},{\"@type\":\"WebSite\",\"@id\":\"https:\/\/avs.fr\/#website\",\"url\":\"https:\/\/avs.fr\/\",\"name\":\"AVS\",\"description\":\"Le halal en toute confiance\",\"publisher\":{\"@id\":\"https:\/\/avs.fr\/#organization\"},\"potentialAction\":[{\"@type\":\"SearchAction\",\"target\":{\"@type\":\"EntryPoint\",\"urlTemplate\":\"https:\/\/avs.fr\/?s={search_term_string}\"},\"query-input\":{\"@type\":\"PropertyValueSpecification\",\"valueRequired\":true,\"valueName\":\"search_term_string\"}}],\"inLanguage\":\"tr\"},{\"@type\":\"Organization\",\"@id\":\"https:\/\/avs.fr\/#organization\",\"name\":\"AVS\",\"url\":\"https:\/\/avs.fr\/\",\"logo\":{\"@type\":\"ImageObject\",\"inLanguage\":\"tr\",\"@id\":\"https:\/\/avs.fr\/#\/schema\/logo\/image\/\",\"url\":\"https:\/\/avs.fr\/wp-content\/uploads\/2025\/08\/logo-avs.png\",\"contentUrl\":\"https:\/\/avs.fr\/wp-content\/uploads\/2025\/08\/logo-avs.png\",\"width\":317,\"height\":306,\"caption\":\"AVS\"},\"image\":{\"@id\":\"https:\/\/avs.fr\/#\/schema\/logo\/image\/\"}}]}<\/script>\n<!-- \/ Yoast SEO plugin. -->","yoast_head_json":{"title":"Hakk\u0131nda - AVS","robots":{"index":"index","follow":"follow","max-snippet":"max-snippet:-1","max-image-preview":"max-image-preview:large","max-video-preview":"max-video-preview:-1"},"canonical":"https:\/\/avs.fr\/tr\/hakkinda\/","og_locale":"tr_TR","og_type":"article","og_title":"Hakk\u0131nda - AVS","og_description":"Hakk\u0131nda AVS, 1991 y\u0131l\u0131nda kurulmu\u015f, helal kontrol ve sertifikasyonu amac\u0131yla faaliyet g\u00f6steren 1901 yasas\u0131na tabi (k\u00e2r amac\u0131 g\u00fctmeyen) \u00f6zel bir kurulu\u015ftur. Sertifikasyon ve kontrol faaliyeti, ciddi ve \u00f6zenli bir \u015fekilde yap\u0131ld\u0131\u011f\u0131nda zorlu bir i\u015ftir. AVS bug\u00fcn, %80&#8217;i sadece kontrol g\u00f6revlerinde \u00e7al\u0131\u015fan y\u00fczden fazla \u00e7al\u0131\u015fana sahiptir. Ayr\u0131ca Saint-Denis&#8217;teki (Paris b\u00f6lgesi) genel merkezimizden idari, teknik ve muhasebe [&hellip;]","og_url":"https:\/\/avs.fr\/tr\/hakkinda\/","og_site_name":"AVS","article_modified_time":"2025-10-10T09:06:25+00:00","og_image":[{"width":2560,"height":1440,"url":"https:\/\/avs.fr\/wp-content\/uploads\/2025\/06\/controle.jpg","type":"image\/jpeg"}],"twitter_card":"summary_large_image","twitter_misc":{"Tahmini okuma s\u00fcresi":"2 dakika"},"schema":{"@context":"https:\/\/schema.org","@graph":[{"@type":"WebPage","@id":"https:\/\/avs.fr\/tr\/hakkinda\/","url":"https:\/\/avs.fr\/tr\/hakkinda\/","name":"Hakk\u0131nda - AVS","isPartOf":{"@id":"https:\/\/avs.fr\/#website"},"primaryImageOfPage":{"@id":"https:\/\/avs.fr\/tr\/hakkinda\/#primaryimage"},"image":{"@id":"https:\/\/avs.fr\/tr\/hakkinda\/#primaryimage"},"thumbnailUrl":"https:\/\/new.avs.fr\/wp-content\/uploads\/2025\/06\/controle-1024x576.jpg","datePublished":"2025-10-04T18:16:44+00:00","dateModified":"2025-10-10T09:06:25+00:00","breadcrumb":{"@id":"https:\/\/avs.fr\/tr\/hakkinda\/#breadcrumb"},"inLanguage":"tr","potentialAction":[{"@type":"ReadAction","target":["https:\/\/avs.fr\/tr\/hakkinda\/"]}]},{"@type":"ImageObject","inLanguage":"tr","@id":"https:\/\/avs.fr\/tr\/hakkinda\/#primaryimage","url":"https:\/\/new.avs.fr\/wp-content\/uploads\/2025\/06\/controle-1024x576.jpg","contentUrl":"https:\/\/new.avs.fr\/wp-content\/uploads\/2025\/06\/controle-1024x576.jpg"},{"@type":"BreadcrumbList","@id":"https:\/\/avs.fr\/tr\/hakkinda\/#breadcrumb","itemListElement":[{"@type":"ListItem","position":1,"name":"Accueil","item":"https:\/\/avs.fr\/tr\/ana-sayfa\/"},{"@type":"ListItem","position":2,"name":"Hakk\u0131nda"}]},{"@type":"WebSite","@id":"https:\/\/avs.fr\/#website","url":"https:\/\/avs.fr\/","name":"AVS","description":"Le halal en toute confiance","publisher":{"@id":"https:\/\/avs.fr\/#organization"},"potentialAction":[{"@type":"SearchAction","target":{"@type":"EntryPoint","urlTemplate":"https:\/\/avs.fr\/?s={search_term_string}"},"query-input":{"@type":"PropertyValueSpecification","valueRequired":true,"valueName":"search_term_string"}}],"inLanguage":"tr"},{"@type":"Organization","@id":"https:\/\/avs.fr\/#organization","name":"AVS","url":"https:\/\/avs.fr\/","logo":{"@type":"ImageObject","inLanguage":"tr","@id":"https:\/\/avs.fr\/#\/schema\/logo\/image\/","url":"https:\/\/avs.fr\/wp-content\/uploads\/2025\/08\/logo-avs.png","contentUrl":"https:\/\/avs.fr\/wp-content\/uploads\/2025\/08\/logo-avs.png","width":317,"height":306,"caption":"AVS"},"image":{"@id":"https:\/\/avs.fr\/#\/schema\/logo\/image\/"}}]}},"_links":{"self":[{"href":"https:\/\/avs.fr\/tr\/wp-json\/wp\/v2\/pages\/1623","targetHints":{"allow":["GET"]}}],"collection":[{"href":"https:\/\/avs.fr\/tr\/wp-json\/wp\/v2\/pages"}],"about":[{"href":"https:\/\/avs.fr\/tr\/wp-json\/wp\/v2\/types\/page"}],"author":[{"embeddable":true,"href":"https:\/\/avs.fr\/tr\/wp-json\/wp\/v2\/users\/1"}],"replies":[{"embeddable":true,"href":"https:\/\/avs.fr\/tr\/wp-json\/wp\/v2\/comments?post=1623"}],"version-history":[{"count":1,"href":"https:\/\/avs.fr\/tr\/wp-json\/wp\/v2\/pages\/1623\/revisions"}],"predecessor-version":[{"id":1624,"href":"https:\/\/avs.fr\/tr\/wp-json\/wp\/v2\/pages\/1623\/revisions\/1624"}],"wp:attachment":[{"href":"https:\/\/avs.fr\/tr\/wp-json\/wp\/v2\/media?parent=1623"}],"curies":[{"name":"wp","href":"https:\/\/api.w.org\/{rel}","templated":true}]}}