{"id":1719,"date":"2025-10-22T04:49:48","date_gmt":"2025-10-22T03:49:48","guid":{"rendered":"https:\/\/avs.fr\/sss\/"},"modified":"2025-12-27T06:35:23","modified_gmt":"2025-12-27T05:35:23","slug":"sss","status":"publish","type":"page","link":"https:\/\/avs.fr\/tr\/sss\/","title":{"rendered":"SSS"},"content":{"rendered":"\t\t<div data-elementor-type=\"wp-page\" data-elementor-id=\"1719\" class=\"elementor elementor-1719 elementor-1672\" data-elementor-post-type=\"page\">\n\t\t\t\t<div class=\"elementor-element elementor-element-3188cf2 e-flex e-con-boxed e-con e-parent\" data-id=\"3188cf2\" data-element_type=\"container\" data-settings=\"{&quot;background_background&quot;:&quot;gradient&quot;,&quot;shape_divider_bottom&quot;:&quot;opacity-fan&quot;}\">\n\t\t\t\t\t<div class=\"e-con-inner\">\n\t\t\t\t<div class=\"elementor-shape elementor-shape-bottom\" aria-hidden=\"true\" data-negative=\"false\">\n\t\t\t<svg xmlns=\"http:\/\/www.w3.org\/2000\/svg\" viewBox=\"0 0 283.5 19.6\" preserveAspectRatio=\"none\">\n\t<path class=\"elementor-shape-fill\" style=\"opacity:0.33\" d=\"M0 0L0 18.8 141.8 4.1 283.5 18.8 283.5 0z\"\/>\n\t<path class=\"elementor-shape-fill\" style=\"opacity:0.33\" d=\"M0 0L0 12.6 141.8 4 283.5 12.6 283.5 0z\"\/>\n\t<path class=\"elementor-shape-fill\" style=\"opacity:0.33\" d=\"M0 0L0 6.4 141.8 4 283.5 6.4 283.5 0z\"\/>\n\t<path class=\"elementor-shape-fill\" d=\"M0 0L0 1.2 141.8 4 283.5 1.2 283.5 0z\"\/>\n<\/svg>\t\t<\/div>\n\t\t\t\t<div class=\"elementor-element elementor-element-0549bee elementor-widget elementor-widget-heading\" data-id=\"0549bee\" data-element_type=\"widget\" data-widget_type=\"heading.default\">\n\t\t\t\t\t<h2 class=\"elementor-heading-title elementor-size-default\">SSS<\/h2>\t\t\t\t<\/div>\n\t\t\t\t\t<\/div>\n\t\t\t\t<\/div>\n\t\t<div class=\"elementor-element elementor-element-a7c3313 e-flex e-con-boxed e-con e-parent\" data-id=\"a7c3313\" data-element_type=\"container\" id=\"faq\">\n\t\t\t\t\t<div class=\"e-con-inner\">\n\t\t<div class=\"elementor-element elementor-element-7f59f47 e-con-full e-flex e-con e-child\" data-id=\"7f59f47\" data-element_type=\"container\">\n\t\t\t\t<div class=\"elementor-element elementor-element-3786770 elementor-widget elementor-widget-heading\" data-id=\"3786770\" data-element_type=\"widget\" data-widget_type=\"heading.default\">\n\t\t\t\t\t<h2 class=\"elementor-heading-title elementor-size-default\">S\u0131k\u00e7a Sorulan Sorular<\/h2>\t\t\t\t<\/div>\n\t\t\t\t<div class=\"elementor-element elementor-element-7a725de elementor-widget elementor-widget-image\" data-id=\"7a725de\" data-element_type=\"widget\" data-widget_type=\"image.default\">\n\t\t\t\t\t\t\t\t\t\t\t\t\t\t\t<img fetchpriority=\"high\" decoding=\"async\" width=\"500\" height=\"446\" src=\"https:\/\/avs.fr\/wp-content\/uploads\/2025\/08\/quesiton.png\" class=\"attachment-large size-large wp-image-957\" alt=\"\" srcset=\"https:\/\/avs.fr\/wp-content\/uploads\/2025\/08\/quesiton.png 500w, https:\/\/avs.fr\/wp-content\/uploads\/2025\/08\/quesiton-300x268.png 300w\" sizes=\"(max-width: 500px) 100vw, 500px\" \/>\t\t\t\t\t\t\t\t\t\t\t\t\t\t\t<\/div>\n\t\t\t\t<\/div>\n\t\t\t\t<div class=\"elementor-element elementor-element-1cf32bb elementor-widget elementor-widget-n-accordion\" data-id=\"1cf32bb\" data-element_type=\"widget\" data-settings=\"{&quot;default_state&quot;:&quot;expanded&quot;,&quot;max_items_expended&quot;:&quot;one&quot;,&quot;n_accordion_animation_duration&quot;:{&quot;unit&quot;:&quot;ms&quot;,&quot;size&quot;:400,&quot;sizes&quot;:[]}}\" data-widget_type=\"nested-accordion.default\">\n\t\t\t\t\t\t\t<div class=\"e-n-accordion\" aria-label=\"Accordion. Open links with Enter or Space, close with Escape, and navigate with Arrow Keys\">\n\t\t\t\t\t\t<details id=\"e-n-accordion-item-3030\" class=\"e-n-accordion-item\" open>\n\t\t\t\t<summary class=\"e-n-accordion-item-title\" data-accordion-index=\"1\" tabindex=\"0\" aria-expanded=\"true\" aria-controls=\"e-n-accordion-item-3030\" >\n\t\t\t\t\t<span class='e-n-accordion-item-title-header'><div class=\"e-n-accordion-item-title-text\"> Bu marka helal mi? <\/div><\/span>\n\t\t\t\t\t\t\t<span class='e-n-accordion-item-title-icon'>\n\t\t\t<span class='e-opened' ><svg aria-hidden=\"true\" class=\"e-font-icon-svg e-fas-minus\" viewBox=\"0 0 448 512\" xmlns=\"http:\/\/www.w3.org\/2000\/svg\"><path d=\"M416 208H32c-17.67 0-32 14.33-32 32v32c0 17.67 14.33 32 32 32h384c17.67 0 32-14.33 32-32v-32c0-17.67-14.33-32-32-32z\"><\/path><\/svg><\/span>\n\t\t\t<span class='e-closed'><svg aria-hidden=\"true\" class=\"e-font-icon-svg e-fas-arrow-right\" viewBox=\"0 0 448 512\" xmlns=\"http:\/\/www.w3.org\/2000\/svg\"><path d=\"M190.5 66.9l22.2-22.2c9.4-9.4 24.6-9.4 33.9 0L441 239c9.4 9.4 9.4 24.6 0 33.9L246.6 467.3c-9.4 9.4-24.6 9.4-33.9 0l-22.2-22.2c-9.5-9.5-9.3-25 .4-34.3L311.4 296H24c-13.3 0-24-10.7-24-24v-32c0-13.3 10.7-24 24-24h287.4L190.9 101.2c-9.8-9.3-10-24.8-.4-34.3z\"><\/path><\/svg><\/span>\n\t\t<\/span>\n\n\t\t\t\t\t\t<\/summary>\n\t\t\t\t<div role=\"region\" aria-labelledby=\"e-n-accordion-item-3030\" class=\"elementor-element elementor-element-dec9969 e-con-full e-flex e-con e-child\" data-id=\"dec9969\" data-element_type=\"container\">\n\t\t\t\t<div class=\"elementor-element elementor-element-05a7402 elementor-widget elementor-widget-text-editor\" data-id=\"05a7402\" data-element_type=\"widget\" data-widget_type=\"text-editor.default\">\n\t\t\t\t\t\t\t\t\t<p>AVS yaln\u0131zca kendi sertifikaland\u0131rd\u0131\u011f\u0131 \u00fcr\u00fcnlerin helal kalitesini garanti edebilir. Temelinde, sertifikal\u0131 her \u00fcr\u00fcn i\u00e7in kesimden paketlemeye kadar denet\u00e7i g\u00f6revlilerin fiziksel varl\u0131\u011f\u0131 yatar. Bu nedenle, g\u00f6revlilerimizin varl\u0131\u011f\u0131 olmadan hi\u00e7bir sertifika vermiyoruz. Onlar\u0131n sahada s\u00fcrekli ve kesintisiz varl\u0131\u011f\u0131, \u00fcr\u00fcnlerin helal oldu\u011funu kan\u0131tlar.   <\/p><p>Di\u011fer kurulu\u015flarla ilgili olarak, g\u00f6revlilerimiz onlar\u0131n \u00fcretimlerinde bulunmad\u0131\u011f\u0131 i\u00e7in sorunuzu yan\u0131tlayam\u0131yoruz. Bir \u00fcr\u00fcn\u00fc helal olarak sertifikaland\u0131rmak veya haram oldu\u011funu s\u00f6ylemek dini bir sorumluluk gerektirir, \u00fcr\u00fcn\u00fcn kalitesini garanti edebilmek i\u00e7in kesimden paketlemeye kadar orada bulunmak gerekir. Bu nedenle derne\u011fimiz di\u011fer kurulu\u015flar i\u00e7in garanti veremez.   <\/p><p>Herhangi bir sertifikasyon kurulu\u015funun i\u015fareti bulunmayan \u00fcr\u00fcnlerle ilgili olarak, bunlardan ka\u00e7\u0131nman\u0131z\u0131 \u015fiddetle tavsiye ederiz \u00e7\u00fcnk\u00fc ne yaz\u0131k ki \u015fu anda Avrupa&#8217;da &#8220;helal&#8221; terimini koruyan hi\u00e7bir yasa yoktur, bu nedenle bir\u00e7ok \u015firket sertifikas\u0131z ve \u015f\u00fcpheli kaynakl\u0131 \u00fcr\u00fcnlerde bu terimi kullanmaktad\u0131r.<\/p>\t\t\t\t\t\t\t\t<\/div>\n\t\t\t\t<\/div>\n\t\t\t\t\t<\/details>\n\t\t\t\t\t\t<details id=\"e-n-accordion-item-3031\" class=\"e-n-accordion-item\" >\n\t\t\t\t<summary class=\"e-n-accordion-item-title\" data-accordion-index=\"2\" tabindex=\"-1\" aria-expanded=\"false\" aria-controls=\"e-n-accordion-item-3031\" >\n\t\t\t\t\t<span class='e-n-accordion-item-title-header'><div class=\"e-n-accordion-item-title-text\"> AVS taraf\u0131ndan referans verilen tedarik\u00e7ilerden sat\u0131n al\u0131nabilir mi? <\/div><\/span>\n\t\t\t\t\t\t\t<span class='e-n-accordion-item-title-icon'>\n\t\t\t<span class='e-opened' ><svg aria-hidden=\"true\" class=\"e-font-icon-svg e-fas-minus\" viewBox=\"0 0 448 512\" xmlns=\"http:\/\/www.w3.org\/2000\/svg\"><path d=\"M416 208H32c-17.67 0-32 14.33-32 32v32c0 17.67 14.33 32 32 32h384c17.67 0 32-14.33 32-32v-32c0-17.67-14.33-32-32-32z\"><\/path><\/svg><\/span>\n\t\t\t<span class='e-closed'><svg aria-hidden=\"true\" class=\"e-font-icon-svg e-fas-arrow-right\" viewBox=\"0 0 448 512\" xmlns=\"http:\/\/www.w3.org\/2000\/svg\"><path d=\"M190.5 66.9l22.2-22.2c9.4-9.4 24.6-9.4 33.9 0L441 239c9.4 9.4 9.4 24.6 0 33.9L246.6 467.3c-9.4 9.4-24.6 9.4-33.9 0l-22.2-22.2c-9.5-9.5-9.3-25 .4-34.3L311.4 296H24c-13.3 0-24-10.7-24-24v-32c0-13.3 10.7-24 24-24h287.4L190.9 101.2c-9.8-9.3-10-24.8-.4-34.3z\"><\/path><\/svg><\/span>\n\t\t<\/span>\n\n\t\t\t\t\t\t<\/summary>\n\t\t\t\t<div role=\"region\" aria-labelledby=\"e-n-accordion-item-3031\" class=\"elementor-element elementor-element-2d3b83d e-con-full e-flex e-con e-child\" data-id=\"2d3b83d\" data-element_type=\"container\">\n\t\t\t\t<div class=\"elementor-element elementor-element-f1420e4 elementor-widget elementor-widget-text-editor\" data-id=\"f1420e4\" data-element_type=\"widget\" data-widget_type=\"text-editor.default\">\n\t\t\t\t\t\t\t\t\t<p>Baz\u0131 ortaklar\u0131m\u0131zdan tedarik edilmesi, internet sayfalar\u0131nda belirtildi\u011fi gibi, tek ba\u015f\u0131na yeterli de\u011fildir. Nitekim bu mezbahalar\u0131n bir\u00e7o\u011fu yaln\u0131zca helal kesim yapmamaktad\u0131r ve bu nedenle teslimatta \u00fcr\u00fcnlerin ger\u00e7ekten ajanlar\u0131m\u0131z taraf\u0131ndan ayn\u0131 mezbahalarda kesilen \u00fcr\u00fcnler olup olmad\u0131\u011f\u0131n\u0131, AVS logosunun varl\u0131\u011f\u0131n\u0131 kontrol ederek anlamak gerekir. <\/p>\t\t\t\t\t\t\t\t<\/div>\n\t\t\t\t<\/div>\n\t\t\t\t\t<\/details>\n\t\t\t\t\t\t<details id=\"e-n-accordion-item-3032\" class=\"e-n-accordion-item\" >\n\t\t\t\t<summary class=\"e-n-accordion-item-title\" data-accordion-index=\"3\" tabindex=\"-1\" aria-expanded=\"false\" aria-controls=\"e-n-accordion-item-3032\" >\n\t\t\t\t\t<span class='e-n-accordion-item-title-header'><div class=\"e-n-accordion-item-title-text\"> \u00cele-de-France, Lyon veya Saint-\u00c9tienne d\u0131\u015f\u0131nda AVS onay\u0131 al\u0131nabilir mi? <\/div><\/span>\n\t\t\t\t\t\t\t<span class='e-n-accordion-item-title-icon'>\n\t\t\t<span class='e-opened' ><svg aria-hidden=\"true\" class=\"e-font-icon-svg e-fas-minus\" viewBox=\"0 0 448 512\" xmlns=\"http:\/\/www.w3.org\/2000\/svg\"><path d=\"M416 208H32c-17.67 0-32 14.33-32 32v32c0 17.67 14.33 32 32 32h384c17.67 0 32-14.33 32-32v-32c0-17.67-14.33-32-32-32z\"><\/path><\/svg><\/span>\n\t\t\t<span class='e-closed'><svg aria-hidden=\"true\" class=\"e-font-icon-svg e-fas-arrow-right\" viewBox=\"0 0 448 512\" xmlns=\"http:\/\/www.w3.org\/2000\/svg\"><path d=\"M190.5 66.9l22.2-22.2c9.4-9.4 24.6-9.4 33.9 0L441 239c9.4 9.4 9.4 24.6 0 33.9L246.6 467.3c-9.4 9.4-24.6 9.4-33.9 0l-22.2-22.2c-9.5-9.5-9.3-25 .4-34.3L311.4 296H24c-13.3 0-24-10.7-24-24v-32c0-13.3 10.7-24 24-24h287.4L190.9 101.2c-9.8-9.3-10-24.8-.4-34.3z\"><\/path><\/svg><\/span>\n\t\t<\/span>\n\n\t\t\t\t\t\t<\/summary>\n\t\t\t\t<div role=\"region\" aria-labelledby=\"e-n-accordion-item-3032\" class=\"elementor-element elementor-element-c4a1126 e-con-full e-flex e-con e-child\" data-id=\"c4a1126\" data-element_type=\"container\">\n\t\t\t\t<div class=\"elementor-element elementor-element-dc4cffe elementor-widget elementor-widget-text-editor\" data-id=\"dc4cffe\" data-element_type=\"widget\" data-widget_type=\"text-editor.default\">\n\t\t\t\t\t\t\t\t\t<p data-start=\"163\" data-end=\"364\">Ne yaz\u0131k ki dernek \u015fu anda sadece \u00cele-de-France, Lyon ve Saint-\u00c9tienne&#8217;deki kasap ve restoranlar\u0131 denetlemektedir ve bu b\u00f6lgeler d\u0131\u015f\u0131ndaki i\u015fletmeleri sertifikaland\u0131ramamaktad\u0131r.<\/p><p data-start=\"366\" data-end=\"787\">Dernek, \u00f6nemli bir maliyet olu\u015fturmas\u0131na ra\u011fmen denetimi \u00fccretsiz olarak ger\u00e7ekle\u015ftirmektedir. Ayr\u0131ca, bir kasap\/restoran denet\u00e7isinin i\u015fe al\u0131m\u0131 ve e\u011fitimi karma\u015f\u0131k ve uzun bir s\u00fcre\u00e7tir. Denetimin kalitesini ve g\u00fcvenilirli\u011fini sa\u011flamak i\u00e7in denet\u00e7ilerin tam zamanl\u0131 pozisyonlarda istikrarl\u0131 olmas\u0131 gerekir, bu da ancak ayn\u0131 b\u00f6lgede birden fazla i\u015fletmenin denetlenmesi gerekti\u011finde makul olur.  <\/p><p data-start=\"789\" data-end=\"1054\">Titiz bir denetimi s\u00fcrd\u00fcrmek i\u00e7in denet\u00e7ilerin b\u00f6lgesel bir sorumlu taraf\u0131ndan takip edilmesi de gereklidir. Bu g\u00f6zetim kolayca merkezden uzakla\u015ft\u0131r\u0131lamaz, bu da kapsam d\u0131\u015f\u0131 b\u00f6lgelerdeki t\u00fcm taleplere cevap verme kapasitemizi s\u0131n\u0131rlar. <\/p><p data-start=\"1056\" data-end=\"1300\">Yine de, artan talebi kademeli olarak kar\u015f\u0131lamak i\u00e7in yerel M\u00fcsl\u00fcman dernekleri ve g\u00fcvenilir yerel i\u015fletmelerle i\u015fbirli\u011fi yaparak AVS \u00fcr\u00fcnlerini di\u011fer b\u00f6lgelerde de kullan\u0131ma sunmak i\u00e7in \u00e7al\u0131\u015f\u0131yoruz.<\/p>\t\t\t\t\t\t\t\t<\/div>\n\t\t\t\t<\/div>\n\t\t\t\t\t<\/details>\n\t\t\t\t\t<\/div>\n\t\t\t\t\t<script type=\"application\/ld+json\">{\"@context\":\"https:\\\/\\\/schema.org\",\"@type\":\"FAQPage\",\"mainEntity\":[{\"@type\":\"Question\",\"name\":\"Bu marka helal mi?\",\"acceptedAnswer\":{\"@type\":\"Answer\",\"text\":\"AVS yaln\\u0131zca kendi sertifikaland\\u0131rd\\u0131\\u011f\\u0131 \\u00fcr\\u00fcnlerin helal kalitesini garanti edebilir. Temelinde, sertifikal\\u0131 her \\u00fcr\\u00fcn i\\u00e7in kesimden paketlemeye kadar denet\\u00e7i g\\u00f6revlilerin fiziksel varl\\u0131\\u011f\\u0131 yatar. Bu nedenle, g\\u00f6revlilerimizin varl\\u0131\\u011f\\u0131 olmadan hi\\u00e7bir sertifika vermiyoruz. Onlar\\u0131n sahada s\\u00fcrekli ve kesintisiz varl\\u0131\\u011f\\u0131, \\u00fcr\\u00fcnlerin helal oldu\\u011funu kan\\u0131tlar.   Di\\u011fer kurulu\\u015flarla ilgili olarak, g\\u00f6revlilerimiz onlar\\u0131n \\u00fcretimlerinde bulunmad\\u0131\\u011f\\u0131 i\\u00e7in sorunuzu yan\\u0131tlayam\\u0131yoruz. Bir \\u00fcr\\u00fcn\\u00fc helal olarak sertifikaland\\u0131rmak veya haram oldu\\u011funu s\\u00f6ylemek dini bir sorumluluk gerektirir, \\u00fcr\\u00fcn\\u00fcn kalitesini garanti edebilmek i\\u00e7in kesimden paketlemeye kadar orada bulunmak gerekir. Bu nedenle derne\\u011fimiz di\\u011fer kurulu\\u015flar i\\u00e7in garanti veremez.   Herhangi bir sertifikasyon kurulu\\u015funun i\\u015fareti bulunmayan \\u00fcr\\u00fcnlerle ilgili olarak, bunlardan ka\\u00e7\\u0131nman\\u0131z\\u0131 \\u015fiddetle tavsiye ederiz \\u00e7\\u00fcnk\\u00fc ne yaz\\u0131k ki \\u015fu anda Avrupa&#8217;da &#8220;helal&#8221; terimini koruyan hi\\u00e7bir yasa yoktur, bu nedenle bir\\u00e7ok \\u015firket sertifikas\\u0131z ve \\u015f\\u00fcpheli kaynakl\\u0131 \\u00fcr\\u00fcnlerde bu terimi kullanmaktad\\u0131r.\"}},{\"@type\":\"Question\",\"name\":\"AVS taraf\\u0131ndan referans verilen tedarik\\u00e7ilerden sat\\u0131n al\\u0131nabilir mi?\",\"acceptedAnswer\":{\"@type\":\"Answer\",\"text\":\"Baz\\u0131 ortaklar\\u0131m\\u0131zdan tedarik edilmesi, internet sayfalar\\u0131nda belirtildi\\u011fi gibi, tek ba\\u015f\\u0131na yeterli de\\u011fildir. Nitekim bu mezbahalar\\u0131n bir\\u00e7o\\u011fu yaln\\u0131zca helal kesim yapmamaktad\\u0131r ve bu nedenle teslimatta \\u00fcr\\u00fcnlerin ger\\u00e7ekten ajanlar\\u0131m\\u0131z taraf\\u0131ndan ayn\\u0131 mezbahalarda kesilen \\u00fcr\\u00fcnler olup olmad\\u0131\\u011f\\u0131n\\u0131, AVS logosunun varl\\u0131\\u011f\\u0131n\\u0131 kontrol ederek anlamak gerekir.\"}},{\"@type\":\"Question\",\"name\":\"\\u00cele-de-France, Lyon veya Saint-\\u00c9tienne d\\u0131\\u015f\\u0131nda AVS onay\\u0131 al\\u0131nabilir mi?\",\"acceptedAnswer\":{\"@type\":\"Answer\",\"text\":\"Ne yaz\\u0131k ki dernek \\u015fu anda sadece \\u00cele-de-France, Lyon ve Saint-\\u00c9tienne&#8217;deki kasap ve restoranlar\\u0131 denetlemektedir ve bu b\\u00f6lgeler d\\u0131\\u015f\\u0131ndaki i\\u015fletmeleri sertifikaland\\u0131ramamaktad\\u0131r.Dernek, \\u00f6nemli bir maliyet olu\\u015fturmas\\u0131na ra\\u011fmen denetimi \\u00fccretsiz olarak ger\\u00e7ekle\\u015ftirmektedir. Ayr\\u0131ca, bir kasap\\\/restoran denet\\u00e7isinin i\\u015fe al\\u0131m\\u0131 ve e\\u011fitimi karma\\u015f\\u0131k ve uzun bir s\\u00fcre\\u00e7tir. Denetimin kalitesini ve g\\u00fcvenilirli\\u011fini sa\\u011flamak i\\u00e7in denet\\u00e7ilerin tam zamanl\\u0131 pozisyonlarda istikrarl\\u0131 olmas\\u0131 gerekir, bu da ancak ayn\\u0131 b\\u00f6lgede birden fazla i\\u015fletmenin denetlenmesi gerekti\\u011finde makul olur.  Titiz bir denetimi s\\u00fcrd\\u00fcrmek i\\u00e7in denet\\u00e7ilerin b\\u00f6lgesel bir sorumlu taraf\\u0131ndan takip edilmesi de gereklidir. Bu g\\u00f6zetim kolayca merkezden uzakla\\u015ft\\u0131r\\u0131lamaz, bu da kapsam d\\u0131\\u015f\\u0131 b\\u00f6lgelerdeki t\\u00fcm taleplere cevap verme kapasitemizi s\\u0131n\\u0131rlar. Yine de, artan talebi kademeli olarak kar\\u015f\\u0131lamak i\\u00e7in yerel M\\u00fcsl\\u00fcman dernekleri ve g\\u00fcvenilir yerel i\\u015fletmelerle i\\u015fbirli\\u011fi yaparak AVS \\u00fcr\\u00fcnlerini di\\u011fer b\\u00f6lgelerde de kullan\\u0131ma sunmak i\\u00e7in \\u00e7al\\u0131\\u015f\\u0131yoruz.\"}}]}<\/script>\n\t\t\t\t\t\t\t<\/div>\n\t\t\t\t\t<\/div>\n\t\t\t\t<\/div>\n\t\t<div class=\"elementor-element elementor-element-1f805e3 e-flex e-con-boxed e-con e-parent\" data-id=\"1f805e3\" data-element_type=\"container\">\n\t\t\t\t\t<div class=\"e-con-inner\">\n\t\t\t\t<div class=\"elementor-element elementor-element-7182049 elementor-widget elementor-widget-html\" data-id=\"7182049\" data-element_type=\"widget\" data-widget_type=\"html.default\">\n\t\t\t\t\t<script>(function (w, d, s, o, f, js, fjs) {\n    w[\"botsonic_widget\"] = o;\n    w[o] =\n      w[o] ||\n      function () {\n        (w[o].q = w[o].q || []).push(arguments);\n      };\n    (js = d.createElement(s)), (fjs = d.getElementsByTagName(s)[0]);\n    js.id = o;\n    js.src = f;\n    js.async = 1;\n    fjs.parentNode.insertBefore(js, fjs);\n  })(window, document, \"script\", \"Botsonic\", \"https:\/\/widget.botsonic.com\/CDN\/botsonic.min.js\");\n  Botsonic(\"init\", {\n    serviceBaseUrl: \"https:\/\/api-bot.writesonic.com\",\n    token: \"0ccf6a55-bb1f-47a1-b9f6-d0f3c2ad836b\",\n  });\n<\/script>\t\t\t\t<\/div>\n\t\t\t\t\t<\/div>\n\t\t\t\t<\/div>\n\t\t\t\t<\/div>\n\t\t","protected":false},"excerpt":{"rendered":"<p>SSS S\u0131k\u00e7a Sorulan Sorular Bu marka helal mi? AVS yaln\u0131zca kendi sertifikaland\u0131rd\u0131\u011f\u0131 \u00fcr\u00fcnlerin helal kalitesini garanti edebilir. Temelinde, sertifikal\u0131 her \u00fcr\u00fcn i\u00e7in kesimden paketlemeye kadar denet\u00e7i g\u00f6revlilerin fiziksel varl\u0131\u011f\u0131 yatar. Bu nedenle, g\u00f6revlilerimizin varl\u0131\u011f\u0131 olmadan hi\u00e7bir sertifika vermiyoruz. Onlar\u0131n sahada s\u00fcrekli ve kesintisiz varl\u0131\u011f\u0131, \u00fcr\u00fcnlerin helal oldu\u011funu kan\u0131tlar. Di\u011fer kurulu\u015flarla ilgili olarak, g\u00f6revlilerimiz onlar\u0131n \u00fcretimlerinde [&hellip;]<\/p>\n","protected":false},"author":1,"featured_media":0,"parent":0,"menu_order":0,"comment_status":"closed","ping_status":"closed","template":"","meta":{"footnotes":""},"class_list":["post-1719","page","type-page","status-publish","hentry"],"yoast_head":"<!-- This site is optimized with the Yoast SEO plugin v26.5 - https:\/\/yoast.com\/wordpress\/plugins\/seo\/ -->\n<title>AVS - Le halal en toute confiance<\/title>\n<meta name=\"description\" content=\"1991&#039;den beri AVS derne\u011fi, Fransa&#039;da helal sertifikasyonu konusunda uzmanla\u015fm\u0131\u015ft\u0131r. \u0130slami usullere uygun titiz denetim.\" \/>\n<meta name=\"robots\" content=\"index, follow, max-snippet:-1, max-image-preview:large, max-video-preview:-1\" \/>\n<link rel=\"canonical\" href=\"https:\/\/avs.fr\/tr\/sss\/\" \/>\n<meta property=\"og:locale\" content=\"tr_TR\" \/>\n<meta property=\"og:type\" content=\"article\" \/>\n<meta property=\"og:title\" content=\"AVS - Le halal en toute confiance\" \/>\n<meta property=\"og:description\" content=\"1991&#039;den beri AVS derne\u011fi, Fransa&#039;da helal sertifikasyonu konusunda uzmanla\u015fm\u0131\u015ft\u0131r. \u0130slami usullere uygun titiz denetim.\" \/>\n<meta property=\"og:url\" content=\"https:\/\/avs.fr\/tr\/sss\/\" \/>\n<meta property=\"og:site_name\" content=\"AVS\" \/>\n<meta property=\"article:modified_time\" content=\"2025-12-27T05:35:23+00:00\" \/>\n<meta property=\"og:image\" content=\"https:\/\/avs.fr\/wp-content\/uploads\/2025\/08\/quesiton.png\" \/>\n\t<meta property=\"og:image:width\" content=\"500\" \/>\n\t<meta property=\"og:image:height\" content=\"446\" \/>\n\t<meta property=\"og:image:type\" content=\"image\/png\" \/>\n<meta name=\"twitter:card\" content=\"summary_large_image\" \/>\n<meta name=\"twitter:label1\" content=\"Tahmini okuma s\u00fcresi\" \/>\n\t<meta name=\"twitter:data1\" content=\"4 dakika\" \/>\n<script type=\"application\/ld+json\" class=\"yoast-schema-graph\">{\"@context\":\"https:\/\/schema.org\",\"@graph\":[{\"@type\":\"WebPage\",\"@id\":\"https:\/\/avs.fr\/tr\/sss\/\",\"url\":\"https:\/\/avs.fr\/tr\/sss\/\",\"name\":\"AVS - Le halal en toute confiance\",\"isPartOf\":{\"@id\":\"https:\/\/avs.fr\/#website\"},\"primaryImageOfPage\":{\"@id\":\"https:\/\/avs.fr\/tr\/sss\/#primaryimage\"},\"image\":{\"@id\":\"https:\/\/avs.fr\/tr\/sss\/#primaryimage\"},\"thumbnailUrl\":\"https:\/\/avs.fr\/wp-content\/uploads\/2025\/08\/quesiton.png\",\"datePublished\":\"2025-10-22T03:49:48+00:00\",\"dateModified\":\"2025-12-27T05:35:23+00:00\",\"description\":\"1991'den beri AVS derne\u011fi, Fransa'da helal sertifikasyonu konusunda uzmanla\u015fm\u0131\u015ft\u0131r. \u0130slami usullere uygun titiz denetim.\",\"breadcrumb\":{\"@id\":\"https:\/\/avs.fr\/tr\/sss\/#breadcrumb\"},\"inLanguage\":\"tr\",\"potentialAction\":[{\"@type\":\"ReadAction\",\"target\":[\"https:\/\/avs.fr\/tr\/sss\/\"]}]},{\"@type\":\"ImageObject\",\"inLanguage\":\"tr\",\"@id\":\"https:\/\/avs.fr\/tr\/sss\/#primaryimage\",\"url\":\"https:\/\/avs.fr\/wp-content\/uploads\/2025\/08\/quesiton.png\",\"contentUrl\":\"https:\/\/avs.fr\/wp-content\/uploads\/2025\/08\/quesiton.png\"},{\"@type\":\"BreadcrumbList\",\"@id\":\"https:\/\/avs.fr\/tr\/sss\/#breadcrumb\",\"itemListElement\":[{\"@type\":\"ListItem\",\"position\":1,\"name\":\"Accueil\",\"item\":\"https:\/\/avs.fr\/tr\/ana-sayfa\/\"},{\"@type\":\"ListItem\",\"position\":2,\"name\":\"SSS\"}]},{\"@type\":\"WebSite\",\"@id\":\"https:\/\/avs.fr\/#website\",\"url\":\"https:\/\/avs.fr\/\",\"name\":\"AVS\",\"description\":\"Le halal en toute confiance\",\"publisher\":{\"@id\":\"https:\/\/avs.fr\/#organization\"},\"potentialAction\":[{\"@type\":\"SearchAction\",\"target\":{\"@type\":\"EntryPoint\",\"urlTemplate\":\"https:\/\/avs.fr\/?s={search_term_string}\"},\"query-input\":{\"@type\":\"PropertyValueSpecification\",\"valueRequired\":true,\"valueName\":\"search_term_string\"}}],\"inLanguage\":\"tr\"},{\"@type\":\"Organization\",\"@id\":\"https:\/\/avs.fr\/#organization\",\"name\":\"AVS\",\"url\":\"https:\/\/avs.fr\/\",\"logo\":{\"@type\":\"ImageObject\",\"inLanguage\":\"tr\",\"@id\":\"https:\/\/avs.fr\/#\/schema\/logo\/image\/\",\"url\":\"https:\/\/avs.fr\/wp-content\/uploads\/2025\/08\/logo-avs.png\",\"contentUrl\":\"https:\/\/avs.fr\/wp-content\/uploads\/2025\/08\/logo-avs.png\",\"width\":317,\"height\":306,\"caption\":\"AVS\"},\"image\":{\"@id\":\"https:\/\/avs.fr\/#\/schema\/logo\/image\/\"}}]}<\/script>\n<!-- \/ Yoast SEO plugin. -->","yoast_head_json":{"title":"AVS - Le halal en toute confiance","description":"1991'den beri AVS derne\u011fi, Fransa'da helal sertifikasyonu konusunda uzmanla\u015fm\u0131\u015ft\u0131r. \u0130slami usullere uygun titiz denetim.","robots":{"index":"index","follow":"follow","max-snippet":"max-snippet:-1","max-image-preview":"max-image-preview:large","max-video-preview":"max-video-preview:-1"},"canonical":"https:\/\/avs.fr\/tr\/sss\/","og_locale":"tr_TR","og_type":"article","og_title":"AVS - Le halal en toute confiance","og_description":"1991'den beri AVS derne\u011fi, Fransa'da helal sertifikasyonu konusunda uzmanla\u015fm\u0131\u015ft\u0131r. \u0130slami usullere uygun titiz denetim.","og_url":"https:\/\/avs.fr\/tr\/sss\/","og_site_name":"AVS","article_modified_time":"2025-12-27T05:35:23+00:00","og_image":[{"width":500,"height":446,"url":"https:\/\/avs.fr\/wp-content\/uploads\/2025\/08\/quesiton.png","type":"image\/png"}],"twitter_card":"summary_large_image","twitter_misc":{"Tahmini okuma s\u00fcresi":"4 dakika"},"schema":{"@context":"https:\/\/schema.org","@graph":[{"@type":"WebPage","@id":"https:\/\/avs.fr\/tr\/sss\/","url":"https:\/\/avs.fr\/tr\/sss\/","name":"AVS - Le halal en toute confiance","isPartOf":{"@id":"https:\/\/avs.fr\/#website"},"primaryImageOfPage":{"@id":"https:\/\/avs.fr\/tr\/sss\/#primaryimage"},"image":{"@id":"https:\/\/avs.fr\/tr\/sss\/#primaryimage"},"thumbnailUrl":"https:\/\/avs.fr\/wp-content\/uploads\/2025\/08\/quesiton.png","datePublished":"2025-10-22T03:49:48+00:00","dateModified":"2025-12-27T05:35:23+00:00","description":"1991'den beri AVS derne\u011fi, Fransa'da helal sertifikasyonu konusunda uzmanla\u015fm\u0131\u015ft\u0131r. \u0130slami usullere uygun titiz denetim.","breadcrumb":{"@id":"https:\/\/avs.fr\/tr\/sss\/#breadcrumb"},"inLanguage":"tr","potentialAction":[{"@type":"ReadAction","target":["https:\/\/avs.fr\/tr\/sss\/"]}]},{"@type":"ImageObject","inLanguage":"tr","@id":"https:\/\/avs.fr\/tr\/sss\/#primaryimage","url":"https:\/\/avs.fr\/wp-content\/uploads\/2025\/08\/quesiton.png","contentUrl":"https:\/\/avs.fr\/wp-content\/uploads\/2025\/08\/quesiton.png"},{"@type":"BreadcrumbList","@id":"https:\/\/avs.fr\/tr\/sss\/#breadcrumb","itemListElement":[{"@type":"ListItem","position":1,"name":"Accueil","item":"https:\/\/avs.fr\/tr\/ana-sayfa\/"},{"@type":"ListItem","position":2,"name":"SSS"}]},{"@type":"WebSite","@id":"https:\/\/avs.fr\/#website","url":"https:\/\/avs.fr\/","name":"AVS","description":"Le halal en toute confiance","publisher":{"@id":"https:\/\/avs.fr\/#organization"},"potentialAction":[{"@type":"SearchAction","target":{"@type":"EntryPoint","urlTemplate":"https:\/\/avs.fr\/?s={search_term_string}"},"query-input":{"@type":"PropertyValueSpecification","valueRequired":true,"valueName":"search_term_string"}}],"inLanguage":"tr"},{"@type":"Organization","@id":"https:\/\/avs.fr\/#organization","name":"AVS","url":"https:\/\/avs.fr\/","logo":{"@type":"ImageObject","inLanguage":"tr","@id":"https:\/\/avs.fr\/#\/schema\/logo\/image\/","url":"https:\/\/avs.fr\/wp-content\/uploads\/2025\/08\/logo-avs.png","contentUrl":"https:\/\/avs.fr\/wp-content\/uploads\/2025\/08\/logo-avs.png","width":317,"height":306,"caption":"AVS"},"image":{"@id":"https:\/\/avs.fr\/#\/schema\/logo\/image\/"}}]}},"_links":{"self":[{"href":"https:\/\/avs.fr\/tr\/wp-json\/wp\/v2\/pages\/1719","targetHints":{"allow":["GET"]}}],"collection":[{"href":"https:\/\/avs.fr\/tr\/wp-json\/wp\/v2\/pages"}],"about":[{"href":"https:\/\/avs.fr\/tr\/wp-json\/wp\/v2\/types\/page"}],"author":[{"embeddable":true,"href":"https:\/\/avs.fr\/tr\/wp-json\/wp\/v2\/users\/1"}],"replies":[{"embeddable":true,"href":"https:\/\/avs.fr\/tr\/wp-json\/wp\/v2\/comments?post=1719"}],"version-history":[{"count":1,"href":"https:\/\/avs.fr\/tr\/wp-json\/wp\/v2\/pages\/1719\/revisions"}],"predecessor-version":[{"id":1721,"href":"https:\/\/avs.fr\/tr\/wp-json\/wp\/v2\/pages\/1719\/revisions\/1721"}],"wp:attachment":[{"href":"https:\/\/avs.fr\/tr\/wp-json\/wp\/v2\/media?parent=1719"}],"curies":[{"name":"wp","href":"https:\/\/api.w.org\/{rel}","templated":true}]}}